{"id":10047,"date":"2025-06-30T15:16:30","date_gmt":"2025-06-30T13:16:30","guid":{"rendered":"https:\/\/www.schaukaeserei.ch\/?page_id=10047"},"modified":"2025-11-25T17:15:36","modified_gmt":"2025-11-25T16:15:36","slug":"weihnachtsessen","status":"publish","type":"page","link":"https:\/\/www.schaukaeserei.ch\/de\/restaurant\/weihnachtsessen\/","title":{"rendered":"W\u00fcrzige Weihnachtsessen"},"content":{"rendered":"<div class=\"wpb-content-wrapper\"><p>[vc_row row_height_percent=&#8220;0&#8243; override_padding=&#8220;yes&#8220; h_padding=&#8220;2&#8243; top_padding=&#8220;3&#8243; bottom_padding=&#8220;3&#8243; overlay_alpha=&#8220;50&#8243; gutter_size=&#8220;3&#8243; column_width_percent=&#8220;100&#8243; shift_y=&#8220;0&#8243; z_index=&#8220;0&#8243; content_parallax=&#8220;0&#8243; uncode_shortcode_id=&#8220;181002&#8243; el_class=&#8220;hide&#8220;][vc_column width=&#8220;1\/1&#8243;][vc_column_text text_lead=&#8220;yes&#8220; uncode_shortcode_id=&#8220;634251&#8243;]<\/p>\n<h2><strong>W\u00fcrzige Weihnachtsanl\u00e4sse in der Appenzeller<sup>\u00ae<\/sup> Schauk\u00e4serei<\/strong><\/h2>\n<p>Planen Sie Ihren Event mit uns.[\/vc_column_text][\/vc_column][\/vc_row][vc_row unlock_row_content=&#8220;yes&#8220; row_height_percent=&#8220;0&#8243; override_padding=&#8220;yes&#8220; h_padding=&#8220;0&#8243; top_padding=&#8220;0&#8243; bottom_padding=&#8220;0&#8243; overlay_alpha=&#8220;50&#8243; equal_height=&#8220;yes&#8220; gutter_size=&#8220;0&#8243; column_width_percent=&#8220;100&#8243; shift_y=&#8220;0&#8243; z_index=&#8220;0&#8243; enable_bottom_divider=&#8220;custom&#8220; shape_bottom_custom=&#8220;174&#8243; shape_bottom_flip=&#8220;yes&#8220; shape_bottom_h_use_pixel=&#8220;&#8220; shape_bottom_height=&#8220;100&#8243; shape_bottom_color=&#8220;color-xsdn&#8220; shape_bottom_opacity=&#8220;100&#8243; shape_bottom_index=&#8220;2&#8243; inverted_device_order=&#8220;yes&#8220; row_name=&#8220;seminare&#8220;][vc_column column_width_percent=&#8220;100&#8243; gutter_size=&#8220;3&#8243; overlay_alpha=&#8220;50&#8243; shift_x=&#8220;0&#8243; shift_y=&#8220;0&#8243; shift_y_down=&#8220;0&#8243; z_index=&#8220;0&#8243; medium_width=&#8220;0&#8243; mobile_width=&#8220;0&#8243; width=&#8220;1\/2&#8243; uncode_shortcode_id=&#8220;108973&#8243;][vc_gallery el_id=&#8220;gallery-148466&#8243; type=&#8220;carousel&#8220; medias=&#8220;10186,10183,10189,10118&#8243; carousel_lg=&#8220;1&#8243; carousel_md=&#8220;1&#8243; carousel_sm=&#8220;1&#8243; thumb_size=&#8220;four-three&#8220; gutter_size=&#8220;3&#8243; media_items=&#8220;media|nolink|original&#8220; carousel_interval=&#8220;3000&#8243; carousel_navspeed=&#8220;400&#8243; carousel_loop=&#8220;yes&#8220; carousel_nav=&#8220;yes&#8220; carousel_nav_mobile=&#8220;yes&#8220; stage_padding=&#8220;0&#8243; single_overlay_opacity=&#8220;1&#8243; single_overlay_anim=&#8220;no&#8220; single_image_anim=&#8220;no&#8220; single_padding=&#8220;2&#8243; single_border=&#8220;yes&#8220; uncode_shortcode_id=&#8220;770747&#8243;][\/vc_column][vc_column column_width_percent=&#8220;100&#8243; position_vertical=&#8220;middle&#8220; gutter_size=&#8220;3&#8243; override_padding=&#8220;yes&#8220; column_padding=&#8220;5&#8243; style=&#8220;dark&#8220; back_image=&#8220;142&#8243; overlay_alpha=&#8220;50&#8243; shift_x=&#8220;0&#8243; shift_y=&#8220;0&#8243; shift_y_down=&#8220;0&#8243; z_index=&#8220;0&#8243; medium_width=&#8220;0&#8243; mobile_width=&#8220;0&#8243; width=&#8220;1\/2&#8243; el_class=&#8220;textColRight&#8220; uncode_shortcode_id=&#8220;135730&#8243;][vc_column_text el_class=&#8220;textbox_01&#8243; uncode_shortcode_id=&#8220;868283&#8243;]<\/p>\n<h5>STIMMUNGSVOLL FEIERN<\/h5>\n<h2>W\u00fcrzige Weihnachtsessen<\/h2>\n<p>In unserem Restaurant geniessen Gruppen stimmungsvolle Weihnachtsessen.[\/vc_column_text][\/vc_column][\/vc_row][vc_row row_height_percent=&#8220;0&#8243; override_padding=&#8220;yes&#8220; h_padding=&#8220;2&#8243; top_padding=&#8220;0&#8243; bottom_padding=&#8220;2&#8243; overlay_alpha=&#8220;50&#8243; gutter_size=&#8220;3&#8243; column_width_percent=&#8220;100&#8243; shift_y=&#8220;0&#8243; z_index=&#8220;2&#8243;][vc_column width=&#8220;1\/1&#8243;][vc_column_text uncode_shortcode_id=&#8220;214469&#8243;]<\/p>\n<h3><span class=\"font-710837\">Ihr stimmungsvoller Weihnachtsanlass oder Teamevent im Herzen des Appenzellerlands<\/span><\/h3>\n<p><span class=\"font-710837\">Verbringen Sie unvergessliche Stunden beim w\u00fcrzigsten K\u00e4se der Schweiz! Ob ein klassischer Fondue-Plausch in unserer gem\u00fctlichen Stube oder ein festliches Men\u00fc mit regionalen Spezialit\u00e4ten \u2013 wir machen Ihren Anlass einzigartig.&nbsp;<\/span><\/p>\n<p><span class=\"font-710837\"><strong>Termine f\u00fcr 2025 bereits ausgebucht. Noch verf\u00fcgbare Termine 2026<\/strong><\/span><\/p>\n<ul>\n<li><span class=\"font-710837\">Sa.&nbsp; 3. Januar 2026<\/span><\/li>\n<li><span class=\"font-710837\">Mo. 5. Januar 2026<\/span><\/li>\n<li><span class=\"font-710837\">Di.&nbsp; 6. Januar 2026<\/span><\/li>\n<li><span class=\"font-710837\">Fr. 16. Januar 2026<\/span><\/li>\n<\/ul>\n<p><span class=\"font-710837\">Die gem\u00fctliche Stube <strong data-start=\"179\" data-end=\"191\">\u201eH\u00f6ckli\u201c<\/strong> bietet Platz f\u00fcr bis zu 40 Personen, das charmante <strong data-start=\"243\" data-end=\"254\">\u201eKessi\u201c<\/strong> eignet sich ideal f\u00fcr Gruppen bis 20 Personen \u2013 ideal f\u00fcr <strong>gesellige Runden im kleinen Rahmen.<\/strong><\/span><\/p>\n<p><span class=\"font-710837\">F\u00fcr <strong>Gruppen ab 25 Personen<\/strong> \u00f6ffnen wir unsere T\u00fcren gerne auch an<strong data-start=\"506\" data-end=\"533\"> zus\u00e4tzlichen Abenden<\/strong> \u2013 ganz nach Ihren W\u00fcnschen.<\/span><br \/>\n<span class=\"font-710837\"><strong><a href=\"https:\/\/www.schaukaeserei.ch\/de\/virtuelle-rundgaenge\/\">Hier <\/a><\/strong>werfen Sie einen virtuellen Blick in unsere R\u00e4ume und lassen Sie sich inspirieren.<\/span><\/p>\n<p><span class=\"font-710837\"><strong>Unser Geheimtipp:<\/strong> Kombinieren Sie Ihr Weihnachtsessen mit einem w\u00fcrzigen Ap\u00e9ro in unserem winterlich dekorierten Garten.&nbsp;<\/span><\/p>\n<p><strong><span class=\"font-710837\">Planen Sie Ihr Event mit uns und lassen Sie sich beraten!<\/span><\/strong>[\/vc_column_text][vc_button button_color=&#8220;accent&#8220; size=&#8220;btn-lg&#8220; radius=&#8220;btn-square&#8220; border_width=&#8220;0&#8243; link=&#8220;url:https%3A%2F%2Fwww.schaukaeserei.ch%2Fde%2Fanmeldeformular%2F%3Ffoo%3DWeihnachtsessen|title:Schauk%C3%A4serei|target:_blank&#8220; button_color_type=&#8220;uncode-palette&#8220; uncode_shortcode_id=&#8220;115589&#8243;]zur Anmeldung[\/vc_button][vc_empty_space empty_h=&#8220;2&#8243;][\/vc_column][\/vc_row][vc_row unlock_row_content=&#8220;yes&#8220; row_height_percent=&#8220;0&#8243; override_padding=&#8220;yes&#8220; h_padding=&#8220;0&#8243; top_padding=&#8220;0&#8243; bottom_padding=&#8220;0&#8243; overlay_alpha=&#8220;50&#8243; equal_height=&#8220;yes&#8220; gutter_size=&#8220;0&#8243; column_width_percent=&#8220;100&#8243; shift_y=&#8220;0&#8243; z_index=&#8220;0&#8243; enable_bottom_divider=&#8220;custom&#8220; shape_bottom_custom=&#8220;174&#8243; shape_bottom_flip=&#8220;yes&#8220; shape_bottom_h_use_pixel=&#8220;&#8220; shape_bottom_height=&#8220;100&#8243; shape_bottom_color=&#8220;color-xsdn&#8220; shape_bottom_opacity=&#8220;100&#8243; shape_bottom_index=&#8220;2&#8243; inverted_device_order=&#8220;yes&#8220; row_name=&#8220;seminare&#8220;][vc_column column_width_percent=&#8220;100&#8243; gutter_size=&#8220;3&#8243; overlay_alpha=&#8220;50&#8243; shift_x=&#8220;0&#8243; shift_y=&#8220;0&#8243; shift_y_down=&#8220;0&#8243; z_index=&#8220;0&#8243; medium_width=&#8220;0&#8243; mobile_width=&#8220;0&#8243; width=&#8220;1\/2&#8243; uncode_shortcode_id=&#8220;108973&#8243;][vc_gallery el_id=&#8220;gallery-222&#8243; type=&#8220;carousel&#8220; medias=&#8220;10210,10131,10121&#8243; carousel_lg=&#8220;1&#8243; carousel_md=&#8220;1&#8243; carousel_sm=&#8220;1&#8243; thumb_size=&#8220;five-four&#8220; gutter_size=&#8220;3&#8243; media_items=&#8220;media|nolink|original&#8220; carousel_interval=&#8220;3000&#8243; carousel_navspeed=&#8220;400&#8243; carousel_loop=&#8220;yes&#8220; carousel_nav=&#8220;yes&#8220; carousel_nav_mobile=&#8220;yes&#8220; stage_padding=&#8220;0&#8243; single_overlay_opacity=&#8220;1&#8243; single_overlay_anim=&#8220;no&#8220; single_image_anim=&#8220;no&#8220; single_padding=&#8220;2&#8243; single_border=&#8220;yes&#8220; uncode_shortcode_id=&#8220;100558&#8243;][\/vc_column][vc_column column_width_percent=&#8220;100&#8243; position_vertical=&#8220;middle&#8220; gutter_size=&#8220;3&#8243; override_padding=&#8220;yes&#8220; column_padding=&#8220;5&#8243; style=&#8220;dark&#8220; back_image=&#8220;142&#8243; overlay_alpha=&#8220;50&#8243; shift_x=&#8220;0&#8243; shift_y=&#8220;0&#8243; shift_y_down=&#8220;0&#8243; z_index=&#8220;0&#8243; medium_width=&#8220;0&#8243; mobile_width=&#8220;0&#8243; width=&#8220;1\/2&#8243; el_class=&#8220;textColRight&#8220;][vc_column_text el_class=&#8220;textbox_01&#8243; uncode_shortcode_id=&#8220;543802&#8243;]<\/p>\n<h5>WEIHNACHTSAP\u00c9RO<\/h5>\n<h2>W\u00fcrzige Weihnachtsf\u00fchrung mit Ap\u00e9ro<\/h2>\n<p>Finden Sie heraus, wie der w\u00fcrzigste K\u00e4se der Schweiz hergestellt wird, kosten Sie sich durchs Sortiment des Appenzeller\u00ae K\u00e4ses und schl\u00fcrfen Sie einen Gl\u00fchwein in unserem winterlichen Garten.[\/vc_column_text][uncode_block id=&#8220;1542&#8243; inside_column=&#8220;yes&#8220;][\/vc_column][\/vc_row][vc_row row_height_percent=&#8220;0&#8243; override_padding=&#8220;yes&#8220; h_padding=&#8220;2&#8243; top_padding=&#8220;0&#8243; bottom_padding=&#8220;2&#8243; overlay_alpha=&#8220;50&#8243; gutter_size=&#8220;3&#8243; column_width_percent=&#8220;100&#8243; shift_y=&#8220;0&#8243; z_index=&#8220;2&#8243;][vc_column width=&#8220;1\/1&#8243;][vc_column_text uncode_shortcode_id=&#8220;152267&#8243;]<\/p>\n<h3><span class=\"font-710837\"><strong>Ihr Weihnachtsanlass ist bereits geplant \u2013 aber es fehlt noch das gewisse Etwas?<\/strong><\/span><\/h3>\n<p><span class=\"font-710837\">Kombinieren Sie Ihre Feier mit einer spannenden\u00a0<strong data-start=\"1324\" data-end=\"1356\">F\u00fchrung durch unsere K\u00e4serei und\u00a0 kosten sich durch das gesamte Sortiment des Appenzeller\u00ae K\u00e4ses<\/strong>. Im winterlichen Garten geniessen Sie den Ap\u00e9ro an w\u00e4rmenden Feuerschalen<strong>\u00a0mit Gl\u00fchwein oder Gl\u00fchmost<\/strong>. Auf Wunsch servieren wir Ihnen feine Ap\u00e9roplatten oder organisieren eine kleine Fondue-Degustation an unserer Fondues\u00e4ule bei Feuerschein.<\/span><\/p>\n<ul>\n<li><span class=\"font-710837\">F<\/span><span class=\"font-710837\">\u00fchrung: 16.30-17.30 Uhr<\/span><\/li>\n<li><span class=\"font-710837\">Ap\u00e9ro:\u00a0 \u00a0 \u00a0 17.30-18.30 Uhr<\/span><\/li>\n<\/ul>\n<p><span class=\"font-710837\">Von Montag bis Freitag buchbar.\u00a0<\/span>[\/vc_column_text][vc_button button_color=&#8220;accent&#8220; size=&#8220;btn-lg&#8220; radius=&#8220;btn-square&#8220; border_width=&#8220;0&#8243; link=&#8220;url:https%3A%2F%2Fwww.schaukaeserei.ch%2Fde%2Fanmeldeformular%2F%3Ffoo%3DWeihnachtsap%25C3%25A9ro|title:Schauk%C3%A4serei&#8220; button_color_type=&#8220;uncode-palette&#8220; uncode_shortcode_id=&#8220;435823&#8243;]Zur Anmeldung[\/vc_button][vc_empty_space empty_h=&#8220;2&#8243;][\/vc_column][\/vc_row][vc_row unlock_row_content=&#8220;yes&#8220; row_height_percent=&#8220;0&#8243; override_padding=&#8220;yes&#8220; h_padding=&#8220;0&#8243; top_padding=&#8220;0&#8243; bottom_padding=&#8220;0&#8243; overlay_alpha=&#8220;50&#8243; equal_height=&#8220;yes&#8220; gutter_size=&#8220;0&#8243; column_width_percent=&#8220;100&#8243; shift_y=&#8220;0&#8243; z_index=&#8220;0&#8243; inverted_device_order=&#8220;yes&#8220; row_name=&#8220;weihnachtsessen&#8220; uncode_shortcode_id=&#8220;203912&#8243;][vc_column column_width_percent=&#8220;100&#8243; gutter_size=&#8220;3&#8243; override_padding=&#8220;yes&#8220; column_padding=&#8220;5&#8243; style=&#8220;dark&#8220; back_image=&#8220;142&#8243; overlay_alpha=&#8220;50&#8243; shift_x=&#8220;0&#8243; shift_y=&#8220;0&#8243; shift_y_down=&#8220;0&#8243; z_index=&#8220;0&#8243; medium_width=&#8220;0&#8243; mobile_width=&#8220;0&#8243; width=&#8220;1\/2&#8243; el_class=&#8220;textColLeft&#8220;][vc_column_text el_class=&#8220;textbox_01&#8243; uncode_shortcode_id=&#8220;163410&#8243;]<\/p>\n<h5>GESCH\u00c4FTSPARTNER &amp; MITARBEITENDE<\/h5>\n<h2>W\u00fcrzige Geschenke<\/h2>\n<p>\u00dcberraschen Sie Ihre Gesch\u00e4ftspartner, Kunden oder Mitarbeitenden mit einer liebevoll zusammengestellten Geschenkpackung aus Appenzeller\u00ae K\u00e4se und regionalen Spezialit\u00e4ten.<\/p>\n<p>Auf Wunsch mit Ihrem Firmenlogo oder in individuellem Design vom personalisierten K\u00e4sest\u00fcck bis zur gravierten K\u00e4selaib-Box.<\/p>\n<p data-start=\"422\" data-end=\"467\"><strong data-start=\"422\" data-end=\"467\">Jetzt vorbestellen und fr\u00fchzeitig planen!<\/strong><\/p>\n<p>Wir freuen uns \u00fcber Ihre Kontaktaufnahme: <a href=\"mailto:info@schaukaeserei.ch\">info@schaukaeserei.ch<\/a>[\/vc_column_text][vc_button button_color=&#8220;accent&#8220; size=&#8220;btn-lg&#8220; radius=&#8220;btn-square&#8220; border_width=&#8220;1&#8243; link=&#8220;url:https%3A%2F%2Fwww.schaukaeserei.ch%2Fde%2Fgeschenkpackungen-e-shop%2F|title:Weihnachtsempfehlungen|target:_blank&#8220; button_color_type=&#8220;uncode-palette&#8220; uncode_shortcode_id=&#8220;389893&#8243;]Zum Onlineshop[\/vc_button][vc_button button_color=&#8220;accent&#8220; size=&#8220;btn-lg&#8220; radius=&#8220;btn-square&#8220; border_width=&#8220;0&#8243; link=&#8220;url:https%3A%2F%2Fwww.youtube.com%2Fwatch%3Fv%3DAg7P_Omw1M8|title:Spot%20Weihnachtsessen|target:_blank&#8220; button_color_type=&#8220;uncode-palette&#8220; uncode_shortcode_id=&#8220;113360&#8243; el_class=&#8220;hide&#8220;]Kommen Sie auf den Geschmack[\/vc_button][\/vc_column][vc_column column_width_percent=&#8220;100&#8243; gutter_size=&#8220;3&#8243; overlay_alpha=&#8220;50&#8243; shift_x=&#8220;0&#8243; shift_y=&#8220;0&#8243; shift_y_down=&#8220;0&#8243; z_index=&#8220;0&#8243; medium_width=&#8220;0&#8243; mobile_width=&#8220;0&#8243; width=&#8220;1\/2&#8243; uncode_shortcode_id=&#8220;909585&#8243;][vc_gallery el_id=&#8220;gallery-345&#8243; type=&#8220;carousel&#8220; medias=&#8220;10151,10221,10157,10215,10218,10227&#8243; carousel_lg=&#8220;1&#8243; carousel_md=&#8220;1&#8243; carousel_sm=&#8220;1&#8243; thumb_size=&#8220;four-five&#8220; gutter_size=&#8220;0&#8243; media_items=&#8220;media|nolink|original&#8220; carousel_interval=&#8220;3000&#8243; carousel_navspeed=&#8220;400&#8243; carousel_loop=&#8220;yes&#8220; carousel_nav=&#8220;yes&#8220; carousel_nav_mobile=&#8220;yes&#8220; stage_padding=&#8220;0&#8243; single_overlay_opacity=&#8220;1&#8243; single_overlay_anim=&#8220;no&#8220; single_image_anim=&#8220;no&#8220; single_padding=&#8220;2&#8243; single_border=&#8220;yes&#8220; uncode_shortcode_id=&#8220;151490&#8243;][\/vc_column][\/vc_row][vc_row][vc_column width=&#8220;1\/1&#8243;][uncode_block id=&#8220;3964&#8243;][\/vc_column][\/vc_row]<\/p>\n<\/div>","protected":false},"excerpt":{"rendered":"<p>[vc_row row_height_percent=&#8220;0&#8243; override_padding=&#8220;yes&#8220; h_padding=&#8220;2&#8243; top_padding=&#8220;3&#8243; bottom_padding=&#8220;3&#8243; overlay_alpha=&#8220;50&#8243; gutter_size=&#8220;3&#8243; column_width_percent=&#8220;100&#8243; shift_y=&#8220;0&#8243; z_index=&#8220;0&#8243; content_parallax=&#8220;0&#8243; uncode_shortcode_id=&#8220;181002&#8243; el_class=&#8220;hide&#8220;][vc_column width=&#8220;1\/1&#8243;][vc_column_text text_lead=&#8220;yes&#8220; uncode_shortcode_id=&#8220;634251&#8243;] W\u00fcrzige Weihnachtsanl\u00e4sse in [&hellip;]<\/p>\n","protected":false},"author":3,"featured_media":0,"parent":383,"menu_order":69,"comment_status":"closed","ping_status":"closed","template":"","meta":{"footnotes":"","_links_to":"","_links_to_target":""},"class_list":["post-10047","page","type-page","status-publish","hentry"],"yoast_head":"<!-- This site is optimized with the Yoast SEO plugin v27.4 - https:\/\/yoast.com\/product\/yoast-seo-wordpress\/ -->\n<title>W\u00fcrzige Weihnachtsessen &#8211; Appenzeller Schauk\u00e4serei<\/title>\n<meta name=\"description\" content=\"Ob Seminare, Sitzungen, Gruppenerlebnisse oder ein Familienausflug. Die R\u00e4umlichkeiten der Appenzeller Schauk\u00e4serei bietet f\u00fcr jeden etwas.\" \/>\n<meta name=\"robots\" content=\"index, follow, max-snippet:-1, max-image-preview:large, max-video-preview:-1\" \/>\n<link rel=\"canonical\" href=\"https:\/\/www.schaukaeserei.ch\/de\/restaurant\/weihnachtsessen\/\" \/>\n<meta property=\"og:locale\" content=\"de_DE\" \/>\n<meta property=\"og:type\" content=\"article\" \/>\n<meta property=\"og:title\" content=\"W\u00fcrzige Weihnachtsessen &#8211; Appenzeller Schauk\u00e4serei\" \/>\n<meta property=\"og:description\" content=\"Ob Seminare, Sitzungen, Gruppenerlebnisse oder ein Familienausflug. Die R\u00e4umlichkeiten der Appenzeller Schauk\u00e4serei bietet f\u00fcr jeden etwas.\" \/>\n<meta property=\"og:url\" content=\"https:\/\/www.schaukaeserei.ch\/de\/restaurant\/weihnachtsessen\/\" \/>\n<meta property=\"og:site_name\" content=\"Appenzeller Schauk\u00e4serei\" \/>\n<meta property=\"article:modified_time\" content=\"2025-11-25T16:15:36+00:00\" \/>\n<meta property=\"og:image\" content=\"https:\/\/www.schaukaeserei.ch\/wp-content\/uploads\/2021\/04\/logo_appenzeller_schaukaeserei@2x.png\" \/>\n\t<meta property=\"og:image:width\" content=\"610\" \/>\n\t<meta property=\"og:image:height\" content=\"202\" \/>\n\t<meta property=\"og:image:type\" content=\"image\/png\" \/>\n<meta name=\"twitter:card\" content=\"summary_large_image\" \/>\n<meta name=\"twitter:label1\" content=\"Gesch\u00e4tzte Lesezeit\" \/>\n\t<meta name=\"twitter:data1\" content=\"4\u00a0Minuten\" \/>\n<script type=\"application\/ld+json\" class=\"yoast-schema-graph\">{\"@context\":\"https:\\\/\\\/schema.org\",\"@graph\":[{\"@type\":\"WebPage\",\"@id\":\"https:\\\/\\\/www.schaukaeserei.ch\\\/de\\\/restaurant\\\/weihnachtsessen\\\/\",\"url\":\"https:\\\/\\\/www.schaukaeserei.ch\\\/de\\\/restaurant\\\/weihnachtsessen\\\/\",\"name\":\"W\u00fcrzige Weihnachtsessen &#8211; Appenzeller Schauk\u00e4serei\",\"isPartOf\":{\"@id\":\"https:\\\/\\\/www.schaukaeserei.ch\\\/de\\\/#website\"},\"datePublished\":\"2025-06-30T13:16:30+00:00\",\"dateModified\":\"2025-11-25T16:15:36+00:00\",\"description\":\"Ob Seminare, Sitzungen, Gruppenerlebnisse oder ein Familienausflug. Die R\u00e4umlichkeiten der Appenzeller Schauk\u00e4serei bietet f\u00fcr jeden etwas.\",\"breadcrumb\":{\"@id\":\"https:\\\/\\\/www.schaukaeserei.ch\\\/de\\\/restaurant\\\/weihnachtsessen\\\/#breadcrumb\"},\"inLanguage\":\"de\",\"potentialAction\":[{\"@type\":\"ReadAction\",\"target\":[\"https:\\\/\\\/www.schaukaeserei.ch\\\/de\\\/restaurant\\\/weihnachtsessen\\\/\"]}]},{\"@type\":\"BreadcrumbList\",\"@id\":\"https:\\\/\\\/www.schaukaeserei.ch\\\/de\\\/restaurant\\\/weihnachtsessen\\\/#breadcrumb\",\"itemListElement\":[{\"@type\":\"ListItem\",\"position\":1,\"name\":\"Startseite\",\"item\":\"https:\\\/\\\/www.schaukaeserei.ch\\\/de\\\/\"},{\"@type\":\"ListItem\",\"position\":2,\"name\":\"Restaurant\",\"item\":\"https:\\\/\\\/www.schaukaeserei.ch\\\/de\\\/restaurant\\\/\"},{\"@type\":\"ListItem\",\"position\":3,\"name\":\"W\u00fcrzige Weihnachtsessen\"}]},{\"@type\":\"WebSite\",\"@id\":\"https:\\\/\\\/www.schaukaeserei.ch\\\/de\\\/#website\",\"url\":\"https:\\\/\\\/www.schaukaeserei.ch\\\/de\\\/\",\"name\":\"Appenzeller Schauk\u00e4serei\",\"description\":\"Entdecken Sie den geheimnisvollen Appenzeller K\u00e4se\",\"potentialAction\":[{\"@type\":\"SearchAction\",\"target\":{\"@type\":\"EntryPoint\",\"urlTemplate\":\"https:\\\/\\\/www.schaukaeserei.ch\\\/de\\\/?s={search_term_string}\"},\"query-input\":{\"@type\":\"PropertyValueSpecification\",\"valueRequired\":true,\"valueName\":\"search_term_string\"}}],\"inLanguage\":\"de\"}]}<\/script>\n<!-- \/ Yoast SEO plugin. -->","yoast_head_json":{"title":"W\u00fcrzige Weihnachtsessen &#8211; Appenzeller Schauk\u00e4serei","description":"Ob Seminare, Sitzungen, Gruppenerlebnisse oder ein Familienausflug. Die R\u00e4umlichkeiten der Appenzeller Schauk\u00e4serei bietet f\u00fcr jeden etwas.","robots":{"index":"index","follow":"follow","max-snippet":"max-snippet:-1","max-image-preview":"max-image-preview:large","max-video-preview":"max-video-preview:-1"},"canonical":"https:\/\/www.schaukaeserei.ch\/de\/restaurant\/weihnachtsessen\/","og_locale":"de_DE","og_type":"article","og_title":"W\u00fcrzige Weihnachtsessen &#8211; Appenzeller Schauk\u00e4serei","og_description":"Ob Seminare, Sitzungen, Gruppenerlebnisse oder ein Familienausflug. Die R\u00e4umlichkeiten der Appenzeller Schauk\u00e4serei bietet f\u00fcr jeden etwas.","og_url":"https:\/\/www.schaukaeserei.ch\/de\/restaurant\/weihnachtsessen\/","og_site_name":"Appenzeller Schauk\u00e4serei","article_modified_time":"2025-11-25T16:15:36+00:00","og_image":[{"width":610,"height":202,"url":"https:\/\/www.schaukaeserei.ch\/wp-content\/uploads\/2021\/04\/logo_appenzeller_schaukaeserei@2x.png","type":"image\/png"}],"twitter_card":"summary_large_image","twitter_misc":{"Gesch\u00e4tzte Lesezeit":"4\u00a0Minuten"},"schema":{"@context":"https:\/\/schema.org","@graph":[{"@type":"WebPage","@id":"https:\/\/www.schaukaeserei.ch\/de\/restaurant\/weihnachtsessen\/","url":"https:\/\/www.schaukaeserei.ch\/de\/restaurant\/weihnachtsessen\/","name":"W\u00fcrzige Weihnachtsessen &#8211; Appenzeller Schauk\u00e4serei","isPartOf":{"@id":"https:\/\/www.schaukaeserei.ch\/de\/#website"},"datePublished":"2025-06-30T13:16:30+00:00","dateModified":"2025-11-25T16:15:36+00:00","description":"Ob Seminare, Sitzungen, Gruppenerlebnisse oder ein Familienausflug. Die R\u00e4umlichkeiten der Appenzeller Schauk\u00e4serei bietet f\u00fcr jeden etwas.","breadcrumb":{"@id":"https:\/\/www.schaukaeserei.ch\/de\/restaurant\/weihnachtsessen\/#breadcrumb"},"inLanguage":"de","potentialAction":[{"@type":"ReadAction","target":["https:\/\/www.schaukaeserei.ch\/de\/restaurant\/weihnachtsessen\/"]}]},{"@type":"BreadcrumbList","@id":"https:\/\/www.schaukaeserei.ch\/de\/restaurant\/weihnachtsessen\/#breadcrumb","itemListElement":[{"@type":"ListItem","position":1,"name":"Startseite","item":"https:\/\/www.schaukaeserei.ch\/de\/"},{"@type":"ListItem","position":2,"name":"Restaurant","item":"https:\/\/www.schaukaeserei.ch\/de\/restaurant\/"},{"@type":"ListItem","position":3,"name":"W\u00fcrzige Weihnachtsessen"}]},{"@type":"WebSite","@id":"https:\/\/www.schaukaeserei.ch\/de\/#website","url":"https:\/\/www.schaukaeserei.ch\/de\/","name":"Appenzeller Schauk\u00e4serei","description":"Entdecken Sie den geheimnisvollen Appenzeller K\u00e4se","potentialAction":[{"@type":"SearchAction","target":{"@type":"EntryPoint","urlTemplate":"https:\/\/www.schaukaeserei.ch\/de\/?s={search_term_string}"},"query-input":{"@type":"PropertyValueSpecification","valueRequired":true,"valueName":"search_term_string"}}],"inLanguage":"de"}]}},"publishpress_future_workflow_manual_trigger":{"enabledWorkflows":[]},"_links":{"self":[{"href":"https:\/\/www.schaukaeserei.ch\/de\/wp-json\/wp\/v2\/pages\/10047","targetHints":{"allow":["GET"]}}],"collection":[{"href":"https:\/\/www.schaukaeserei.ch\/de\/wp-json\/wp\/v2\/pages"}],"about":[{"href":"https:\/\/www.schaukaeserei.ch\/de\/wp-json\/wp\/v2\/types\/page"}],"author":[{"embeddable":true,"href":"https:\/\/www.schaukaeserei.ch\/de\/wp-json\/wp\/v2\/users\/3"}],"replies":[{"embeddable":true,"href":"https:\/\/www.schaukaeserei.ch\/de\/wp-json\/wp\/v2\/comments?post=10047"}],"version-history":[{"count":82,"href":"https:\/\/www.schaukaeserei.ch\/de\/wp-json\/wp\/v2\/pages\/10047\/revisions"}],"predecessor-version":[{"id":10057,"href":"https:\/\/www.schaukaeserei.ch\/de\/wp-json\/wp\/v2\/pages\/10047\/revisions\/10057"}],"up":[{"embeddable":true,"href":"https:\/\/www.schaukaeserei.ch\/de\/wp-json\/wp\/v2\/pages\/383"}],"wp:attachment":[{"href":"https:\/\/www.schaukaeserei.ch\/de\/wp-json\/wp\/v2\/media?parent=10047"}],"curies":[{"name":"wp","href":"https:\/\/api.w.org\/{rel}","templated":true}]}}