{"id":1258,"date":"2019-09-05T07:54:16","date_gmt":"2019-09-05T07:54:16","guid":{"rendered":"https:\/\/www.schaukaeserei.ch\/?page_id=1258"},"modified":"2019-10-10T12:22:55","modified_gmt":"2019-10-10T12:22:55","slug":"impressum","status":"publish","type":"page","link":"https:\/\/www.schaukaeserei.ch\/de\/impressum\/","title":{"rendered":"Impressum"},"content":{"rendered":"<div class=\"wpb-content-wrapper\"><p>[vc_row row_height_percent=&#8220;0&#8243; override_padding=&#8220;yes&#8220; h_padding=&#8220;2&#8243; top_padding=&#8220;3&#8243; bottom_padding=&#8220;2&#8243; overlay_alpha=&#8220;50&#8243; gutter_size=&#8220;3&#8243; column_width_percent=&#8220;100&#8243; shift_y=&#8220;0&#8243; z_index=&#8220;0&#8243;][vc_column width=&#8220;1\/2&#8243;][vc_column_text]<\/p>\n<h3>Verantwortlich<br \/>\nf\u00fcr den\u00a0Inhalt<br \/>\nder Webseite<\/h3>\n<p><strong>Appenzeller Schauk\u00e4serei AG<\/strong><br \/>\nDorf 711<br \/>\nCH &#8211; 9063 Stein<br \/>\nTel. +41 (0)71 368 50 70<br \/>\nFax +41 (0)71 368 50 75<br \/>\n<a href=\"mailto:info@schaukaeserei.ch\">info@schaukaeserei.ch<\/a>[\/vc_column_text][vc_column_text]<strong>Bankverbindung: <\/strong><br \/>\nAppenzeller Kantonalbank, CH-9050 Appenzell<br \/>\nIBAN: CH 97 0076 3601 0330 8521 8<br \/>\nBLZ: 763<br \/>\nSwift-Code: AIKACH22[\/vc_column_text][\/vc_column][vc_column width=&#8220;1\/2&#8243;][vc_column_text]<\/p>\n<h3>Konzeption, Design<br \/>\nund technische Umsetzung<br \/>\nder Webseite<\/h3>\n<p><strong>DACHCOM.CH AG<\/strong><br \/>\nCommunication LSA<br \/>\nLagerplatz 21<br \/>\nCH-8400 Winterthur<br \/>\nTel: +41 (0)52 245 06 60<br \/>\n<a href=\"mailto:info@dachcom.ch\">info@dachcom.ch<\/a>[\/vc_column_text][\/vc_column][\/vc_row][vc_row row_height_percent=&#8220;0&#8243; override_padding=&#8220;yes&#8220; h_padding=&#8220;2&#8243; top_padding=&#8220;2&#8243; bottom_padding=&#8220;3&#8243; overlay_alpha=&#8220;50&#8243; gutter_size=&#8220;3&#8243; column_width_percent=&#8220;100&#8243; shift_y=&#8220;0&#8243; z_index=&#8220;0&#8243;][vc_column width=&#8220;1\/1&#8243;][vc_column_text]<\/p>\n<h3>Rechtliche Hinweise<\/h3>\n<p><strong>Gesch\u00e4ftsbeziehungen mit Dritten<\/strong><br \/>\nUnsere Website und unser Newsletter enthalten Links zu anderen Websites. Wir haben keinen Einfluss darauf, wie die Anbieter dieser verlinkten Websites mit den auf diesen Seiten gezeigten Informationen umgehen. Bei Fragen treten Sie bitte direkt mit diesen Dritten in Verbindung. Wir sind nicht verantwortlich f\u00fcr die Einhaltung der Datenschutzbestimmungen oder den Inhalt dieser Websites.<\/p>\n<p><strong>Kein bindendes Angebot<\/strong><br \/>\nGrunds\u00e4tzlich ist kein Element auf der Website der Appenzeller Schauk\u00e4serei AG ein bindendes Angebot an eine Besucherin oder einen Besucher der Website resp. an die Leserin oder den Leser von unserem Newsletter. Es kann jederzeit vorkommen, dass Preise oder Angebote Fehler enthalten oder unvollst\u00e4ndig sind. Verbindliche Offerten erhalten Sie gerne unter info@schaukaeserei.ch oder unter Tel. +41 (0)71 368 50 70.<\/p>\n<p><strong>Zur Haftung<\/strong><br \/>\nDie Appenzeller Schauk\u00e4serei AG lehnt jegliche Haftung ab f\u00fcr Informationen, die von oder \u00fcber die Website abrufbar sind.<br \/>\nDie Appenzeller Schauk\u00e4serei AG \u00fcbt keine Kontrolle \u00fcber Informationen aus, die insbesondere auf externen Servern, auf Servern mit Publikumszugang, Usenet Newsservern, Diskussionsforen, Chatr\u00e4umen usw. gespeichert sind.<br \/>\nDie auf der Website der Appenzeller Schauk\u00e4serei AG enthaltenen Informationen k\u00f6nnen jederzeit \u00e4ndern. Die Appenzeller Schauk\u00e4serei AG kann weder zusichern, dass diese Informationen vollst\u00e4ndig noch dass sie aktuell sind. Ihre Verwendung erfolgt auf das Risiko der Besucherinnen und Besucher.<\/p>\n<p><strong>Zum Urheberrecht<\/strong><br \/>\nEs ist davon auszugehen, dass die \u00fcber die Website abrufbaren Informationen und Bilder urheberrechtlich gesch\u00fctzt sind und deren gewerbliche Nutzung nur mit Zustimmung des Urhebers (der Appenzeller Schauk\u00e4serei AG) erlaubt ist.<\/p>\n<p><strong>Google Analytics<\/strong><br \/>\nDiese Website benutzt Google Analytics, einen Webanalysedienst der Google Inc.. Google Analytics verwendet sog. &#8222;Cookies&#8220;, Textdateien, die auf Ihrem Computer gespeichert werden und die eine Analyse der Benutzung der Website durch Sie erm\u00f6glicht. Die durch den Cookie erzeugten Informationen \u00fcber Ihre Benutzung dieser Website (einschliesslich Ihrer IP-Adresse) werden an einen Server von Google in den USA \u00fcbertragen und dort gespeichert. Google wird diese Informationen benutzen, um Ihre Nutzung der Website auszuwerten, um Reports \u00fcber die Websiteaktivit\u00e4ten f\u00fcr die Websitebetreiber zusammenzustellen und um weitere mit der Websitenutzung und der Internetnutzung verbundene Dienstleistungen zu erbringen. Auch wird Google diese Informationen gegebenenfalls an Dritte \u00fcbertragen, sofern dies gesetzlich vorgeschrieben oder soweit Dritte diese Daten im Auftrag von Google verarbeiten. Google wird in keinem Fall Ihre IP-Adresse mit anderen Daten, die von Google gespeichert werden, in Verbindung bringen. Sie k\u00f6nnen die Installation der Cookies durch eine entsprechende Einstellung Ihrer Browser Software verhindern; wir weisen Sie jedoch darauf hin, dass Sie in diesem Fall gegebenenfalls nicht s\u00e4mtliche Funktionen dieser Website voll umf\u00e4nglich nutzen k\u00f6nnen. Durch die Nutzung dieser Website erkl\u00e4ren Sie sich mit der Bearbeitung der \u00fcber Sie erhobenen Daten durch Google in der zuvor beschriebenen Art und Weise und zu dem zuvor benannten Zweck einverstanden.<\/p>\n<p>Weiter Informationen erhalten Sie vom Web- &amp; Postmaster<br \/>\n<a href=\"mailto:info@schaukaeserei.ch\">info@schaukaeserei.ch<\/a>\u00a0oder unter Tel. +41 (0)71 368 50 70<\/p>\n<p>Copyright \u00a9 2019 Appenzeller Schauk\u00e4serei AG \u2013 Alle Rechte vorbehalten[\/vc_column_text][\/vc_column][\/vc_row]<\/p>\n<\/div>","protected":false},"excerpt":{"rendered":"<p>[vc_row row_height_percent=&#8220;0&#8243; override_padding=&#8220;yes&#8220; h_padding=&#8220;2&#8243; top_padding=&#8220;3&#8243; bottom_padding=&#8220;2&#8243; overlay_alpha=&#8220;50&#8243; gutter_size=&#8220;3&#8243; column_width_percent=&#8220;100&#8243; shift_y=&#8220;0&#8243; z_index=&#8220;0&#8243;][vc_column width=&#8220;1\/2&#8243;][vc_column_text] Verantwortlich f\u00fcr den\u00a0Inhalt der Webseite Appenzeller Schauk\u00e4serei AG [&hellip;]<\/p>\n","protected":false},"author":1,"featured_media":0,"parent":0,"menu_order":106,"comment_status":"closed","ping_status":"closed","template":"","meta":{"footnotes":"","_links_to":"","_links_to_target":""},"class_list":["post-1258","page","type-page","status-publish","hentry"],"yoast_head":"<!-- This site is optimized with the Yoast SEO plugin v27.4 - https:\/\/yoast.com\/product\/yoast-seo-wordpress\/ -->\n<title>Impressum &#8211; Appenzeller Schauk\u00e4serei<\/title>\n<meta name=\"robots\" content=\"index, follow, max-snippet:-1, max-image-preview:large, max-video-preview:-1\" \/>\n<link rel=\"canonical\" href=\"https:\/\/www.schaukaeserei.ch\/de\/impressum\/\" \/>\n<meta property=\"og:locale\" content=\"de_DE\" \/>\n<meta property=\"og:type\" content=\"article\" \/>\n<meta property=\"og:title\" content=\"Impressum &#8211; Appenzeller Schauk\u00e4serei\" \/>\n<meta property=\"og:description\" content=\"[vc_row row_height_percent=&#8220;0&#8243; override_padding=&#8220;yes&#8220; h_padding=&#8220;2&#8243; top_padding=&#8220;3&#8243; bottom_padding=&#8220;2&#8243; overlay_alpha=&#8220;50&#8243; gutter_size=&#8220;3&#8243; column_width_percent=&#8220;100&#8243; shift_y=&#8220;0&#8243; z_index=&#8220;0&#8243;][vc_column width=&#8220;1\/2&#8243;][vc_column_text] Verantwortlich f\u00fcr den\u00a0Inhalt der Webseite Appenzeller Schauk\u00e4serei AG [&hellip;]\" \/>\n<meta property=\"og:url\" content=\"https:\/\/www.schaukaeserei.ch\/de\/impressum\/\" \/>\n<meta property=\"og:site_name\" content=\"Appenzeller Schauk\u00e4serei\" \/>\n<meta property=\"article:modified_time\" content=\"2019-10-10T12:22:55+00:00\" \/>\n<meta property=\"og:image\" content=\"https:\/\/www.schaukaeserei.ch\/wp-content\/uploads\/2021\/04\/logo_appenzeller_schaukaeserei@2x.png\" \/>\n\t<meta property=\"og:image:width\" content=\"610\" \/>\n\t<meta property=\"og:image:height\" content=\"202\" \/>\n\t<meta property=\"og:image:type\" content=\"image\/png\" \/>\n<meta name=\"twitter:card\" content=\"summary_large_image\" \/>\n<meta name=\"twitter:label1\" content=\"Gesch\u00e4tzte Lesezeit\" \/>\n\t<meta name=\"twitter:data1\" content=\"3\u00a0Minuten\" \/>\n<script type=\"application\/ld+json\" class=\"yoast-schema-graph\">{\"@context\":\"https:\\\/\\\/schema.org\",\"@graph\":[{\"@type\":\"WebPage\",\"@id\":\"https:\\\/\\\/www.schaukaeserei.ch\\\/de\\\/impressum\\\/\",\"url\":\"https:\\\/\\\/www.schaukaeserei.ch\\\/de\\\/impressum\\\/\",\"name\":\"Impressum &#8211; Appenzeller Schauk\u00e4serei\",\"isPartOf\":{\"@id\":\"https:\\\/\\\/www.schaukaeserei.ch\\\/de\\\/#website\"},\"datePublished\":\"2019-09-05T07:54:16+00:00\",\"dateModified\":\"2019-10-10T12:22:55+00:00\",\"breadcrumb\":{\"@id\":\"https:\\\/\\\/www.schaukaeserei.ch\\\/de\\\/impressum\\\/#breadcrumb\"},\"inLanguage\":\"de\",\"potentialAction\":[{\"@type\":\"ReadAction\",\"target\":[\"https:\\\/\\\/www.schaukaeserei.ch\\\/de\\\/impressum\\\/\"]}]},{\"@type\":\"BreadcrumbList\",\"@id\":\"https:\\\/\\\/www.schaukaeserei.ch\\\/de\\\/impressum\\\/#breadcrumb\",\"itemListElement\":[{\"@type\":\"ListItem\",\"position\":1,\"name\":\"Startseite\",\"item\":\"https:\\\/\\\/www.schaukaeserei.ch\\\/de\\\/\"},{\"@type\":\"ListItem\",\"position\":2,\"name\":\"Impressum\"}]},{\"@type\":\"WebSite\",\"@id\":\"https:\\\/\\\/www.schaukaeserei.ch\\\/de\\\/#website\",\"url\":\"https:\\\/\\\/www.schaukaeserei.ch\\\/de\\\/\",\"name\":\"Appenzeller Schauk\u00e4serei\",\"description\":\"Entdecken Sie den geheimnisvollen Appenzeller K\u00e4se\",\"potentialAction\":[{\"@type\":\"SearchAction\",\"target\":{\"@type\":\"EntryPoint\",\"urlTemplate\":\"https:\\\/\\\/www.schaukaeserei.ch\\\/de\\\/?s={search_term_string}\"},\"query-input\":{\"@type\":\"PropertyValueSpecification\",\"valueRequired\":true,\"valueName\":\"search_term_string\"}}],\"inLanguage\":\"de\"}]}<\/script>\n<!-- \/ Yoast SEO plugin. -->","yoast_head_json":{"title":"Impressum &#8211; Appenzeller Schauk\u00e4serei","robots":{"index":"index","follow":"follow","max-snippet":"max-snippet:-1","max-image-preview":"max-image-preview:large","max-video-preview":"max-video-preview:-1"},"canonical":"https:\/\/www.schaukaeserei.ch\/de\/impressum\/","og_locale":"de_DE","og_type":"article","og_title":"Impressum &#8211; Appenzeller Schauk\u00e4serei","og_description":"[vc_row row_height_percent=&#8220;0&#8243; override_padding=&#8220;yes&#8220; h_padding=&#8220;2&#8243; top_padding=&#8220;3&#8243; bottom_padding=&#8220;2&#8243; overlay_alpha=&#8220;50&#8243; gutter_size=&#8220;3&#8243; column_width_percent=&#8220;100&#8243; shift_y=&#8220;0&#8243; z_index=&#8220;0&#8243;][vc_column width=&#8220;1\/2&#8243;][vc_column_text] Verantwortlich f\u00fcr den\u00a0Inhalt der Webseite Appenzeller Schauk\u00e4serei AG [&hellip;]","og_url":"https:\/\/www.schaukaeserei.ch\/de\/impressum\/","og_site_name":"Appenzeller Schauk\u00e4serei","article_modified_time":"2019-10-10T12:22:55+00:00","og_image":[{"width":610,"height":202,"url":"https:\/\/www.schaukaeserei.ch\/wp-content\/uploads\/2021\/04\/logo_appenzeller_schaukaeserei@2x.png","type":"image\/png"}],"twitter_card":"summary_large_image","twitter_misc":{"Gesch\u00e4tzte Lesezeit":"3\u00a0Minuten"},"schema":{"@context":"https:\/\/schema.org","@graph":[{"@type":"WebPage","@id":"https:\/\/www.schaukaeserei.ch\/de\/impressum\/","url":"https:\/\/www.schaukaeserei.ch\/de\/impressum\/","name":"Impressum &#8211; Appenzeller Schauk\u00e4serei","isPartOf":{"@id":"https:\/\/www.schaukaeserei.ch\/de\/#website"},"datePublished":"2019-09-05T07:54:16+00:00","dateModified":"2019-10-10T12:22:55+00:00","breadcrumb":{"@id":"https:\/\/www.schaukaeserei.ch\/de\/impressum\/#breadcrumb"},"inLanguage":"de","potentialAction":[{"@type":"ReadAction","target":["https:\/\/www.schaukaeserei.ch\/de\/impressum\/"]}]},{"@type":"BreadcrumbList","@id":"https:\/\/www.schaukaeserei.ch\/de\/impressum\/#breadcrumb","itemListElement":[{"@type":"ListItem","position":1,"name":"Startseite","item":"https:\/\/www.schaukaeserei.ch\/de\/"},{"@type":"ListItem","position":2,"name":"Impressum"}]},{"@type":"WebSite","@id":"https:\/\/www.schaukaeserei.ch\/de\/#website","url":"https:\/\/www.schaukaeserei.ch\/de\/","name":"Appenzeller Schauk\u00e4serei","description":"Entdecken Sie den geheimnisvollen Appenzeller K\u00e4se","potentialAction":[{"@type":"SearchAction","target":{"@type":"EntryPoint","urlTemplate":"https:\/\/www.schaukaeserei.ch\/de\/?s={search_term_string}"},"query-input":{"@type":"PropertyValueSpecification","valueRequired":true,"valueName":"search_term_string"}}],"inLanguage":"de"}]}},"publishpress_future_workflow_manual_trigger":{"enabledWorkflows":[]},"_links":{"self":[{"href":"https:\/\/www.schaukaeserei.ch\/de\/wp-json\/wp\/v2\/pages\/1258","targetHints":{"allow":["GET"]}}],"collection":[{"href":"https:\/\/www.schaukaeserei.ch\/de\/wp-json\/wp\/v2\/pages"}],"about":[{"href":"https:\/\/www.schaukaeserei.ch\/de\/wp-json\/wp\/v2\/types\/page"}],"author":[{"embeddable":true,"href":"https:\/\/www.schaukaeserei.ch\/de\/wp-json\/wp\/v2\/users\/1"}],"replies":[{"embeddable":true,"href":"https:\/\/www.schaukaeserei.ch\/de\/wp-json\/wp\/v2\/comments?post=1258"}],"version-history":[{"count":9,"href":"https:\/\/www.schaukaeserei.ch\/de\/wp-json\/wp\/v2\/pages\/1258\/revisions"}],"predecessor-version":[{"id":1334,"href":"https:\/\/www.schaukaeserei.ch\/de\/wp-json\/wp\/v2\/pages\/1258\/revisions\/1334"}],"wp:attachment":[{"href":"https:\/\/www.schaukaeserei.ch\/de\/wp-json\/wp\/v2\/media?parent=1258"}],"curies":[{"name":"wp","href":"https:\/\/api.w.org\/{rel}","templated":true}]}}