{"id":2090,"date":"2020-07-15T13:19:54","date_gmt":"2020-07-15T13:19:54","guid":{"rendered":"https:\/\/www.schaukaeserei.ch\/?page_id=2090"},"modified":"2025-08-20T17:20:46","modified_gmt":"2025-08-20T15:20:46","slug":"medien","status":"publish","type":"page","link":"https:\/\/www.schaukaeserei.ch\/de\/aktuelles\/medien\/","title":{"rendered":"Medien"},"content":{"rendered":"<div class=\"wpb-content-wrapper\"><p>[vc_row row_height_percent=&#8220;0&#8243; override_padding=&#8220;yes&#8220; h_padding=&#8220;2&#8243; top_padding=&#8220;3&#8243; bottom_padding=&#8220;3&#8243; overlay_alpha=&#8220;50&#8243; gutter_size=&#8220;3&#8243; column_width_percent=&#8220;100&#8243; shift_y=&#8220;0&#8243; z_index=&#8220;0&#8243;][vc_column width=&#8220;1\/1&#8243;][vc_column_text uncode_shortcode_id=&#8220;170196&#8243;]<\/p>\n<h2>News aus der Appenzeller Schauk\u00e4serei<\/h2>\n<p>\u00dcber die zahlreichen Projekte und Aktivit\u00e4ten der Appenzeller\u00ae Schauk\u00e4serei l\u00e4sst sich immer spannendes berichten. Unter Aktuelles finden Sie spannende und w\u00fcrzige Neuheiten und Medienmitteilungen, die liefern eine tolle Grundlage f\u00fcr Ihren Medienbericht. Z\u00f6gern Sie nicht, uns bei Fragen zu kontaktieren.<\/p>\n<p>Aktuelle Themen- und Medienmitteilungen finden Sie <a href=\"https:\/\/www.schaukaeserei.ch\/de\/aktuelles\/\">hier.<\/a>[\/vc_column_text][\/vc_column][\/vc_row][vc_row unlock_row_content=&#8220;yes&#8220; row_height_percent=&#8220;0&#8243; override_padding=&#8220;yes&#8220; h_padding=&#8220;0&#8243; top_padding=&#8220;0&#8243; bottom_padding=&#8220;0&#8243; overlay_alpha=&#8220;50&#8243; equal_height=&#8220;yes&#8220; gutter_size=&#8220;0&#8243; column_width_percent=&#8220;100&#8243; shift_y=&#8220;0&#8243; z_index=&#8220;0&#8243;][vc_column column_width_percent=&#8220;100&#8243; gutter_size=&#8220;3&#8243; back_image=&#8220;2091&#8243; back_position=&#8220;center center&#8220; overlay_alpha=&#8220;50&#8243; shift_x=&#8220;0&#8243; shift_y=&#8220;0&#8243; shift_y_down=&#8220;0&#8243; z_index=&#8220;0&#8243; medium_width=&#8220;0&#8243; mobile_width=&#8220;0&#8243; width=&#8220;1\/2&#8243;][vc_empty_space empty_h=&#8220;5&#8243;][vc_empty_space empty_h=&#8220;5&#8243;][vc_empty_space empty_h=&#8220;5&#8243; mobile_visibility=&#8220;yes&#8220;][\/vc_column][vc_column column_width_percent=&#8220;100&#8243; position_vertical=&#8220;middle&#8220; gutter_size=&#8220;3&#8243; override_padding=&#8220;yes&#8220; column_padding=&#8220;5&#8243; style=&#8220;dark&#8220; back_image=&#8220;142&#8243; overlay_alpha=&#8220;50&#8243; shift_x=&#8220;0&#8243; shift_y=&#8220;0&#8243; shift_y_down=&#8220;0&#8243; z_index=&#8220;0&#8243; medium_width=&#8220;0&#8243; mobile_width=&#8220;0&#8243; width=&#8220;1\/2&#8243; el_class=&#8220;textColRight&#8220;][vc_column_text el_class=&#8220;textbox_01&#8243; uncode_shortcode_id=&#8220;474249&#8243;]<\/p>\n<p data-start=\"202\" data-end=\"417\">Wir freuen uns \u00fcber Ihr Interesse an der Appenzeller\u00ae Schauk\u00e4serei! Journalist:innen, Redaktionen, Content Creators und Influencer:innen sind herzlich eingeladen, \u00fcber uns zu berichten oder uns vor Ort zu besuchen.<\/p>\n<p data-start=\"419\" data-end=\"660\">Bitte senden Sie Ihre Anfrage \u00fcber das Kontaktformular. Wir pr\u00fcfen diese individuell und melden uns zeitnah.<\/p>\n<p data-start=\"419\" data-end=\"660\">Anfragen, die nicht mit unseren Werten oder unserem Markenauftritt \u00fcbereinstimmen, behalten wir uns vor abzulehnen.<\/p>\n<p>[\/vc_column_text][vc_button button_color=&#8220;accent&#8220; size=&#8220;btn-lg&#8220; radius=&#8220;btn-square&#8220; border_width=&#8220;0&#8243; link=&#8220;url:https%3A%2F%2Fwww.schaukaeserei.ch%2Fde%2Fmedien%2F|title:Schauk%C3%A4serei&#8220; button_color_type=&#8220;uncode-palette&#8220; uncode_shortcode_id=&#8220;103076&#8243;]Presse &amp; Medien[\/vc_button][vc_button button_color=&#8220;accent&#8220; size=&#8220;btn-lg&#8220; radius=&#8220;btn-square&#8220; border_width=&#8220;0&#8243; link=&#8220;url:https%3A%2F%2Fwww.schaukaeserei.ch%2Fde%2Finflucencer%2F|title:Schauk%C3%A4serei&#8220; button_color_type=&#8220;uncode-palette&#8220; uncode_shortcode_id=&#8220;124721&#8243;]Influencer:innen[\/vc_button][vc_button button_color=&#8220;accent&#8220; size=&#8220;btn-lg&#8220; radius=&#8220;btn-square&#8220; border_width=&#8220;0&#8243; link=&#8220;url:https%3A%2F%2Fwww.schaukaeserei.ch%2Fde%2Fmedien-bildmaterial-download%2F|title:Schauk%C3%A4serei|target:_blank&#8220; button_color_type=&#8220;uncode-palette&#8220; uncode_shortcode_id=&#8220;808714&#8243;]Medien-Kit inkl. Bildmaterial[\/vc_button][vc_column_text el_class=&#8220;textbox_01&#8243; uncode_shortcode_id=&#8220;100217&#8243;]<strong>Ihr Kontakt f\u00fcr weitere Fragen:<\/strong><br \/>\nAppenzeller Schauk\u00e4serei<br \/>\nJenny Bruderer<br \/>\nSales- &amp; Marketingmanagerin<br \/>\nDorf 711<br \/>\n9063 Stein<\/p>\n<p><a href=\"mailto:jenny.bruderer@schaukaeserei.ch\">jenny.bruderer@schaukaeserei.ch<\/a><br \/>\n<a href=\"tel:+41713685070\"> +41 71 368 50 67<\/a>[\/vc_column_text][\/vc_column][\/vc_row][vc_row][vc_column width=&#8220;1\/1&#8243;][uncode_block id=&#8220;3964&#8243;][\/vc_column][\/vc_row]<\/p>\n<\/div>","protected":false},"excerpt":{"rendered":"<p>[vc_row row_height_percent=&#8220;0&#8243; override_padding=&#8220;yes&#8220; h_padding=&#8220;2&#8243; top_padding=&#8220;3&#8243; bottom_padding=&#8220;3&#8243; overlay_alpha=&#8220;50&#8243; gutter_size=&#8220;3&#8243; column_width_percent=&#8220;100&#8243; shift_y=&#8220;0&#8243; z_index=&#8220;0&#8243;][vc_column width=&#8220;1\/1&#8243;][vc_column_text uncode_shortcode_id=&#8220;170196&#8243;] News aus der Appenzeller Schauk\u00e4serei \u00dcber die [&hellip;]<\/p>\n","protected":false},"author":3,"featured_media":0,"parent":410,"menu_order":75,"comment_status":"closed","ping_status":"closed","template":"","meta":{"footnotes":"","_links_to":"","_links_to_target":""},"class_list":["post-2090","page","type-page","status-publish","hentry"],"yoast_head":"<!-- This site is optimized with the Yoast SEO plugin v27.4 - https:\/\/yoast.com\/product\/yoast-seo-wordpress\/ -->\n<title>Medien &#8211; Appenzeller Schauk\u00e4serei<\/title>\n<meta name=\"description\" content=\"\u00dcber die zahlreichen Projekte und Aktivit\u00e4ten der Appenzeller Schauk\u00e4serei l\u00e4sst sich immer spannendes berichten.\" \/>\n<meta name=\"robots\" content=\"index, follow, max-snippet:-1, max-image-preview:large, max-video-preview:-1\" \/>\n<link rel=\"canonical\" href=\"https:\/\/www.schaukaeserei.ch\/de\/aktuelles\/medien\/\" \/>\n<meta property=\"og:locale\" content=\"de_DE\" \/>\n<meta property=\"og:type\" content=\"article\" \/>\n<meta property=\"og:title\" content=\"Medien &#8211; Appenzeller Schauk\u00e4serei\" \/>\n<meta property=\"og:description\" content=\"\u00dcber die zahlreichen Projekte und Aktivit\u00e4ten der Appenzeller Schauk\u00e4serei l\u00e4sst sich immer spannendes berichten.\" \/>\n<meta property=\"og:url\" content=\"https:\/\/www.schaukaeserei.ch\/de\/aktuelles\/medien\/\" \/>\n<meta property=\"og:site_name\" content=\"Appenzeller Schauk\u00e4serei\" \/>\n<meta property=\"article:modified_time\" content=\"2025-08-20T15:20:46+00:00\" \/>\n<meta property=\"og:image\" content=\"https:\/\/www.schaukaeserei.ch\/wp-content\/uploads\/2021\/04\/logo_appenzeller_schaukaeserei@2x.png\" \/>\n\t<meta property=\"og:image:width\" content=\"610\" \/>\n\t<meta property=\"og:image:height\" content=\"202\" \/>\n\t<meta property=\"og:image:type\" content=\"image\/png\" \/>\n<meta name=\"twitter:card\" content=\"summary_large_image\" \/>\n<meta name=\"twitter:label1\" content=\"Gesch\u00e4tzte Lesezeit\" \/>\n\t<meta name=\"twitter:data1\" content=\"2\u00a0Minuten\" \/>\n<script type=\"application\/ld+json\" class=\"yoast-schema-graph\">{\"@context\":\"https:\\\/\\\/schema.org\",\"@graph\":[{\"@type\":\"WebPage\",\"@id\":\"https:\\\/\\\/www.schaukaeserei.ch\\\/de\\\/aktuelles\\\/medien\\\/\",\"url\":\"https:\\\/\\\/www.schaukaeserei.ch\\\/de\\\/aktuelles\\\/medien\\\/\",\"name\":\"Medien &#8211; Appenzeller Schauk\u00e4serei\",\"isPartOf\":{\"@id\":\"https:\\\/\\\/www.schaukaeserei.ch\\\/de\\\/#website\"},\"datePublished\":\"2020-07-15T13:19:54+00:00\",\"dateModified\":\"2025-08-20T15:20:46+00:00\",\"description\":\"\u00dcber die zahlreichen Projekte und Aktivit\u00e4ten der Appenzeller Schauk\u00e4serei l\u00e4sst sich immer spannendes berichten.\",\"breadcrumb\":{\"@id\":\"https:\\\/\\\/www.schaukaeserei.ch\\\/de\\\/aktuelles\\\/medien\\\/#breadcrumb\"},\"inLanguage\":\"de\",\"potentialAction\":[{\"@type\":\"ReadAction\",\"target\":[\"https:\\\/\\\/www.schaukaeserei.ch\\\/de\\\/aktuelles\\\/medien\\\/\"]}]},{\"@type\":\"BreadcrumbList\",\"@id\":\"https:\\\/\\\/www.schaukaeserei.ch\\\/de\\\/aktuelles\\\/medien\\\/#breadcrumb\",\"itemListElement\":[{\"@type\":\"ListItem\",\"position\":1,\"name\":\"Startseite\",\"item\":\"https:\\\/\\\/www.schaukaeserei.ch\\\/de\\\/\"},{\"@type\":\"ListItem\",\"position\":2,\"name\":\"Aktuelles\",\"item\":\"https:\\\/\\\/www.schaukaeserei.ch\\\/de\\\/aktuelles\\\/\"},{\"@type\":\"ListItem\",\"position\":3,\"name\":\"Medien\"}]},{\"@type\":\"WebSite\",\"@id\":\"https:\\\/\\\/www.schaukaeserei.ch\\\/de\\\/#website\",\"url\":\"https:\\\/\\\/www.schaukaeserei.ch\\\/de\\\/\",\"name\":\"Appenzeller Schauk\u00e4serei\",\"description\":\"Entdecken Sie den geheimnisvollen Appenzeller K\u00e4se\",\"potentialAction\":[{\"@type\":\"SearchAction\",\"target\":{\"@type\":\"EntryPoint\",\"urlTemplate\":\"https:\\\/\\\/www.schaukaeserei.ch\\\/de\\\/?s={search_term_string}\"},\"query-input\":{\"@type\":\"PropertyValueSpecification\",\"valueRequired\":true,\"valueName\":\"search_term_string\"}}],\"inLanguage\":\"de\"}]}<\/script>\n<!-- \/ Yoast SEO plugin. -->","yoast_head_json":{"title":"Medien &#8211; Appenzeller Schauk\u00e4serei","description":"\u00dcber die zahlreichen Projekte und Aktivit\u00e4ten der Appenzeller Schauk\u00e4serei l\u00e4sst sich immer spannendes berichten.","robots":{"index":"index","follow":"follow","max-snippet":"max-snippet:-1","max-image-preview":"max-image-preview:large","max-video-preview":"max-video-preview:-1"},"canonical":"https:\/\/www.schaukaeserei.ch\/de\/aktuelles\/medien\/","og_locale":"de_DE","og_type":"article","og_title":"Medien &#8211; Appenzeller Schauk\u00e4serei","og_description":"\u00dcber die zahlreichen Projekte und Aktivit\u00e4ten der Appenzeller Schauk\u00e4serei l\u00e4sst sich immer spannendes berichten.","og_url":"https:\/\/www.schaukaeserei.ch\/de\/aktuelles\/medien\/","og_site_name":"Appenzeller Schauk\u00e4serei","article_modified_time":"2025-08-20T15:20:46+00:00","og_image":[{"width":610,"height":202,"url":"https:\/\/www.schaukaeserei.ch\/wp-content\/uploads\/2021\/04\/logo_appenzeller_schaukaeserei@2x.png","type":"image\/png"}],"twitter_card":"summary_large_image","twitter_misc":{"Gesch\u00e4tzte Lesezeit":"2\u00a0Minuten"},"schema":{"@context":"https:\/\/schema.org","@graph":[{"@type":"WebPage","@id":"https:\/\/www.schaukaeserei.ch\/de\/aktuelles\/medien\/","url":"https:\/\/www.schaukaeserei.ch\/de\/aktuelles\/medien\/","name":"Medien &#8211; Appenzeller Schauk\u00e4serei","isPartOf":{"@id":"https:\/\/www.schaukaeserei.ch\/de\/#website"},"datePublished":"2020-07-15T13:19:54+00:00","dateModified":"2025-08-20T15:20:46+00:00","description":"\u00dcber die zahlreichen Projekte und Aktivit\u00e4ten der Appenzeller Schauk\u00e4serei l\u00e4sst sich immer spannendes berichten.","breadcrumb":{"@id":"https:\/\/www.schaukaeserei.ch\/de\/aktuelles\/medien\/#breadcrumb"},"inLanguage":"de","potentialAction":[{"@type":"ReadAction","target":["https:\/\/www.schaukaeserei.ch\/de\/aktuelles\/medien\/"]}]},{"@type":"BreadcrumbList","@id":"https:\/\/www.schaukaeserei.ch\/de\/aktuelles\/medien\/#breadcrumb","itemListElement":[{"@type":"ListItem","position":1,"name":"Startseite","item":"https:\/\/www.schaukaeserei.ch\/de\/"},{"@type":"ListItem","position":2,"name":"Aktuelles","item":"https:\/\/www.schaukaeserei.ch\/de\/aktuelles\/"},{"@type":"ListItem","position":3,"name":"Medien"}]},{"@type":"WebSite","@id":"https:\/\/www.schaukaeserei.ch\/de\/#website","url":"https:\/\/www.schaukaeserei.ch\/de\/","name":"Appenzeller Schauk\u00e4serei","description":"Entdecken Sie den geheimnisvollen Appenzeller K\u00e4se","potentialAction":[{"@type":"SearchAction","target":{"@type":"EntryPoint","urlTemplate":"https:\/\/www.schaukaeserei.ch\/de\/?s={search_term_string}"},"query-input":{"@type":"PropertyValueSpecification","valueRequired":true,"valueName":"search_term_string"}}],"inLanguage":"de"}]}},"publishpress_future_workflow_manual_trigger":{"enabledWorkflows":[]},"_links":{"self":[{"href":"https:\/\/www.schaukaeserei.ch\/de\/wp-json\/wp\/v2\/pages\/2090","targetHints":{"allow":["GET"]}}],"collection":[{"href":"https:\/\/www.schaukaeserei.ch\/de\/wp-json\/wp\/v2\/pages"}],"about":[{"href":"https:\/\/www.schaukaeserei.ch\/de\/wp-json\/wp\/v2\/types\/page"}],"author":[{"embeddable":true,"href":"https:\/\/www.schaukaeserei.ch\/de\/wp-json\/wp\/v2\/users\/3"}],"replies":[{"embeddable":true,"href":"https:\/\/www.schaukaeserei.ch\/de\/wp-json\/wp\/v2\/comments?post=2090"}],"version-history":[{"count":32,"href":"https:\/\/www.schaukaeserei.ch\/de\/wp-json\/wp\/v2\/pages\/2090\/revisions"}],"predecessor-version":[{"id":10547,"href":"https:\/\/www.schaukaeserei.ch\/de\/wp-json\/wp\/v2\/pages\/2090\/revisions\/10547"}],"up":[{"embeddable":true,"href":"https:\/\/www.schaukaeserei.ch\/de\/wp-json\/wp\/v2\/pages\/410"}],"wp:attachment":[{"href":"https:\/\/www.schaukaeserei.ch\/de\/wp-json\/wp\/v2\/media?parent=2090"}],"curies":[{"name":"wp","href":"https:\/\/api.w.org\/{rel}","templated":true}]}}