{"id":28,"date":"2019-08-05T09:05:58","date_gmt":"2019-08-05T09:05:58","guid":{"rendered":"https:\/\/www.schaukaeserei.ch\/?page_id=28"},"modified":"2025-11-28T17:28:17","modified_gmt":"2025-11-28T16:28:17","slug":"appenzeller-tradition-und-herstellung","status":"publish","type":"page","link":"https:\/\/www.schaukaeserei.ch\/de\/","title":{"rendered":"Appenzeller Schauk\u00e4serei"},"content":{"rendered":"<div class=\"wpb-content-wrapper\"><p>[vc_row][vc_column width=&#8220;1\/1&#8243;][uncode_block id=&#8220;295&#8243;][\/vc_column][\/vc_row][vc_row unlock_row_content=&#8220;yes&#8220; row_height_percent=&#8220;0&#8243; override_padding=&#8220;yes&#8220; h_padding=&#8220;0&#8243; top_padding=&#8220;0&#8243; bottom_padding=&#8220;0&#8243; overlay_alpha=&#8220;50&#8243; equal_height=&#8220;yes&#8220; gutter_size=&#8220;0&#8243; column_width_percent=&#8220;100&#8243; shift_y=&#8220;0&#8243; z_index=&#8220;0&#8243; inverted_device_order=&#8220;yes&#8220;][vc_column column_width_percent=&#8220;100&#8243; gutter_size=&#8220;3&#8243; override_padding=&#8220;yes&#8220; column_padding=&#8220;5&#8243; style=&#8220;dark&#8220; back_image=&#8220;142&#8243; overlay_alpha=&#8220;50&#8243; shift_x=&#8220;0&#8243; shift_y=&#8220;0&#8243; shift_y_down=&#8220;0&#8243; z_index=&#8220;0&#8243; medium_width=&#8220;0&#8243; mobile_width=&#8220;0&#8243; width=&#8220;1\/2&#8243; el_class=&#8220;textColLeft&#8220;][vc_column_text el_class=&#8220;textbox_01&#8243;]<\/p>\n<h5>Erlebnisangebote<\/h5>\n<h2>Das ideale Ausflugsziel<\/h2>\n<p>Erfahren Sie auf dem Erlebnisrundgang, wie aus frischer, regionaler Milch unser w\u00fcrziger Appenzeller<sup>\u00ae<\/sup>\u00a0K\u00e4se hergestellt wird. \u00dcbersch\u00fcssige Energie werden die Kinder auf unserem grossen Spielplatz los.[\/vc_column_text][vc_empty_space empty_h=&#8220;2&#8243; medium_visibility=&#8220;yes&#8220; mobile_visibility=&#8220;yes&#8220;][vc_button button_color=&#8220;accent&#8220; size=&#8220;btn-lg&#8220; radius=&#8220;btn-square&#8220; border_width=&#8220;0&#8243; link=&#8220;url:https%3A%2F%2Fwww.schaukaeserei.ch%2Fde%2Fschaukaeserei%2Ferlebnisausstellung%2F|title:Schauk%C3%A4serei||&#8220;]Mehr erfahren[\/vc_button][\/vc_column][vc_column column_width_percent=&#8220;100&#8243; gutter_size=&#8220;3&#8243; back_image=&#8220;2721&#8243; overlay_alpha=&#8220;50&#8243; shift_x=&#8220;0&#8243; shift_y=&#8220;0&#8243; shift_y_down=&#8220;0&#8243; z_index=&#8220;0&#8243; medium_width=&#8220;0&#8243; mobile_width=&#8220;0&#8243; width=&#8220;1\/2&#8243;][vc_empty_space empty_h=&#8220;5&#8243;][vc_empty_space empty_h=&#8220;5&#8243;][vc_empty_space empty_h=&#8220;5&#8243; mobile_visibility=&#8220;yes&#8220;][\/vc_column][\/vc_row][vc_row unlock_row_content=&#8220;yes&#8220; row_height_percent=&#8220;0&#8243; override_padding=&#8220;yes&#8220; h_padding=&#8220;0&#8243; top_padding=&#8220;0&#8243; bottom_padding=&#8220;0&#8243; overlay_alpha=&#8220;50&#8243; equal_height=&#8220;yes&#8220; gutter_size=&#8220;0&#8243; column_width_percent=&#8220;100&#8243; shift_y=&#8220;0&#8243; z_index=&#8220;0&#8243;][vc_column column_width_percent=&#8220;100&#8243; gutter_size=&#8220;3&#8243; back_image=&#8220;2723&#8243; overlay_alpha=&#8220;50&#8243; shift_x=&#8220;0&#8243; shift_y=&#8220;0&#8243; shift_y_down=&#8220;0&#8243; z_index=&#8220;0&#8243; medium_width=&#8220;0&#8243; mobile_width=&#8220;0&#8243; width=&#8220;1\/2&#8243;][vc_empty_space empty_h=&#8220;5&#8243;][vc_empty_space empty_h=&#8220;5&#8243;][vc_empty_space empty_h=&#8220;5&#8243; mobile_visibility=&#8220;yes&#8220;][\/vc_column][vc_column column_width_percent=&#8220;100&#8243; gutter_size=&#8220;3&#8243; override_padding=&#8220;yes&#8220; column_padding=&#8220;5&#8243; style=&#8220;dark&#8220; back_image=&#8220;142&#8243; overlay_alpha=&#8220;50&#8243; shift_x=&#8220;0&#8243; shift_y=&#8220;0&#8243; shift_y_down=&#8220;0&#8243; z_index=&#8220;0&#8243; medium_width=&#8220;0&#8243; mobile_width=&#8220;0&#8243; width=&#8220;1\/2&#8243; el_class=&#8220;textColRight&#8220; uncode_shortcode_id=&#8220;727079&#8243;][vc_column_text el_class=&#8220;textbox_01&#8243;]<\/p>\n<h5>Shop<\/h5>\n<h2>Einkaufen nach Lust und Laune.<\/h2>\n<p>Unsere offene K\u00e4setheke z\u00e4hlt \u00fcber 80 verschiedene K\u00e4sesorten und weitere regionale Spezialit\u00e4ten aus dem Appenzellerland.[\/vc_column_text][vc_empty_space empty_h=&#8220;2&#8243; medium_visibility=&#8220;yes&#8220; mobile_visibility=&#8220;yes&#8220;][vc_button button_color=&#8220;accent&#8220; size=&#8220;btn-lg&#8220; radius=&#8220;btn-square&#8220; border_width=&#8220;0&#8243; link=&#8220;url:https%3A%2F%2Fwww.schaukaeserei.ch%2Fde%2Fshop%2F|title:Schauk%C3%A4serei||&#8220;]Mehr erfahren[\/vc_button][\/vc_column][\/vc_row][vc_row unlock_row_content=&#8220;yes&#8220; row_height_percent=&#8220;0&#8243; override_padding=&#8220;yes&#8220; h_padding=&#8220;0&#8243; top_padding=&#8220;0&#8243; bottom_padding=&#8220;0&#8243; overlay_alpha=&#8220;50&#8243; equal_height=&#8220;yes&#8220; gutter_size=&#8220;0&#8243; column_width_percent=&#8220;100&#8243; shift_y=&#8220;0&#8243; z_index=&#8220;0&#8243; inverted_device_order=&#8220;yes&#8220;][vc_column column_width_percent=&#8220;100&#8243; gutter_size=&#8220;3&#8243; override_padding=&#8220;yes&#8220; column_padding=&#8220;5&#8243; style=&#8220;dark&#8220; back_image=&#8220;142&#8243; overlay_alpha=&#8220;50&#8243; shift_x=&#8220;0&#8243; shift_y=&#8220;0&#8243; shift_y_down=&#8220;0&#8243; z_index=&#8220;0&#8243; medium_width=&#8220;0&#8243; mobile_width=&#8220;0&#8243; width=&#8220;1\/2&#8243; el_class=&#8220;textColLeft&#8220; uncode_shortcode_id=&#8220;188334&#8243;][vc_column_text el_class=&#8220;textbox_01&#8243;]<\/p>\n<h5>K\u00e4se herstellen<\/h5>\n<h2>Legen Sie selber Hand an<\/h2>\n<p>Sie sind von A-Z hautnah mit dabei, wenn aus bester Rohmilch Schweizer K\u00e4se wird und nat\u00fcrlich kommt ein St\u00fcck des Handwerks mit nach Hause.[\/vc_column_text][vc_empty_space empty_h=&#8220;2&#8243; medium_visibility=&#8220;yes&#8220; mobile_visibility=&#8220;yes&#8220;][vc_button button_color=&#8220;accent&#8220; size=&#8220;btn-lg&#8220; radius=&#8220;btn-square&#8220; border_width=&#8220;0&#8243; link=&#8220;url:%2Fde%2Fschaukaeserei%2Fkaese-herstellen%2F|title:Schauk%C3%A4serei||&#8220;]Mehr erfahren[\/vc_button][\/vc_column][vc_column column_width_percent=&#8220;100&#8243; gutter_size=&#8220;3&#8243; back_image=&#8220;2322&#8243; overlay_alpha=&#8220;50&#8243; shift_x=&#8220;0&#8243; shift_y=&#8220;0&#8243; shift_y_down=&#8220;0&#8243; z_index=&#8220;0&#8243; medium_width=&#8220;0&#8243; mobile_width=&#8220;0&#8243; width=&#8220;1\/2&#8243;][vc_empty_space empty_h=&#8220;5&#8243;][vc_empty_space empty_h=&#8220;5&#8243;][vc_empty_space empty_h=&#8220;5&#8243; mobile_visibility=&#8220;yes&#8220;][\/vc_column][\/vc_row][vc_row unlock_row_content=&#8220;yes&#8220; row_height_percent=&#8220;0&#8243; override_padding=&#8220;yes&#8220; h_padding=&#8220;0&#8243; top_padding=&#8220;0&#8243; bottom_padding=&#8220;0&#8243; overlay_alpha=&#8220;50&#8243; equal_height=&#8220;yes&#8220; gutter_size=&#8220;0&#8243; column_width_percent=&#8220;100&#8243; shift_y=&#8220;0&#8243; z_index=&#8220;0&#8243;][vc_column column_width_percent=&#8220;100&#8243; gutter_size=&#8220;3&#8243; back_image=&#8220;1760&#8243; overlay_alpha=&#8220;50&#8243; shift_x=&#8220;0&#8243; shift_y=&#8220;0&#8243; shift_y_down=&#8220;0&#8243; z_index=&#8220;0&#8243; medium_width=&#8220;0&#8243; mobile_width=&#8220;0&#8243; width=&#8220;1\/2&#8243;][vc_empty_space empty_h=&#8220;5&#8243;][vc_empty_space empty_h=&#8220;5&#8243;][vc_empty_space empty_h=&#8220;5&#8243; mobile_visibility=&#8220;yes&#8220;][\/vc_column][vc_column column_width_percent=&#8220;100&#8243; gutter_size=&#8220;3&#8243; override_padding=&#8220;yes&#8220; column_padding=&#8220;5&#8243; style=&#8220;dark&#8220; back_image=&#8220;142&#8243; overlay_alpha=&#8220;50&#8243; shift_x=&#8220;0&#8243; shift_y=&#8220;0&#8243; shift_y_down=&#8220;0&#8243; z_index=&#8220;0&#8243; medium_width=&#8220;0&#8243; mobile_width=&#8220;0&#8243; width=&#8220;1\/2&#8243; el_class=&#8220;textColRight&#8220; uncode_shortcode_id=&#8220;116932&#8243;][vc_column_text el_class=&#8220;textbox_01&#8243;]<\/p>\n<h5>Restaurant<\/h5>\n<h2>Kulinarische H\u00f6henfl\u00fcge in den Stuben oder im Gartenrestaurant<\/h2>\n<p>In unserem schmucken Restaurant und auf der sonnigen Gartenterrasse verw\u00f6hnen wir Sie durchgehend mit K\u00f6stlichkeiten aus der Region. Ein Besuch lohnt sich.[\/vc_column_text][vc_empty_space empty_h=&#8220;2&#8243; medium_visibility=&#8220;yes&#8220; mobile_visibility=&#8220;yes&#8220;][vc_button button_color=&#8220;accent&#8220; size=&#8220;btn-lg&#8220; radius=&#8220;btn-square&#8220; border_width=&#8220;0&#8243; link=&#8220;url:https%3A%2F%2Fwww.schaukaeserei.ch%2Fde%2Frestaurant%2F|title:Schauk%C3%A4serei||&#8220;]Mehr erfahren[\/vc_button][\/vc_column][\/vc_row][vc_row unlock_row_content=&#8220;yes&#8220; row_height_percent=&#8220;0&#8243; override_padding=&#8220;yes&#8220; h_padding=&#8220;0&#8243; top_padding=&#8220;0&#8243; bottom_padding=&#8220;0&#8243; overlay_alpha=&#8220;50&#8243; equal_height=&#8220;yes&#8220; gutter_size=&#8220;0&#8243; column_width_percent=&#8220;100&#8243; shift_y=&#8220;0&#8243; z_index=&#8220;0&#8243; inverted_device_order=&#8220;yes&#8220;][vc_column column_width_percent=&#8220;100&#8243; gutter_size=&#8220;3&#8243; override_padding=&#8220;yes&#8220; column_padding=&#8220;5&#8243; style=&#8220;dark&#8220; back_image=&#8220;142&#8243; overlay_alpha=&#8220;50&#8243; shift_x=&#8220;0&#8243; shift_y=&#8220;0&#8243; shift_y_down=&#8220;0&#8243; z_index=&#8220;0&#8243; medium_width=&#8220;0&#8243; mobile_width=&#8220;0&#8243; width=&#8220;1\/2&#8243; el_class=&#8220;textColLeft&#8220; uncode_shortcode_id=&#8220;132835&#8243;][vc_column_text el_class=&#8220;textbox_01&#8243;]<\/p>\n<h5>Anl\u00e4sse<\/h5>\n<h2>Die Schauk\u00e4serei \u2013 ideal f\u00fcr Anl\u00e4sse, Seminare und Feste aller Art<\/h2>\n<p>Unsere Zutaten f\u00fcr einen gelungenen Anlass: stimmungsvolle R\u00e4ume, feinste Spezialit\u00e4ten und der w\u00fcrzigste K\u00e4se der Schweiz. Nehmen Sie mit uns Kontakt auf, wir beraten Sie gerne.[\/vc_column_text][vc_empty_space empty_h=&#8220;2&#8243; medium_visibility=&#8220;yes&#8220; mobile_visibility=&#8220;yes&#8220;][vc_button button_color=&#8220;accent&#8220; size=&#8220;btn-lg&#8220; radius=&#8220;btn-square&#8220; border_width=&#8220;0&#8243; link=&#8220;url:%2Fde%2Frestaurant%2Fanlaesse%2F|title:Schauk%C3%A4serei||&#8220;]Mehr erfahren[\/vc_button][\/vc_column][vc_column column_width_percent=&#8220;100&#8243; gutter_size=&#8220;3&#8243; back_image=&#8220;2432&#8243; overlay_alpha=&#8220;50&#8243; shift_x=&#8220;0&#8243; shift_y=&#8220;0&#8243; shift_y_down=&#8220;0&#8243; z_index=&#8220;0&#8243; medium_width=&#8220;0&#8243; mobile_width=&#8220;0&#8243; width=&#8220;1\/2&#8243;][vc_empty_space empty_h=&#8220;5&#8243;][vc_empty_space empty_h=&#8220;5&#8243;][vc_empty_space empty_h=&#8220;5&#8243; mobile_visibility=&#8220;yes&#8220;][\/vc_column][\/vc_row][vc_row row_height_percent=&#8220;0&#8243; override_padding=&#8220;yes&#8220; h_padding=&#8220;2&#8243; top_padding=&#8220;7&#8243; bottom_padding=&#8220;7&#8243; back_image=&#8220;528&#8243; overlay_alpha=&#8220;50&#8243; gutter_size=&#8220;3&#8243; column_width_percent=&#8220;100&#8243; shift_y=&#8220;0&#8243; z_index=&#8220;0&#8243;][vc_column column_width_percent=&#8220;100&#8243; gutter_size=&#8220;3&#8243; style=&#8220;dark&#8220; overlay_alpha=&#8220;50&#8243; shift_x=&#8220;0&#8243; shift_y=&#8220;0&#8243; shift_y_down=&#8220;0&#8243; z_index=&#8220;0&#8243; medium_width=&#8220;0&#8243; mobile_width=&#8220;0&#8243; width=&#8220;1\/2&#8243; uncode_shortcode_id=&#8220;869158&#8243;][vc_custom_heading text_size=&#8220;h1&#8243; el_class=&#8220;schatten&#8220;]Appenzeller<sup>\u00ae<\/sup> K\u00e4se \u2013 der w\u00fcrzigste K\u00e4se der Schweiz[\/vc_custom_heading][vc_empty_space empty_h=&#8220;1&#8243;][vc_column_text text_lead=&#8220;yes&#8220; el_class=&#8220;schatten&#8220;]Sie m\u00f6chten noch mehr \u00fcber Appenzeller<sup>\u00ae<\/sup>\u00a0K\u00e4se erfahren? Hier entdecken Sie feinste Rezepte, das gesamte Appenzeller<sup>\u00ae<\/sup>\u00a0K\u00e4se Sortiment und weitere spannende Informationen.[\/vc_column_text][vc_empty_space empty_h=&#8220;1&#8243;][vc_button button_color=&#8220;accent&#8220; size=&#8220;btn-lg&#8220; radius=&#8220;btn-square&#8220; border_width=&#8220;0&#8243; link=&#8220;url:https%3A%2F%2Fappenzeller.ch%2F|title:Schauk%C3%A4serei|target:%20_blank|&#8220;]zu appenzeller.ch[\/vc_button][\/vc_column][vc_column width=&#8220;1\/2&#8243;][\/vc_column][\/vc_row][vc_row][vc_column width=&#8220;1\/1&#8243;][uncode_block id=&#8220;524&#8243;][\/vc_column][\/vc_row][vc_row][vc_column width=&#8220;1\/1&#8243;][vc_empty_space empty_h=&#8220;0&#8243;][\/vc_column][\/vc_row][vc_row row_height_percent=&#8220;0&#8243; override_padding=&#8220;yes&#8220; h_padding=&#8220;2&#8243; top_padding=&#8220;0&#8243; bottom_padding=&#8220;0&#8243; back_color=&#8220;color-649915&#8243; overlay_alpha=&#8220;50&#8243; gutter_size=&#8220;3&#8243; column_width_percent=&#8220;100&#8243; border_color=&#8220;color-xsdn&#8220; border_style=&#8220;solid&#8220; shift_y=&#8220;0&#8243; z_index=&#8220;0&#8243; mobile_visibility=&#8220;yes&#8220; css=&#8220;.vc_custom_1619782946214{border-top-width: 10px !important;border-right-width: 0px !important;border-bottom-width: 10px !important;border-left-width: 0px !important;}&#8220;][vc_column column_width_percent=&#8220;100&#8243; position_horizontal=&#8220;left&#8220; position_vertical=&#8220;middle&#8220; gutter_size=&#8220;3&#8243; overlay_alpha=&#8220;50&#8243; shift_x=&#8220;0&#8243; shift_y=&#8220;0&#8243; shift_y_down=&#8220;0&#8243; z_index=&#8220;0&#8243; medium_width=&#8220;5&#8243; mobile_width=&#8220;4&#8243; width=&#8220;9\/12&#8243; css=&#8220;.vc_custom_1619782850668{padding-top: 19px !important;padding-bottom: 19px !important;}&#8220; el_class=&#8220;scm_border&#8220;][vc_single_image media=&#8220;559&#8243; media_width_use_pixel=&#8220;yes&#8220; media_ratio=&#8220;one-one&#8220; media_link=&#8220;url:https%3A%2F%2Fwww.schweizerkaese.ch||target:%20_blank|&#8220; media_width_pixel=&#8220;370&#8243;][\/vc_column][vc_column column_width_percent=&#8220;100&#8243; position_horizontal=&#8220;right&#8220; position_vertical=&#8220;bottom&#8220; align_horizontal=&#8220;align_right&#8220; gutter_size=&#8220;3&#8243; override_padding=&#8220;yes&#8220; column_padding=&#8220;0&#8243; style=&#8220;dark&#8220; overlay_alpha=&#8220;50&#8243; shift_x=&#8220;0&#8243; shift_y=&#8220;-5&#8243; shift_y_fixed=&#8220;yes&#8220; shift_y_down=&#8220;0&#8243; z_index=&#8220;0&#8243; medium_width=&#8220;3&#8243; mobile_width=&#8220;4&#8243; width=&#8220;3\/12&#8243; css=&#8220;.vc_custom_1619782483549{padding-top: 19px !important;padding-bottom: 19px !important;}&#8220;][vc_single_image media=&#8220;597&#8243; media_width_use_pixel=&#8220;yes&#8220; alignment=&#8220;right&#8220; media_width_pixel=&#8220;90&#8243;][vc_column_text el_class=&#8220;schweiznatuerlich&#8220; css=&#8220;.vc_custom_1619781336411{margin-top: 10px !important;}&#8220;]<strong>Schweiz. Nat\u00fcrlich.<\/strong>[\/vc_column_text][\/vc_column][\/vc_row][vc_row row_height_percent=&#8220;0&#8243; override_padding=&#8220;yes&#8220; h_padding=&#8220;2&#8243; top_padding=&#8220;0&#8243; bottom_padding=&#8220;0&#8243; back_color=&#8220;color-649915&#8243; overlay_alpha=&#8220;50&#8243; gutter_size=&#8220;0&#8243; column_width_percent=&#8220;100&#8243; border_color=&#8220;color-xsdn&#8220; border_style=&#8220;solid&#8220; shift_y=&#8220;0&#8243; z_index=&#8220;0&#8243; desktop_visibility=&#8220;yes&#8220; medium_visibility=&#8220;yes&#8220; css=&#8220;.vc_custom_1619783271334{border-top-width: 10px !important;border-right-width: 0px !important;border-bottom-width: 10px !important;border-left-width: 0px !important;}&#8220;][vc_column column_width_percent=&#8220;100&#8243; position_horizontal=&#8220;left&#8220; position_vertical=&#8220;middle&#8220; gutter_size=&#8220;3&#8243; overlay_alpha=&#8220;50&#8243; shift_x=&#8220;0&#8243; shift_y=&#8220;0&#8243; shift_y_down=&#8220;0&#8243; z_index=&#8220;0&#8243; medium_width=&#8220;5&#8243; mobile_width=&#8220;4&#8243; width=&#8220;2\/3&#8243; css=&#8220;.vc_custom_1619784086442{padding-top: 19px !important;padding-right: 19px !important;padding-bottom: 19px !important;}&#8220; el_class=&#8220;scm_border&#8220;][vc_single_image media=&#8220;559&#8243; media_width_use_pixel=&#8220;yes&#8220; media_ratio=&#8220;one-one&#8220; media_link=&#8220;url:https%3A%2F%2Fwww.schweizerkaese.ch||target:%20_blank|&#8220; media_width_pixel=&#8220;370&#8243;][\/vc_column][vc_column column_width_percent=&#8220;100&#8243; position_horizontal=&#8220;right&#8220; position_vertical=&#8220;bottom&#8220; align_horizontal=&#8220;align_right&#8220; gutter_size=&#8220;3&#8243; override_padding=&#8220;yes&#8220; column_padding=&#8220;0&#8243; style=&#8220;dark&#8220; overlay_alpha=&#8220;50&#8243; shift_x=&#8220;0&#8243; shift_y=&#8220;-3&#8243; shift_y_fixed=&#8220;yes&#8220; shift_y_down=&#8220;0&#8243; z_index=&#8220;0&#8243; medium_width=&#8220;3&#8243; mobile_width=&#8220;4&#8243; width=&#8220;1\/3&#8243; css=&#8220;.vc_custom_1619784098526{padding-top: 19px !important;padding-bottom: 19px !important;padding-left: 0px !important;}&#8220;][vc_single_image media=&#8220;597&#8243; media_width_use_pixel=&#8220;yes&#8220; alignment=&#8220;right&#8220; media_width_pixel=&#8220;60&#8243;][vc_column_text el_class=&#8220;schweiznatuerlich&#8220; css=&#8220;.vc_custom_1619783373176{margin-top: 10px !important;}&#8220;]<strong>Schweiz. Nat\u00fcrlich.<\/strong>[\/vc_column_text][\/vc_column][\/vc_row]<\/p>\n<\/div>","protected":false},"excerpt":{"rendered":"<p>[vc_row][vc_column width=&#8220;1\/1&#8243;][uncode_block id=&#8220;295&#8243;][\/vc_column][\/vc_row][vc_row unlock_row_content=&#8220;yes&#8220; row_height_percent=&#8220;0&#8243; override_padding=&#8220;yes&#8220; h_padding=&#8220;0&#8243; top_padding=&#8220;0&#8243; bottom_padding=&#8220;0&#8243; overlay_alpha=&#8220;50&#8243; equal_height=&#8220;yes&#8220; gutter_size=&#8220;0&#8243; column_width_percent=&#8220;100&#8243; shift_y=&#8220;0&#8243; z_index=&#8220;0&#8243; inverted_device_order=&#8220;yes&#8220;][vc_column column_width_percent=&#8220;100&#8243; gutter_size=&#8220;3&#8243; override_padding=&#8220;yes&#8220; column_padding=&#8220;5&#8243; [&hellip;]<\/p>\n","protected":false},"author":1,"featured_media":0,"parent":0,"menu_order":26,"comment_status":"closed","ping_status":"closed","template":"","meta":{"footnotes":"","_links_to":"","_links_to_target":""},"class_list":["post-28","page","type-page","status-publish","hentry"],"yoast_head":"<!-- This site is optimized with the Yoast SEO plugin v27.4 - https:\/\/yoast.com\/product\/yoast-seo-wordpress\/ -->\n<title>Appenzeller Schauk\u00e4serei - der geheimnisvolle Appenzeller K\u00e4se<\/title>\n<meta name=\"description\" content=\"Blicken Sie hinter die Kulissen und erfahren Sie mehr \u00fcber die Appenzeller Traditionen und Herstellung des w\u00fcrzigsten K\u00e4ses der Schweiz.\" \/>\n<meta name=\"robots\" content=\"index, follow, max-snippet:-1, max-image-preview:large, max-video-preview:-1\" \/>\n<link rel=\"canonical\" href=\"https:\/\/www.schaukaeserei.ch\/de\/\" \/>\n<meta property=\"og:locale\" content=\"de_DE\" \/>\n<meta property=\"og:type\" content=\"article\" \/>\n<meta property=\"og:title\" content=\"Appenzeller Schauk\u00e4serei AG\" \/>\n<meta property=\"og:description\" content=\"Appenzeller - dem bestgeh\u00fcteten Geheimnis auf der Spur.\" \/>\n<meta property=\"og:url\" content=\"https:\/\/www.schaukaeserei.ch\/de\/\" \/>\n<meta property=\"og:site_name\" content=\"Appenzeller Schauk\u00e4serei\" \/>\n<meta property=\"article:modified_time\" content=\"2025-11-28T16:28:17+00:00\" \/>\n<meta property=\"og:image\" content=\"https:\/\/www.schaukaeserei.ch\/wp-content\/uploads\/2020\/09\/20200907-Schauk\u00e4serei-173_Web-scaled.jpg\" \/>\n\t<meta property=\"og:image:width\" content=\"1920\" \/>\n\t<meta property=\"og:image:height\" content=\"1279\" \/>\n\t<meta property=\"og:image:type\" content=\"image\/jpeg\" \/>\n<meta name=\"twitter:card\" content=\"summary_large_image\" \/>\n<meta name=\"twitter:label1\" content=\"Gesch\u00e4tzte Lesezeit\" \/>\n\t<meta name=\"twitter:data1\" content=\"4\u00a0Minuten\" \/>\n<script type=\"application\/ld+json\" class=\"yoast-schema-graph\">{\"@context\":\"https:\\\/\\\/schema.org\",\"@graph\":[{\"@type\":\"WebPage\",\"@id\":\"https:\\\/\\\/www.schaukaeserei.ch\\\/de\\\/\",\"url\":\"https:\\\/\\\/www.schaukaeserei.ch\\\/de\\\/\",\"name\":\"Appenzeller Schauk\u00e4serei - der geheimnisvolle Appenzeller K\u00e4se\",\"isPartOf\":{\"@id\":\"https:\\\/\\\/www.schaukaeserei.ch\\\/de\\\/#website\"},\"datePublished\":\"2019-08-05T09:05:58+00:00\",\"dateModified\":\"2025-11-28T16:28:17+00:00\",\"description\":\"Blicken Sie hinter die Kulissen und erfahren Sie mehr \u00fcber die Appenzeller Traditionen und Herstellung des w\u00fcrzigsten K\u00e4ses der Schweiz.\",\"breadcrumb\":{\"@id\":\"https:\\\/\\\/www.schaukaeserei.ch\\\/de\\\/#breadcrumb\"},\"inLanguage\":\"de\",\"potentialAction\":[{\"@type\":\"ReadAction\",\"target\":[\"https:\\\/\\\/www.schaukaeserei.ch\\\/de\\\/\"]}]},{\"@type\":\"BreadcrumbList\",\"@id\":\"https:\\\/\\\/www.schaukaeserei.ch\\\/de\\\/#breadcrumb\",\"itemListElement\":[{\"@type\":\"ListItem\",\"position\":1,\"name\":\"Startseite\",\"item\":\"https:\\\/\\\/www.schaukaeserei.ch\\\/de\\\/\"},{\"@type\":\"ListItem\",\"position\":2,\"name\":\"Appenzeller Schauk\u00e4serei\"}]},{\"@type\":\"WebSite\",\"@id\":\"https:\\\/\\\/www.schaukaeserei.ch\\\/de\\\/#website\",\"url\":\"https:\\\/\\\/www.schaukaeserei.ch\\\/de\\\/\",\"name\":\"Appenzeller Schauk\u00e4serei\",\"description\":\"Entdecken Sie den geheimnisvollen Appenzeller K\u00e4se\",\"potentialAction\":[{\"@type\":\"SearchAction\",\"target\":{\"@type\":\"EntryPoint\",\"urlTemplate\":\"https:\\\/\\\/www.schaukaeserei.ch\\\/de\\\/?s={search_term_string}\"},\"query-input\":{\"@type\":\"PropertyValueSpecification\",\"valueRequired\":true,\"valueName\":\"search_term_string\"}}],\"inLanguage\":\"de\"}]}<\/script>\n<!-- \/ Yoast SEO plugin. -->","yoast_head_json":{"title":"Appenzeller Schauk\u00e4serei - der geheimnisvolle Appenzeller K\u00e4se","description":"Blicken Sie hinter die Kulissen und erfahren Sie mehr \u00fcber die Appenzeller Traditionen und Herstellung des w\u00fcrzigsten K\u00e4ses der Schweiz.","robots":{"index":"index","follow":"follow","max-snippet":"max-snippet:-1","max-image-preview":"max-image-preview:large","max-video-preview":"max-video-preview:-1"},"canonical":"https:\/\/www.schaukaeserei.ch\/de\/","og_locale":"de_DE","og_type":"article","og_title":"Appenzeller Schauk\u00e4serei AG","og_description":"Appenzeller - dem bestgeh\u00fcteten Geheimnis auf der Spur.","og_url":"https:\/\/www.schaukaeserei.ch\/de\/","og_site_name":"Appenzeller Schauk\u00e4serei","article_modified_time":"2025-11-28T16:28:17+00:00","og_image":[{"width":1920,"height":1279,"url":"https:\/\/www.schaukaeserei.ch\/wp-content\/uploads\/2020\/09\/20200907-Schauk\u00e4serei-173_Web-scaled.jpg","type":"image\/jpeg"}],"twitter_card":"summary_large_image","twitter_misc":{"Gesch\u00e4tzte Lesezeit":"4\u00a0Minuten"},"schema":{"@context":"https:\/\/schema.org","@graph":[{"@type":"WebPage","@id":"https:\/\/www.schaukaeserei.ch\/de\/","url":"https:\/\/www.schaukaeserei.ch\/de\/","name":"Appenzeller Schauk\u00e4serei - der geheimnisvolle Appenzeller K\u00e4se","isPartOf":{"@id":"https:\/\/www.schaukaeserei.ch\/de\/#website"},"datePublished":"2019-08-05T09:05:58+00:00","dateModified":"2025-11-28T16:28:17+00:00","description":"Blicken Sie hinter die Kulissen und erfahren Sie mehr \u00fcber die Appenzeller Traditionen und Herstellung des w\u00fcrzigsten K\u00e4ses der Schweiz.","breadcrumb":{"@id":"https:\/\/www.schaukaeserei.ch\/de\/#breadcrumb"},"inLanguage":"de","potentialAction":[{"@type":"ReadAction","target":["https:\/\/www.schaukaeserei.ch\/de\/"]}]},{"@type":"BreadcrumbList","@id":"https:\/\/www.schaukaeserei.ch\/de\/#breadcrumb","itemListElement":[{"@type":"ListItem","position":1,"name":"Startseite","item":"https:\/\/www.schaukaeserei.ch\/de\/"},{"@type":"ListItem","position":2,"name":"Appenzeller Schauk\u00e4serei"}]},{"@type":"WebSite","@id":"https:\/\/www.schaukaeserei.ch\/de\/#website","url":"https:\/\/www.schaukaeserei.ch\/de\/","name":"Appenzeller Schauk\u00e4serei","description":"Entdecken Sie den geheimnisvollen Appenzeller K\u00e4se","potentialAction":[{"@type":"SearchAction","target":{"@type":"EntryPoint","urlTemplate":"https:\/\/www.schaukaeserei.ch\/de\/?s={search_term_string}"},"query-input":{"@type":"PropertyValueSpecification","valueRequired":true,"valueName":"search_term_string"}}],"inLanguage":"de"}]}},"publishpress_future_workflow_manual_trigger":{"enabledWorkflows":[]},"_links":{"self":[{"href":"https:\/\/www.schaukaeserei.ch\/de\/wp-json\/wp\/v2\/pages\/28","targetHints":{"allow":["GET"]}}],"collection":[{"href":"https:\/\/www.schaukaeserei.ch\/de\/wp-json\/wp\/v2\/pages"}],"about":[{"href":"https:\/\/www.schaukaeserei.ch\/de\/wp-json\/wp\/v2\/types\/page"}],"author":[{"embeddable":true,"href":"https:\/\/www.schaukaeserei.ch\/de\/wp-json\/wp\/v2\/users\/1"}],"replies":[{"embeddable":true,"href":"https:\/\/www.schaukaeserei.ch\/de\/wp-json\/wp\/v2\/comments?post=28"}],"version-history":[{"count":233,"href":"https:\/\/www.schaukaeserei.ch\/de\/wp-json\/wp\/v2\/pages\/28\/revisions"}],"predecessor-version":[{"id":11160,"href":"https:\/\/www.schaukaeserei.ch\/de\/wp-json\/wp\/v2\/pages\/28\/revisions\/11160"}],"wp:attachment":[{"href":"https:\/\/www.schaukaeserei.ch\/de\/wp-json\/wp\/v2\/media?parent=28"}],"curies":[{"name":"wp","href":"https:\/\/api.w.org\/{rel}","templated":true}]}}