{"id":75,"date":"2019-08-05T13:39:24","date_gmt":"2019-08-05T13:39:24","guid":{"rendered":"https:\/\/www.schaukaeserei.ch\/?page_id=75"},"modified":"2025-12-07T21:45:36","modified_gmt":"2025-12-07T20:45:36","slug":"anlaesse","status":"publish","type":"page","link":"https:\/\/www.schaukaeserei.ch\/de\/restaurant\/anlaesse\/","title":{"rendered":"Anl\u00e4sse"},"content":{"rendered":"<div class=\"wpb-content-wrapper\"><p>[vc_row row_height_percent=&#8220;0&#8243; override_padding=&#8220;yes&#8220; h_padding=&#8220;2&#8243; top_padding=&#8220;3&#8243; bottom_padding=&#8220;3&#8243; overlay_alpha=&#8220;50&#8243; gutter_size=&#8220;3&#8243; column_width_percent=&#8220;100&#8243; shift_y=&#8220;0&#8243; z_index=&#8220;0&#8243;][vc_column width=&#8220;1\/1&#8243;][vc_column_text text_lead=&#8220;yes&#8220;]<\/p>\n<h2>Planen Sie Ihren n\u00e4chsten Event mit uns.<\/h2>\n<p><strong>Blicken Sie hinter die Kulissen und erfahren Sie mehr \u00fcber die Appenzeller Traditionen und die Herstellung des w\u00fcrzigsten K\u00e4ses der Schweiz.<\/strong><\/p>\n<p>Sie wollen genau wissen, wie das mit dem Appenzeller<sup>\u00ae<\/sup> K\u00e4se funktioniert? Dann buchen Sie eine gef\u00fchrte Besichtigung. Eine Gastgeberin erkl\u00e4rt in der Erlebnisausstellung wahlweise in Deutsch, Englisch, und Franz\u00f6sisch die Finessen rund um die Produktion des w\u00fcrzigen Appenzeller<sup>\u00ae<\/sup> K\u00e4ses. Eins ist jedoch sicher: Das Geheimnis der Kr\u00e4utersulz verr\u00e4t sie nicht.<\/p>\n<p>Wollen Sie Ihren Anlass bei uns in der Schauk\u00e4serei mit oder ohne Besichtigung in der Erlebniswelt mit Ihren ganz besonderen W\u00fcnschen abrunden? Dann verraten Sie uns Ihre geheimen W\u00fcnsche, wir unterst\u00fctzen Sie gerne bei der Planung.[\/vc_column_text][\/vc_column][\/vc_row][vc_row unlock_row_content=&#8220;yes&#8220; row_height_percent=&#8220;0&#8243; override_padding=&#8220;yes&#8220; h_padding=&#8220;0&#8243; top_padding=&#8220;0&#8243; bottom_padding=&#8220;0&#8243; overlay_alpha=&#8220;50&#8243; equal_height=&#8220;yes&#8220; gutter_size=&#8220;0&#8243; column_width_percent=&#8220;100&#8243; shift_y=&#8220;0&#8243; z_index=&#8220;0&#8243; enable_bottom_divider=&#8220;custom&#8220; shape_bottom_custom=&#8220;174&#8243; shape_bottom_flip=&#8220;yes&#8220; shape_bottom_h_use_pixel=&#8220;&#8220; shape_bottom_height=&#8220;100&#8243; shape_bottom_color=&#8220;color-xsdn&#8220; shape_bottom_opacity=&#8220;100&#8243; shape_bottom_index=&#8220;2&#8243; inverted_device_order=&#8220;yes&#8220; content_parallax=&#8220;0&#8243; row_name=&#8220;seminare&#8220; uncode_shortcode_id=&#8220;243085&#8243; shape_bottom_color_type=&#8220;uncode-palette&#8220;][vc_column column_width_percent=&#8220;100&#8243; gutter_size=&#8220;3&#8243; back_image=&#8220;2422&#8243; back_position=&#8220;center center&#8220; overlay_alpha=&#8220;50&#8243; shift_x=&#8220;0&#8243; shift_y=&#8220;0&#8243; shift_y_down=&#8220;0&#8243; z_index=&#8220;0&#8243; medium_width=&#8220;0&#8243; mobile_width=&#8220;0&#8243; width=&#8220;1\/2&#8243;][vc_empty_space empty_h=&#8220;5&#8243;][vc_empty_space empty_h=&#8220;5&#8243;][vc_empty_space empty_h=&#8220;5&#8243; mobile_visibility=&#8220;yes&#8220;][\/vc_column][vc_column column_width_percent=&#8220;100&#8243; position_vertical=&#8220;middle&#8220; gutter_size=&#8220;3&#8243; override_padding=&#8220;yes&#8220; column_padding=&#8220;5&#8243; style=&#8220;dark&#8220; back_image=&#8220;142&#8243; overlay_alpha=&#8220;50&#8243; shift_x=&#8220;0&#8243; shift_y=&#8220;0&#8243; shift_y_down=&#8220;0&#8243; z_index=&#8220;0&#8243; medium_width=&#8220;0&#8243; mobile_width=&#8220;0&#8243; width=&#8220;1\/2&#8243; el_class=&#8220;textColRight&#8220;][vc_column_text el_class=&#8220;textbox_01&#8243;]<\/p>\n<h5>Seminare und Bankette<\/h5>\n<h2>Unser Haus bietet\u00a0\u2026<\/h2>\n<p>\u2026 Technik-Support und hilft beim Dekorieren, Verkabeln, Drucken und Kopieren. Gerne gestalten wir auf Wunsch auch Ihr Rahmenprogramm und unterst\u00fctzen Sie beim Planen und Organisieren.[\/vc_column_text][uncode_block id=&#8220;1542&#8243; inside_column=&#8220;yes&#8220;][\/vc_column][\/vc_row][vc_row row_height_percent=&#8220;0&#8243; override_padding=&#8220;yes&#8220; h_padding=&#8220;2&#8243; top_padding=&#8220;0&#8243; bottom_padding=&#8220;2&#8243; overlay_alpha=&#8220;50&#8243; gutter_size=&#8220;3&#8243; column_width_percent=&#8220;100&#8243; shift_y=&#8220;0&#8243; z_index=&#8220;2&#8243;][vc_column width=&#8220;1\/1&#8243;][vc_column_text]<\/p>\n<h2>Seminare und Bankette<\/h2>\n<p>[\/vc_column_text][\/vc_column][\/vc_row][vc_row row_height_percent=&#8220;0&#8243; override_padding=&#8220;yes&#8220; h_padding=&#8220;2&#8243; top_padding=&#8220;0&#8243; bottom_padding=&#8220;4&#8243; overlay_alpha=&#8220;50&#8243; gutter_size=&#8220;3&#8243; column_width_percent=&#8220;100&#8243; shift_y=&#8220;0&#8243; z_index=&#8220;3&#8243; content_parallax=&#8220;0&#8243; uncode_shortcode_id=&#8220;207903&#8243;][vc_column width=&#8220;1\/2&#8243;][vc_column_text]Seminare und Sitzungen fern ab des Alltags: In unseren zwei heimeligen Gaststuben abseits der Alltagshektik, f\u00fchren Sie Ihre Seminare bis 40 Personen ganz einfach ruhiger, interessanter und kreativer durch. Vor und nach dem Seminar geniessen Sie im Restaurant marktfrische Gerichte, K\u00e4sespezialit\u00e4ten und feine Kreationen aus regionaler Produktion.<\/p>\n<p>F\u00fcr feierliche Bankette bieten wir Platz f\u00fcr bis zu 150 Personen. Gerne beraten und unterst\u00fctzen wir Sie bei der Planung.[\/vc_column_text][\/vc_column][vc_column width=&#8220;1\/2&#8243;][vc_empty_space empty_h=&#8220;3&#8243;][vc_empty_space empty_h=&#8220;3&#8243;][vc_empty_space empty_h=&#8220;3&#8243;][vc_button button_color=&#8220;accent&#8220; size=&#8220;btn-lg&#8220; radius=&#8220;btn-square&#8220; border_width=&#8220;0&#8243; link=&#8220;url:https%3A%2F%2Fwww.schaukaeserei.ch%2Fwp-content%2Fuploads%2F2025%2F07%2FSeminar-und-Sitzungsraeume_2025.pdf|title:Schauk%C3%A4serei|target:_blank&#8220; button_color_type=&#8220;uncode-palette&#8220; uncode_shortcode_id=&#8220;674835&#8243;]Unsere Angebote f\u00fcr Seminare[\/vc_button][\/vc_column][\/vc_row][vc_row unlock_row_content=&#8220;yes&#8220; row_height_percent=&#8220;0&#8243; override_padding=&#8220;yes&#8220; h_padding=&#8220;0&#8243; top_padding=&#8220;0&#8243; bottom_padding=&#8220;0&#8243; overlay_alpha=&#8220;50&#8243; equal_height=&#8220;yes&#8220; gutter_size=&#8220;0&#8243; column_width_percent=&#8220;100&#8243; shift_y=&#8220;0&#8243; z_index=&#8220;0&#8243; inverted_device_order=&#8220;yes&#8220; content_parallax=&#8220;0&#8243; row_name=&#8220;gruppenangebote&#8220; uncode_shortcode_id=&#8220;198361&#8243;][vc_column column_width_percent=&#8220;100&#8243; gutter_size=&#8220;3&#8243; back_image=&#8220;4373&#8243; overlay_alpha=&#8220;50&#8243; shift_x=&#8220;0&#8243; shift_y=&#8220;0&#8243; shift_y_down=&#8220;0&#8243; z_index=&#8220;0&#8243; medium_width=&#8220;0&#8243; mobile_width=&#8220;0&#8243; width=&#8220;1\/2&#8243; uncode_shortcode_id=&#8220;133175&#8243;][vc_empty_space empty_h=&#8220;2&#8243;][\/vc_column][vc_column column_width_percent=&#8220;100&#8243; gutter_size=&#8220;3&#8243; override_padding=&#8220;yes&#8220; column_padding=&#8220;5&#8243; style=&#8220;dark&#8220; back_image=&#8220;142&#8243; overlay_alpha=&#8220;50&#8243; shift_x=&#8220;0&#8243; shift_y=&#8220;0&#8243; shift_y_down=&#8220;0&#8243; z_index=&#8220;0&#8243; medium_width=&#8220;0&#8243; mobile_width=&#8220;0&#8243; width=&#8220;1\/2&#8243; el_class=&#8220;textColLeft&#8220;][vc_button button_color=&#8220;accent&#8220; size=&#8220;btn-lg&#8220; radius=&#8220;btn-square&#8220; border_width=&#8220;0&#8243; link=&#8220;url:https%3A%2F%2Fwww.schaukaeserei.ch%2Fkaeserei%2Ferlebnisangebote%2F|title:Schauk%C3%A4serei||&#8220;]Hier gehts zu den Gruppenangeboten[\/vc_button][vc_column_text el_class=&#8220;textbox_01&#8243;]<\/p>\n<h5>Gruppenangebote<\/h5>\n<h2>Erlebnisse f\u00fcr Gruppen<\/h2>\n<p>Nicht nur in der Appenzeller Schauk\u00e4serei gibt es viel zu erleben, sondern auch in der gesamten Region. Darum haben wir mit unseren Partnern aus dem Appenzellerland verschiedene Kombiangebote zusammengestellt.[\/vc_column_text][\/vc_column][\/vc_row][vc_row unlock_row_content=&#8220;yes&#8220; row_height_percent=&#8220;0&#8243; override_padding=&#8220;yes&#8220; h_padding=&#8220;0&#8243; top_padding=&#8220;0&#8243; bottom_padding=&#8220;0&#8243; overlay_alpha=&#8220;50&#8243; equal_height=&#8220;yes&#8220; gutter_size=&#8220;0&#8243; column_width_percent=&#8220;100&#8243; shift_y=&#8220;0&#8243; z_index=&#8220;0&#8243; inverted_device_order=&#8220;yes&#8220; row_name=&#8220;weihnachtsessen&#8220; uncode_shortcode_id=&#8220;203912&#8243;][vc_column column_width_percent=&#8220;100&#8243; gutter_size=&#8220;3&#8243; override_padding=&#8220;yes&#8220; column_padding=&#8220;5&#8243; style=&#8220;dark&#8220; back_image=&#8220;142&#8243; overlay_alpha=&#8220;50&#8243; shift_x=&#8220;0&#8243; shift_y=&#8220;0&#8243; shift_y_down=&#8220;0&#8243; z_index=&#8220;0&#8243; medium_width=&#8220;0&#8243; mobile_width=&#8220;0&#8243; width=&#8220;1\/2&#8243; el_class=&#8220;textColLeft&#8220;][vc_column_text el_class=&#8220;textbox_01&#8243; uncode_shortcode_id=&#8220;784071&#8243;]<\/p>\n<h5>Weihnachtsessen<\/h5>\n<h2>W\u00fcrzige Weihnachtsessen<\/h2>\n<p>In unserem Restaurant geniessen Gruppen w\u00fcrzige Weihnachtsessen im urchigen oder edlen Stil. Verbringen Sie unvergessliche Stunden beim w\u00fcrzigsten K\u00e4se der Schweiz! Ob ein klassischer Fondue-Plausch in unserer gem\u00fctlichen Stube oder ein festliches Men\u00fc mit regionalen Spezialit\u00e4ten \u2013 wir machen Ihren Anlass einzigartig.<\/p>\n<p>F\u00fcr Kleingruppen stehen fix definierte Abende zur Verf\u00fcgung. Gruppen ab 25 Personen empfangen wir gerne auch an individuell vereinbarten Terminen.<\/p>\n<p>Wir beraten Sie gerne und freuen uns auf Ihre Reservation an <a href=\"mailto:info@schaukaeserei.ch\">info@schaukaeserei.ch<\/a>.[\/vc_column_text][vc_button button_color=&#8220;accent&#8220; size=&#8220;btn-lg&#8220; radius=&#8220;btn-square&#8220; border_width=&#8220;1&#8243; link=&#8220;url:https%3A%2F%2Fwww.schaukaeserei.ch%2Fde%2Frestaurant%2Fweihnachtsessen%2F|title:Weihnachtsempfehlungen|target:_blank&#8220; button_color_type=&#8220;uncode-palette&#8220; uncode_shortcode_id=&#8220;113625&#8243;]Angebot &amp; Termine[\/vc_button][vc_button button_color=&#8220;accent&#8220; size=&#8220;btn-lg&#8220; radius=&#8220;btn-square&#8220; border_width=&#8220;1&#8243; link=&#8220;url:https%3A%2F%2Fwww.schaukaeserei.ch%2Fwp-content%2Fuploads%2F2025%2F10%2FWeihnachtsmenues-2025.pdf|title:Weihnachtsempfehlungen|target:_blank&#8220; button_color_type=&#8220;uncode-palette&#8220; uncode_shortcode_id=&#8220;140818&#8243;]Unsere Weihnachtsempfehlungen [\/vc_button][vc_button button_color=&#8220;accent&#8220; size=&#8220;btn-lg&#8220; radius=&#8220;btn-square&#8220; border_width=&#8220;0&#8243; link=&#8220;url:https%3A%2F%2Fwww.youtube.com%2Fwatch%3Fv%3DAg7P_Omw1M8|title:Spot%20Weihnachtsessen|target:_blank&#8220; button_color_type=&#8220;uncode-palette&#8220; uncode_shortcode_id=&#8220;113360&#8243; el_class=&#8220;hide&#8220;]Kommen Sie auf den Geschmack[\/vc_button][\/vc_column][vc_column column_width_percent=&#8220;100&#8243; gutter_size=&#8220;3&#8243; back_image=&#8220;6852&#8243; overlay_alpha=&#8220;50&#8243; shift_x=&#8220;0&#8243; shift_y=&#8220;0&#8243; shift_y_down=&#8220;0&#8243; z_index=&#8220;0&#8243; medium_width=&#8220;0&#8243; mobile_width=&#8220;0&#8243; width=&#8220;1\/2&#8243; uncode_shortcode_id=&#8220;170037&#8243;][vc_empty_space empty_h=&#8220;2&#8243;][\/vc_column][\/vc_row][vc_row unlock_row_content=&#8220;yes&#8220; row_height_percent=&#8220;0&#8243; override_padding=&#8220;yes&#8220; h_padding=&#8220;0&#8243; top_padding=&#8220;0&#8243; bottom_padding=&#8220;0&#8243; overlay_alpha=&#8220;50&#8243; equal_height=&#8220;yes&#8220; gutter_size=&#8220;0&#8243; column_width_percent=&#8220;100&#8243; shift_y=&#8220;0&#8243; z_index=&#8220;0&#8243; content_parallax=&#8220;0&#8243; uncode_shortcode_id=&#8220;110462&#8243; row_name=&#8220;silvester&#8220;][vc_column column_width_percent=&#8220;100&#8243; gutter_size=&#8220;3&#8243; back_image=&#8220;11193&#8243; overlay_alpha=&#8220;50&#8243; shift_x=&#8220;0&#8243; shift_y=&#8220;0&#8243; shift_y_down=&#8220;0&#8243; z_index=&#8220;0&#8243; medium_width=&#8220;0&#8243; mobile_width=&#8220;0&#8243; width=&#8220;1\/2&#8243; uncode_shortcode_id=&#8220;135644&#8243;][vc_empty_space empty_h=&#8220;4&#8243;][vc_empty_space empty_h=&#8220;4&#8243;][vc_empty_space empty_h=&#8220;4&#8243;][\/vc_column][vc_column column_width_percent=&#8220;100&#8243; gutter_size=&#8220;3&#8243; style=&#8220;dark&#8220; back_image=&#8220;142&#8243; overlay_alpha=&#8220;50&#8243; shift_x=&#8220;0&#8243; shift_y=&#8220;0&#8243; shift_y_down=&#8220;0&#8243; z_index=&#8220;0&#8243; medium_width=&#8220;0&#8243; mobile_width=&#8220;0&#8243; width=&#8220;1\/2&#8243; uncode_shortcode_id=&#8220;113906&#8243;][vc_empty_space empty_h=&#8220;1&#8243;][vc_column_text border_color=&#8220;color-xsdn&#8220; uncode_shortcode_id=&#8220;457795&#8243; el_class=&#8220;textbox_01&#8243; border_color_type=&#8220;uncode-palette&#8220;]<\/p>\n<h5>W\u00dcRZIGER JAHRESWECHSEL<\/h5>\n<h2>Silvester<\/h2>\n<p>Feiern Sie den Jahreswechsel in der Appenzeller Schauk\u00e4serei mit regionaler Gastronomie, stimmungsvoller Live-Musik und den eindrucksvollen Silvesterchlausen in festlichem Ambiente.[\/vc_column_text][vc_empty_space empty_h=&#8220;1&#8243;][vc_button button_color=&#8220;accent&#8220; size=&#8220;btn-lg&#8220; radius=&#8220;btn-square&#8220; border_width=&#8220;1&#8243; link=&#8220;url:https%3A%2F%2Fwww.schaukaeserei.ch%2Fde%2Frestaurant%2Fsilvester%2F|title:Weihnachtsempfehlungen|target:_blank&#8220; button_color_type=&#8220;uncode-palette&#8220; uncode_shortcode_id=&#8220;111130&#8243;]Zum Silvesterangebot[\/vc_button][vc_empty_space empty_h=&#8220;3&#8243;][\/vc_column][\/vc_row][vc_row][vc_column width=&#8220;1\/1&#8243;][uncode_block id=&#8220;3964&#8243;][\/vc_column][\/vc_row]<\/p>\n<\/div>","protected":false},"excerpt":{"rendered":"<p>[vc_row row_height_percent=&#8220;0&#8243; override_padding=&#8220;yes&#8220; h_padding=&#8220;2&#8243; top_padding=&#8220;3&#8243; bottom_padding=&#8220;3&#8243; overlay_alpha=&#8220;50&#8243; gutter_size=&#8220;3&#8243; column_width_percent=&#8220;100&#8243; shift_y=&#8220;0&#8243; z_index=&#8220;0&#8243;][vc_column width=&#8220;1\/1&#8243;][vc_column_text text_lead=&#8220;yes&#8220;] Planen Sie Ihren n\u00e4chsten Event mit uns. [&hellip;]<\/p>\n","protected":false},"author":1,"featured_media":0,"parent":383,"menu_order":59,"comment_status":"closed","ping_status":"closed","template":"","meta":{"footnotes":"","_links_to":"","_links_to_target":""},"class_list":["post-75","page","type-page","status-publish","hentry"],"yoast_head":"<!-- This site is optimized with the Yoast SEO plugin v27.4 - https:\/\/yoast.com\/product\/yoast-seo-wordpress\/ -->\n<title>Anl\u00e4sse &#8211; Appenzeller Schauk\u00e4serei<\/title>\n<meta name=\"description\" content=\"Ob Seminare, Sitzungen, Gruppenerlebnisse oder ein Familienausflug. Die R\u00e4umlichkeiten der Appenzeller Schauk\u00e4serei bietet f\u00fcr jeden etwas.\" \/>\n<meta name=\"robots\" content=\"index, follow, max-snippet:-1, max-image-preview:large, max-video-preview:-1\" \/>\n<link rel=\"canonical\" href=\"https:\/\/www.schaukaeserei.ch\/de\/restaurant\/anlaesse\/\" \/>\n<meta property=\"og:locale\" content=\"de_DE\" \/>\n<meta property=\"og:type\" content=\"article\" \/>\n<meta property=\"og:title\" content=\"Anl\u00e4sse &#8211; Appenzeller Schauk\u00e4serei\" \/>\n<meta property=\"og:description\" content=\"Ob Seminare, Sitzungen, Gruppenerlebnisse oder ein Familienausflug. Die R\u00e4umlichkeiten der Appenzeller Schauk\u00e4serei bietet f\u00fcr jeden etwas.\" \/>\n<meta property=\"og:url\" content=\"https:\/\/www.schaukaeserei.ch\/de\/restaurant\/anlaesse\/\" \/>\n<meta property=\"og:site_name\" content=\"Appenzeller Schauk\u00e4serei\" \/>\n<meta property=\"article:modified_time\" content=\"2025-12-07T20:45:36+00:00\" \/>\n<meta property=\"og:image\" content=\"https:\/\/www.schaukaeserei.ch\/wp-content\/uploads\/2021\/04\/logo_appenzeller_schaukaeserei@2x.png\" \/>\n\t<meta property=\"og:image:width\" content=\"610\" \/>\n\t<meta property=\"og:image:height\" content=\"202\" \/>\n\t<meta property=\"og:image:type\" content=\"image\/png\" \/>\n<meta name=\"twitter:card\" content=\"summary_large_image\" \/>\n<meta name=\"twitter:label1\" content=\"Gesch\u00e4tzte Lesezeit\" \/>\n\t<meta name=\"twitter:data1\" content=\"4\u00a0Minuten\" \/>\n<script type=\"application\/ld+json\" class=\"yoast-schema-graph\">{\"@context\":\"https:\\\/\\\/schema.org\",\"@graph\":[{\"@type\":\"WebPage\",\"@id\":\"https:\\\/\\\/www.schaukaeserei.ch\\\/de\\\/restaurant\\\/anlaesse\\\/\",\"url\":\"https:\\\/\\\/www.schaukaeserei.ch\\\/de\\\/restaurant\\\/anlaesse\\\/\",\"name\":\"Anl\u00e4sse &#8211; Appenzeller Schauk\u00e4serei\",\"isPartOf\":{\"@id\":\"https:\\\/\\\/www.schaukaeserei.ch\\\/de\\\/#website\"},\"datePublished\":\"2019-08-05T13:39:24+00:00\",\"dateModified\":\"2025-12-07T20:45:36+00:00\",\"description\":\"Ob Seminare, Sitzungen, Gruppenerlebnisse oder ein Familienausflug. Die R\u00e4umlichkeiten der Appenzeller Schauk\u00e4serei bietet f\u00fcr jeden etwas.\",\"breadcrumb\":{\"@id\":\"https:\\\/\\\/www.schaukaeserei.ch\\\/de\\\/restaurant\\\/anlaesse\\\/#breadcrumb\"},\"inLanguage\":\"de\",\"potentialAction\":[{\"@type\":\"ReadAction\",\"target\":[\"https:\\\/\\\/www.schaukaeserei.ch\\\/de\\\/restaurant\\\/anlaesse\\\/\"]}]},{\"@type\":\"BreadcrumbList\",\"@id\":\"https:\\\/\\\/www.schaukaeserei.ch\\\/de\\\/restaurant\\\/anlaesse\\\/#breadcrumb\",\"itemListElement\":[{\"@type\":\"ListItem\",\"position\":1,\"name\":\"Startseite\",\"item\":\"https:\\\/\\\/www.schaukaeserei.ch\\\/de\\\/\"},{\"@type\":\"ListItem\",\"position\":2,\"name\":\"Restaurant\",\"item\":\"https:\\\/\\\/www.schaukaeserei.ch\\\/de\\\/restaurant\\\/\"},{\"@type\":\"ListItem\",\"position\":3,\"name\":\"Anl\u00e4sse\"}]},{\"@type\":\"WebSite\",\"@id\":\"https:\\\/\\\/www.schaukaeserei.ch\\\/de\\\/#website\",\"url\":\"https:\\\/\\\/www.schaukaeserei.ch\\\/de\\\/\",\"name\":\"Appenzeller Schauk\u00e4serei\",\"description\":\"Entdecken Sie den geheimnisvollen Appenzeller K\u00e4se\",\"potentialAction\":[{\"@type\":\"SearchAction\",\"target\":{\"@type\":\"EntryPoint\",\"urlTemplate\":\"https:\\\/\\\/www.schaukaeserei.ch\\\/de\\\/?s={search_term_string}\"},\"query-input\":{\"@type\":\"PropertyValueSpecification\",\"valueRequired\":true,\"valueName\":\"search_term_string\"}}],\"inLanguage\":\"de\"}]}<\/script>\n<!-- \/ Yoast SEO plugin. -->","yoast_head_json":{"title":"Anl\u00e4sse &#8211; Appenzeller Schauk\u00e4serei","description":"Ob Seminare, Sitzungen, Gruppenerlebnisse oder ein Familienausflug. Die R\u00e4umlichkeiten der Appenzeller Schauk\u00e4serei bietet f\u00fcr jeden etwas.","robots":{"index":"index","follow":"follow","max-snippet":"max-snippet:-1","max-image-preview":"max-image-preview:large","max-video-preview":"max-video-preview:-1"},"canonical":"https:\/\/www.schaukaeserei.ch\/de\/restaurant\/anlaesse\/","og_locale":"de_DE","og_type":"article","og_title":"Anl\u00e4sse &#8211; Appenzeller Schauk\u00e4serei","og_description":"Ob Seminare, Sitzungen, Gruppenerlebnisse oder ein Familienausflug. Die R\u00e4umlichkeiten der Appenzeller Schauk\u00e4serei bietet f\u00fcr jeden etwas.","og_url":"https:\/\/www.schaukaeserei.ch\/de\/restaurant\/anlaesse\/","og_site_name":"Appenzeller Schauk\u00e4serei","article_modified_time":"2025-12-07T20:45:36+00:00","og_image":[{"width":610,"height":202,"url":"https:\/\/www.schaukaeserei.ch\/wp-content\/uploads\/2021\/04\/logo_appenzeller_schaukaeserei@2x.png","type":"image\/png"}],"twitter_card":"summary_large_image","twitter_misc":{"Gesch\u00e4tzte Lesezeit":"4\u00a0Minuten"},"schema":{"@context":"https:\/\/schema.org","@graph":[{"@type":"WebPage","@id":"https:\/\/www.schaukaeserei.ch\/de\/restaurant\/anlaesse\/","url":"https:\/\/www.schaukaeserei.ch\/de\/restaurant\/anlaesse\/","name":"Anl\u00e4sse &#8211; Appenzeller Schauk\u00e4serei","isPartOf":{"@id":"https:\/\/www.schaukaeserei.ch\/de\/#website"},"datePublished":"2019-08-05T13:39:24+00:00","dateModified":"2025-12-07T20:45:36+00:00","description":"Ob Seminare, Sitzungen, Gruppenerlebnisse oder ein Familienausflug. Die R\u00e4umlichkeiten der Appenzeller Schauk\u00e4serei bietet f\u00fcr jeden etwas.","breadcrumb":{"@id":"https:\/\/www.schaukaeserei.ch\/de\/restaurant\/anlaesse\/#breadcrumb"},"inLanguage":"de","potentialAction":[{"@type":"ReadAction","target":["https:\/\/www.schaukaeserei.ch\/de\/restaurant\/anlaesse\/"]}]},{"@type":"BreadcrumbList","@id":"https:\/\/www.schaukaeserei.ch\/de\/restaurant\/anlaesse\/#breadcrumb","itemListElement":[{"@type":"ListItem","position":1,"name":"Startseite","item":"https:\/\/www.schaukaeserei.ch\/de\/"},{"@type":"ListItem","position":2,"name":"Restaurant","item":"https:\/\/www.schaukaeserei.ch\/de\/restaurant\/"},{"@type":"ListItem","position":3,"name":"Anl\u00e4sse"}]},{"@type":"WebSite","@id":"https:\/\/www.schaukaeserei.ch\/de\/#website","url":"https:\/\/www.schaukaeserei.ch\/de\/","name":"Appenzeller Schauk\u00e4serei","description":"Entdecken Sie den geheimnisvollen Appenzeller K\u00e4se","potentialAction":[{"@type":"SearchAction","target":{"@type":"EntryPoint","urlTemplate":"https:\/\/www.schaukaeserei.ch\/de\/?s={search_term_string}"},"query-input":{"@type":"PropertyValueSpecification","valueRequired":true,"valueName":"search_term_string"}}],"inLanguage":"de"}]}},"publishpress_future_workflow_manual_trigger":{"enabledWorkflows":[]},"_links":{"self":[{"href":"https:\/\/www.schaukaeserei.ch\/de\/wp-json\/wp\/v2\/pages\/75","targetHints":{"allow":["GET"]}}],"collection":[{"href":"https:\/\/www.schaukaeserei.ch\/de\/wp-json\/wp\/v2\/pages"}],"about":[{"href":"https:\/\/www.schaukaeserei.ch\/de\/wp-json\/wp\/v2\/types\/page"}],"author":[{"embeddable":true,"href":"https:\/\/www.schaukaeserei.ch\/de\/wp-json\/wp\/v2\/users\/1"}],"replies":[{"embeddable":true,"href":"https:\/\/www.schaukaeserei.ch\/de\/wp-json\/wp\/v2\/comments?post=75"}],"version-history":[{"count":191,"href":"https:\/\/www.schaukaeserei.ch\/de\/wp-json\/wp\/v2\/pages\/75\/revisions"}],"predecessor-version":[{"id":11328,"href":"https:\/\/www.schaukaeserei.ch\/de\/wp-json\/wp\/v2\/pages\/75\/revisions\/11328"}],"up":[{"embeddable":true,"href":"https:\/\/www.schaukaeserei.ch\/de\/wp-json\/wp\/v2\/pages\/383"}],"wp:attachment":[{"href":"https:\/\/www.schaukaeserei.ch\/de\/wp-json\/wp\/v2\/media?parent=75"}],"curies":[{"name":"wp","href":"https:\/\/api.w.org\/{rel}","templated":true}]}}