{"id":6277,"date":"2023-04-26T13:13:40","date_gmt":"2023-04-26T11:13:40","guid":{"rendered":"https:\/\/www.schaukaeserei.ch\/?post_type=product&#038;p=6277"},"modified":"2025-08-12T15:20:04","modified_gmt":"2025-08-12T13:20:04","slug":"geschenkkorb-2","status":"publish","type":"product","link":"https:\/\/www.schaukaeserei.ch\/de\/produkt\/geschenkkorb-2\/","title":{"rendered":"Geschenkkorb 2"},"content":{"rendered":"<h4>Bitte beachten Sie folgende Informationen:<\/h4>\n<ul>\n<li>Versand von Montag bis Mittwoch (Post Priority 24\u201348 Std.), nur innerhalb der Schweiz<\/li>\n<li>Das Porto f\u00fcr den Versand ist nicht im Produktepreis inbegriffen<\/li>\n<li>Geschenke m\u00fcssen gek\u00fchlt (max. 5\u00b0C) gelagert werden, ungek\u00fchlt sind sie max. 48 Std. haltbar<\/li>\n<li>Datierung K\u00e4se max. 3 Wochen nach Abpackung<\/li>\n<li>Datierung Fondue fixfertig max. 6 Wochen nach Produktion und Abpackung<\/li>\n<li>Die maximale Produkteanzahl betr\u00e4gt 10 St\u00fcck pro Bestellung. F\u00fcr gr\u00f6ssere Mengen senden Sie uns bitte eine Anfrage an <a href=\"mailto:shop@schaukaeserei.ch\">shop@schaukaeserei.ch<\/a>.<\/li>\n<li>Vorbestellung bei gr\u00f6sseren Mengen (ab 20 Stk.) mindesten 10 Tage im Voraus<\/li>\n<li>Versandadministration bei Grossversand an Einzelempf\u00e4nger, Verrechnung nach Aufwand<\/li>\n<li>Erstellung von Grusskarten, Verrechnung nach Aufwand<\/li>\n<li>Von Ihnen gestaltete und uns zugestellte Grusskarten legen wir gerne kostenlos den Geschenkpackungen bei<\/li>\n<\/ul>\n","protected":false},"excerpt":{"rendered":"<ul>\n<li>Appenzeller<sup>\u00ae<\/sup> Extra W\u00fcrzig 200g<\/li>\n<li>Appenzeller<sup>\u00ae<\/sup> Edel W\u00fcrzig 200g<\/li>\n<li>Appenzeller Bauernsch\u00fcblig 180g<\/li>\n<li>Appenzeller Alpenbitter 10cl<\/li>\n<li>St\u00e4\u00e4ner Honig 250g<\/li>\n<li>B\u00f6hli Birnweggen 80g<\/li>\n<li>B\u00f6hli Appenzeller Biber 90g<\/li>\n<li>Appenzeller Nidelzeltli 100g<\/li>\n<\/ul>\n<p>mit Folie verpackt +CHF 2.00<\/p>\n","protected":false},"featured_media":8528,"template":"","meta":{"_links_to":"","_links_to_target":""},"product_brand":[],"product_cat":[74],"product_tag":[],"class_list":{"0":"post-6277","1":"product","2":"type-product","3":"status-publish","4":"has-post-thumbnail","6":"product_cat-geschenkpackungen","7":"product_shipping_class-2-5kg","9":"first","10":"instock","11":"shipping-taxable","12":"purchasable","13":"product-type-variable","14":"has-default-attributes"},"yoast_head":"<!-- This site is optimized with the Yoast SEO plugin v27.3 - https:\/\/yoast.com\/product\/yoast-seo-wordpress\/ -->\n<title>Geschenkkorb 2 &#8211; Appenzeller Schauk\u00e4serei<\/title>\n<meta name=\"robots\" content=\"index, follow, max-snippet:-1, max-image-preview:large, max-video-preview:-1\" \/>\n<link rel=\"canonical\" href=\"https:\/\/www.schaukaeserei.ch\/de\/produkt\/geschenkkorb-2\/\" \/>\n<meta property=\"og:locale\" content=\"de_DE\" \/>\n<meta property=\"og:type\" content=\"article\" \/>\n<meta property=\"og:title\" content=\"Geschenkkorb 2 &#8211; Appenzeller Schauk\u00e4serei\" \/>\n<meta property=\"og:description\" content=\"Appenzeller\u00ae Extra W\u00fcrzig 200g  Appenzeller\u00ae Edel W\u00fcrzig 200g  Appenzeller Bauernsch\u00fcblig 180g  Appenzeller Alpenbitter 10cl  St\u00e4\u00e4ner Honig 250g  B\u00f6hli Birnweggen 80g  B\u00f6hli Appenzeller Biber 90g  Appenzeller Nidelzeltli 100g  mit Folie verpackt +CHF 2.00\" \/>\n<meta property=\"og:url\" content=\"https:\/\/www.schaukaeserei.ch\/de\/produkt\/geschenkkorb-2\/\" \/>\n<meta property=\"og:site_name\" content=\"Appenzeller Schauk\u00e4serei\" \/>\n<meta property=\"article:modified_time\" content=\"2025-08-12T13:20:04+00:00\" \/>\n<meta property=\"og:image\" content=\"https:\/\/www.schaukaeserei.ch\/wp-content\/uploads\/2023\/04\/20230316-ASK-26-scaled-e1730214821672.jpg\" \/>\n\t<meta property=\"og:image:width\" content=\"2545\" \/>\n\t<meta property=\"og:image:height\" content=\"1697\" \/>\n\t<meta property=\"og:image:type\" content=\"image\/jpeg\" \/>\n<meta name=\"twitter:card\" content=\"summary_large_image\" \/>\n<meta name=\"twitter:label1\" content=\"Gesch\u00e4tzte Lesezeit\" \/>\n\t<meta name=\"twitter:data1\" content=\"1\u00a0Minute\" \/>\n<script type=\"application\/ld+json\" class=\"yoast-schema-graph\">{\"@context\":\"https:\\\/\\\/schema.org\",\"@graph\":[{\"@type\":\"WebPage\",\"@id\":\"https:\\\/\\\/www.schaukaeserei.ch\\\/de\\\/produkt\\\/geschenkkorb-2\\\/\",\"url\":\"https:\\\/\\\/www.schaukaeserei.ch\\\/de\\\/produkt\\\/geschenkkorb-2\\\/\",\"name\":\"Geschenkkorb 2 &#8211; Appenzeller Schauk\u00e4serei\",\"isPartOf\":{\"@id\":\"https:\\\/\\\/www.schaukaeserei.ch\\\/de\\\/#website\"},\"primaryImageOfPage\":{\"@id\":\"https:\\\/\\\/www.schaukaeserei.ch\\\/de\\\/produkt\\\/geschenkkorb-2\\\/#primaryimage\"},\"image\":{\"@id\":\"https:\\\/\\\/www.schaukaeserei.ch\\\/de\\\/produkt\\\/geschenkkorb-2\\\/#primaryimage\"},\"thumbnailUrl\":\"https:\\\/\\\/www.schaukaeserei.ch\\\/wp-content\\\/uploads\\\/2023\\\/04\\\/20230316-ASK-26-scaled-e1730214821672.jpg\",\"datePublished\":\"2023-04-26T11:13:40+00:00\",\"dateModified\":\"2025-08-12T13:20:04+00:00\",\"breadcrumb\":{\"@id\":\"https:\\\/\\\/www.schaukaeserei.ch\\\/de\\\/produkt\\\/geschenkkorb-2\\\/#breadcrumb\"},\"inLanguage\":\"de\",\"potentialAction\":[{\"@type\":\"ReadAction\",\"target\":[\"https:\\\/\\\/www.schaukaeserei.ch\\\/de\\\/produkt\\\/geschenkkorb-2\\\/\"]}]},{\"@type\":\"ImageObject\",\"inLanguage\":\"de\",\"@id\":\"https:\\\/\\\/www.schaukaeserei.ch\\\/de\\\/produkt\\\/geschenkkorb-2\\\/#primaryimage\",\"url\":\"https:\\\/\\\/www.schaukaeserei.ch\\\/wp-content\\\/uploads\\\/2023\\\/04\\\/20230316-ASK-26-scaled-e1730214821672.jpg\",\"contentUrl\":\"https:\\\/\\\/www.schaukaeserei.ch\\\/wp-content\\\/uploads\\\/2023\\\/04\\\/20230316-ASK-26-scaled-e1730214821672.jpg\",\"width\":2545,\"height\":1697},{\"@type\":\"BreadcrumbList\",\"@id\":\"https:\\\/\\\/www.schaukaeserei.ch\\\/de\\\/produkt\\\/geschenkkorb-2\\\/#breadcrumb\",\"itemListElement\":[{\"@type\":\"ListItem\",\"position\":1,\"name\":\"Startseite\",\"item\":\"https:\\\/\\\/www.schaukaeserei.ch\\\/de\\\/\"},{\"@type\":\"ListItem\",\"position\":2,\"name\":\"Geschenkpackungen E-Shop\",\"item\":\"https:\\\/\\\/www.schaukaeserei.ch\\\/de\\\/geschenkpackungen-e-shop\\\/\"},{\"@type\":\"ListItem\",\"position\":3,\"name\":\"Geschenkkorb 2\"}]},{\"@type\":\"WebSite\",\"@id\":\"https:\\\/\\\/www.schaukaeserei.ch\\\/de\\\/#website\",\"url\":\"https:\\\/\\\/www.schaukaeserei.ch\\\/de\\\/\",\"name\":\"Appenzeller Schauk\u00e4serei\",\"description\":\"Entdecken Sie den geheimnisvollen Appenzeller K\u00e4se\",\"potentialAction\":[{\"@type\":\"SearchAction\",\"target\":{\"@type\":\"EntryPoint\",\"urlTemplate\":\"https:\\\/\\\/www.schaukaeserei.ch\\\/de\\\/?s={search_term_string}\"},\"query-input\":{\"@type\":\"PropertyValueSpecification\",\"valueRequired\":true,\"valueName\":\"search_term_string\"}}],\"inLanguage\":\"de\"}]}<\/script>\n<!-- \/ Yoast SEO plugin. -->","yoast_head_json":{"title":"Geschenkkorb 2 &#8211; Appenzeller Schauk\u00e4serei","robots":{"index":"index","follow":"follow","max-snippet":"max-snippet:-1","max-image-preview":"max-image-preview:large","max-video-preview":"max-video-preview:-1"},"canonical":"https:\/\/www.schaukaeserei.ch\/de\/produkt\/geschenkkorb-2\/","og_locale":"de_DE","og_type":"article","og_title":"Geschenkkorb 2 &#8211; Appenzeller Schauk\u00e4serei","og_description":"Appenzeller\u00ae Extra W\u00fcrzig 200g  Appenzeller\u00ae Edel W\u00fcrzig 200g  Appenzeller Bauernsch\u00fcblig 180g  Appenzeller Alpenbitter 10cl  St\u00e4\u00e4ner Honig 250g  B\u00f6hli Birnweggen 80g  B\u00f6hli Appenzeller Biber 90g  Appenzeller Nidelzeltli 100g  mit Folie verpackt +CHF 2.00","og_url":"https:\/\/www.schaukaeserei.ch\/de\/produkt\/geschenkkorb-2\/","og_site_name":"Appenzeller Schauk\u00e4serei","article_modified_time":"2025-08-12T13:20:04+00:00","og_image":[{"width":2545,"height":1697,"url":"https:\/\/www.schaukaeserei.ch\/wp-content\/uploads\/2023\/04\/20230316-ASK-26-scaled-e1730214821672.jpg","type":"image\/jpeg"}],"twitter_card":"summary_large_image","twitter_misc":{"Gesch\u00e4tzte Lesezeit":"1\u00a0Minute"},"schema":{"@context":"https:\/\/schema.org","@graph":[{"@type":"WebPage","@id":"https:\/\/www.schaukaeserei.ch\/de\/produkt\/geschenkkorb-2\/","url":"https:\/\/www.schaukaeserei.ch\/de\/produkt\/geschenkkorb-2\/","name":"Geschenkkorb 2 &#8211; Appenzeller Schauk\u00e4serei","isPartOf":{"@id":"https:\/\/www.schaukaeserei.ch\/de\/#website"},"primaryImageOfPage":{"@id":"https:\/\/www.schaukaeserei.ch\/de\/produkt\/geschenkkorb-2\/#primaryimage"},"image":{"@id":"https:\/\/www.schaukaeserei.ch\/de\/produkt\/geschenkkorb-2\/#primaryimage"},"thumbnailUrl":"https:\/\/www.schaukaeserei.ch\/wp-content\/uploads\/2023\/04\/20230316-ASK-26-scaled-e1730214821672.jpg","datePublished":"2023-04-26T11:13:40+00:00","dateModified":"2025-08-12T13:20:04+00:00","breadcrumb":{"@id":"https:\/\/www.schaukaeserei.ch\/de\/produkt\/geschenkkorb-2\/#breadcrumb"},"inLanguage":"de","potentialAction":[{"@type":"ReadAction","target":["https:\/\/www.schaukaeserei.ch\/de\/produkt\/geschenkkorb-2\/"]}]},{"@type":"ImageObject","inLanguage":"de","@id":"https:\/\/www.schaukaeserei.ch\/de\/produkt\/geschenkkorb-2\/#primaryimage","url":"https:\/\/www.schaukaeserei.ch\/wp-content\/uploads\/2023\/04\/20230316-ASK-26-scaled-e1730214821672.jpg","contentUrl":"https:\/\/www.schaukaeserei.ch\/wp-content\/uploads\/2023\/04\/20230316-ASK-26-scaled-e1730214821672.jpg","width":2545,"height":1697},{"@type":"BreadcrumbList","@id":"https:\/\/www.schaukaeserei.ch\/de\/produkt\/geschenkkorb-2\/#breadcrumb","itemListElement":[{"@type":"ListItem","position":1,"name":"Startseite","item":"https:\/\/www.schaukaeserei.ch\/de\/"},{"@type":"ListItem","position":2,"name":"Geschenkpackungen E-Shop","item":"https:\/\/www.schaukaeserei.ch\/de\/geschenkpackungen-e-shop\/"},{"@type":"ListItem","position":3,"name":"Geschenkkorb 2"}]},{"@type":"WebSite","@id":"https:\/\/www.schaukaeserei.ch\/de\/#website","url":"https:\/\/www.schaukaeserei.ch\/de\/","name":"Appenzeller Schauk\u00e4serei","description":"Entdecken Sie den geheimnisvollen Appenzeller K\u00e4se","potentialAction":[{"@type":"SearchAction","target":{"@type":"EntryPoint","urlTemplate":"https:\/\/www.schaukaeserei.ch\/de\/?s={search_term_string}"},"query-input":{"@type":"PropertyValueSpecification","valueRequired":true,"valueName":"search_term_string"}}],"inLanguage":"de"}]}},"publishpress_future_workflow_manual_trigger":{"enabledWorkflows":[]},"_links":{"self":[{"href":"https:\/\/www.schaukaeserei.ch\/de\/wp-json\/wp\/v2\/product\/6277","targetHints":{"allow":["GET"]}}],"collection":[{"href":"https:\/\/www.schaukaeserei.ch\/de\/wp-json\/wp\/v2\/product"}],"about":[{"href":"https:\/\/www.schaukaeserei.ch\/de\/wp-json\/wp\/v2\/types\/product"}],"wp:featuredmedia":[{"embeddable":true,"href":"https:\/\/www.schaukaeserei.ch\/de\/wp-json\/wp\/v2\/media\/8528"}],"wp:attachment":[{"href":"https:\/\/www.schaukaeserei.ch\/de\/wp-json\/wp\/v2\/media?parent=6277"}],"wp:term":[{"taxonomy":"product_brand","embeddable":true,"href":"https:\/\/www.schaukaeserei.ch\/de\/wp-json\/wp\/v2\/product_brand?post=6277"},{"taxonomy":"product_cat","embeddable":true,"href":"https:\/\/www.schaukaeserei.ch\/de\/wp-json\/wp\/v2\/product_cat?post=6277"},{"taxonomy":"product_tag","embeddable":true,"href":"https:\/\/www.schaukaeserei.ch\/de\/wp-json\/wp\/v2\/product_tag?post=6277"}],"curies":[{"name":"wp","href":"https:\/\/api.w.org\/{rel}","templated":true}]}}