{"id":6327,"date":"2023-04-26T15:00:16","date_gmt":"2023-04-26T13:00:16","guid":{"rendered":"https:\/\/www.schaukaeserei.ch\/?post_type=product&#038;p=6327"},"modified":"2025-08-12T15:22:43","modified_gmt":"2025-08-12T13:22:43","slug":"geschenkschale-gross","status":"publish","type":"product","link":"https:\/\/www.schaukaeserei.ch\/de\/produkt\/geschenkschale-gross\/","title":{"rendered":"Geschenkschale gross"},"content":{"rendered":"<p><strong>Wichtig:<\/strong><br \/>\nBei Versand wird aus Platzgr\u00fcnden auf die Schale verzichtet und die Produkte werden direkt in einer Schachtel verpackt.<\/p>\n<h4>Bitte beachten Sie folgende Informationen:<\/h4>\n<ul>\n<li>Versand von Montag bis Mittwoch (Post Priority 24\u201348 Std.), nur innerhalb der Schweiz<\/li>\n<li>Das Porto f\u00fcr den Versand ist nicht im Produktepreis inbegriffen<\/li>\n<li>Geschenke m\u00fcssen gek\u00fchlt (max. 5\u00b0C) gelagert werden, ungek\u00fchlt sind sie max. 48 Std. haltbar<\/li>\n<li>Datierung K\u00e4se max. 3 Wochen nach Abpackung<\/li>\n<li>Datierung Fondue fixfertig max. 6 Wochen nach Produktion und Abpackung<\/li>\n<li>Die maximale Produkteanzahl betr\u00e4gt 10 St\u00fcck pro Bestellung. F\u00fcr gr\u00f6ssere Mengen senden Sie uns bitte eine Anfrage an <a href=\"mailto:shop@schaukaeserei.ch\">shop@schaukaeserei.ch<\/a>.<\/li>\n<li>Vorbestellung bei gr\u00f6sseren Mengen (ab 20 Stk.) mindesten 10 Tage im Voraus<\/li>\n<li>Versandadministration bei Grossversand an Einzelempf\u00e4nger, Verrechnung nach Aufwand<\/li>\n<li>Erstellung von Grusskarten, Verrechnung nach Aufwand<\/li>\n<li>Von Ihnen gestaltete und uns zugestellte Grusskarten legen wir gerne kostenlos den Geschenkpackungen bei<\/li>\n<\/ul>\n","protected":false},"excerpt":{"rendered":"<ul>\n<li>Appenzeller<sup>\u00ae<\/sup> Kr\u00e4ftig W\u00fcrzig 200g<\/li>\n<li>Appenzeller<sup>\u00ae<\/sup> Extra W\u00fcrzig 200g<\/li>\n<li>Appenzeller<sup>\u00ae<\/sup> Edel W\u00fcrzig 200g<\/li>\n<li>Urn\u00e4scher Mutschli ca. 600g<\/li>\n<li>B\u00e4renmandli rot oder weiss 70cl<\/li>\n<li>Appenzeller Alpenbitter 20cl<\/li>\n<li>Appenzeller Mostbr\u00f6ckli ca. 100g<\/li>\n<li>Appenzeller Pantli 160g<\/li>\n<li>Appenzeller Nidelzeltli 100g<\/li>\n<li>Appenzeller Konfi 250g<\/li>\n<li>Appenzeller Birnbrot 250g<\/li>\n<li>Appenzeller Landsgemeinde Chrempfli 70g<\/li>\n<\/ul>\n","protected":false},"featured_media":6328,"template":"","meta":{"_links_to":"","_links_to_target":""},"product_brand":[],"product_cat":[74],"product_tag":[],"class_list":{"0":"post-6327","1":"product","2":"type-product","3":"status-publish","4":"has-post-thumbnail","6":"product_cat-geschenkpackungen","7":"product_shipping_class-2-5kg","9":"first","10":"instock","11":"shipping-taxable","12":"purchasable","13":"product-type-simple"},"yoast_head":"<!-- This site is optimized with the Yoast SEO plugin v27.4 - https:\/\/yoast.com\/product\/yoast-seo-wordpress\/ -->\n<title>Geschenkschale gross &#8211; Appenzeller Schauk\u00e4serei<\/title>\n<meta name=\"robots\" content=\"index, follow, max-snippet:-1, max-image-preview:large, max-video-preview:-1\" \/>\n<link rel=\"canonical\" href=\"https:\/\/www.schaukaeserei.ch\/de\/produkt\/geschenkschale-gross\/\" \/>\n<meta property=\"og:locale\" content=\"de_DE\" \/>\n<meta property=\"og:type\" content=\"article\" \/>\n<meta property=\"og:title\" content=\"Geschenkschale gross &#8211; Appenzeller Schauk\u00e4serei\" \/>\n<meta property=\"og:description\" content=\"Appenzeller\u00ae Kr\u00e4ftig W\u00fcrzig 200g  Appenzeller\u00ae Extra W\u00fcrzig 200g  Appenzeller\u00ae Edel W\u00fcrzig 200g  Urn\u00e4scher Mutschli ca. 600g  B\u00e4renmandli rot oder weiss 70cl  Appenzeller Alpenbitter 20cl  Appenzeller Mostbr\u00f6ckli ca. 100g  Appenzeller Pantli 160g  Appenzeller Nidelzeltli 100g  Appenzeller Konfi 250g  Appenzeller Birnbrot 250g  Appenzeller Landsgemeinde Chrempfli 70g\" \/>\n<meta property=\"og:url\" content=\"https:\/\/www.schaukaeserei.ch\/de\/produkt\/geschenkschale-gross\/\" \/>\n<meta property=\"og:site_name\" content=\"Appenzeller Schauk\u00e4serei\" \/>\n<meta property=\"article:modified_time\" content=\"2025-08-12T13:22:43+00:00\" \/>\n<meta property=\"og:image\" content=\"https:\/\/www.schaukaeserei.ch\/wp-content\/uploads\/2023\/04\/geschenkschale_gross.jpg\" \/>\n\t<meta property=\"og:image:width\" content=\"2560\" \/>\n\t<meta property=\"og:image:height\" content=\"1707\" \/>\n\t<meta property=\"og:image:type\" content=\"image\/jpeg\" \/>\n<meta name=\"twitter:card\" content=\"summary_large_image\" \/>\n<meta name=\"twitter:label1\" content=\"Gesch\u00e4tzte Lesezeit\" \/>\n\t<meta name=\"twitter:data1\" content=\"1\u00a0Minute\" \/>\n<script type=\"application\/ld+json\" class=\"yoast-schema-graph\">{\"@context\":\"https:\\\/\\\/schema.org\",\"@graph\":[{\"@type\":\"WebPage\",\"@id\":\"https:\\\/\\\/www.schaukaeserei.ch\\\/de\\\/produkt\\\/geschenkschale-gross\\\/\",\"url\":\"https:\\\/\\\/www.schaukaeserei.ch\\\/de\\\/produkt\\\/geschenkschale-gross\\\/\",\"name\":\"Geschenkschale gross &#8211; Appenzeller Schauk\u00e4serei\",\"isPartOf\":{\"@id\":\"https:\\\/\\\/www.schaukaeserei.ch\\\/de\\\/#website\"},\"primaryImageOfPage\":{\"@id\":\"https:\\\/\\\/www.schaukaeserei.ch\\\/de\\\/produkt\\\/geschenkschale-gross\\\/#primaryimage\"},\"image\":{\"@id\":\"https:\\\/\\\/www.schaukaeserei.ch\\\/de\\\/produkt\\\/geschenkschale-gross\\\/#primaryimage\"},\"thumbnailUrl\":\"https:\\\/\\\/www.schaukaeserei.ch\\\/wp-content\\\/uploads\\\/2023\\\/04\\\/geschenkschale_gross.jpg\",\"datePublished\":\"2023-04-26T13:00:16+00:00\",\"dateModified\":\"2025-08-12T13:22:43+00:00\",\"breadcrumb\":{\"@id\":\"https:\\\/\\\/www.schaukaeserei.ch\\\/de\\\/produkt\\\/geschenkschale-gross\\\/#breadcrumb\"},\"inLanguage\":\"de\",\"potentialAction\":[{\"@type\":\"ReadAction\",\"target\":[\"https:\\\/\\\/www.schaukaeserei.ch\\\/de\\\/produkt\\\/geschenkschale-gross\\\/\"]}]},{\"@type\":\"ImageObject\",\"inLanguage\":\"de\",\"@id\":\"https:\\\/\\\/www.schaukaeserei.ch\\\/de\\\/produkt\\\/geschenkschale-gross\\\/#primaryimage\",\"url\":\"https:\\\/\\\/www.schaukaeserei.ch\\\/wp-content\\\/uploads\\\/2023\\\/04\\\/geschenkschale_gross.jpg\",\"contentUrl\":\"https:\\\/\\\/www.schaukaeserei.ch\\\/wp-content\\\/uploads\\\/2023\\\/04\\\/geschenkschale_gross.jpg\",\"width\":2560,\"height\":1707,\"caption\":\"Geschenkschale gross\"},{\"@type\":\"BreadcrumbList\",\"@id\":\"https:\\\/\\\/www.schaukaeserei.ch\\\/de\\\/produkt\\\/geschenkschale-gross\\\/#breadcrumb\",\"itemListElement\":[{\"@type\":\"ListItem\",\"position\":1,\"name\":\"Startseite\",\"item\":\"https:\\\/\\\/www.schaukaeserei.ch\\\/de\\\/\"},{\"@type\":\"ListItem\",\"position\":2,\"name\":\"Geschenkpackungen E-Shop\",\"item\":\"https:\\\/\\\/www.schaukaeserei.ch\\\/de\\\/geschenkpackungen-e-shop\\\/\"},{\"@type\":\"ListItem\",\"position\":3,\"name\":\"Geschenkschale gross\"}]},{\"@type\":\"WebSite\",\"@id\":\"https:\\\/\\\/www.schaukaeserei.ch\\\/de\\\/#website\",\"url\":\"https:\\\/\\\/www.schaukaeserei.ch\\\/de\\\/\",\"name\":\"Appenzeller Schauk\u00e4serei\",\"description\":\"Entdecken Sie den geheimnisvollen Appenzeller K\u00e4se\",\"potentialAction\":[{\"@type\":\"SearchAction\",\"target\":{\"@type\":\"EntryPoint\",\"urlTemplate\":\"https:\\\/\\\/www.schaukaeserei.ch\\\/de\\\/?s={search_term_string}\"},\"query-input\":{\"@type\":\"PropertyValueSpecification\",\"valueRequired\":true,\"valueName\":\"search_term_string\"}}],\"inLanguage\":\"de\"}]}<\/script>\n<!-- \/ Yoast SEO plugin. -->","yoast_head_json":{"title":"Geschenkschale gross &#8211; Appenzeller Schauk\u00e4serei","robots":{"index":"index","follow":"follow","max-snippet":"max-snippet:-1","max-image-preview":"max-image-preview:large","max-video-preview":"max-video-preview:-1"},"canonical":"https:\/\/www.schaukaeserei.ch\/de\/produkt\/geschenkschale-gross\/","og_locale":"de_DE","og_type":"article","og_title":"Geschenkschale gross &#8211; Appenzeller Schauk\u00e4serei","og_description":"Appenzeller\u00ae Kr\u00e4ftig W\u00fcrzig 200g  Appenzeller\u00ae Extra W\u00fcrzig 200g  Appenzeller\u00ae Edel W\u00fcrzig 200g  Urn\u00e4scher Mutschli ca. 600g  B\u00e4renmandli rot oder weiss 70cl  Appenzeller Alpenbitter 20cl  Appenzeller Mostbr\u00f6ckli ca. 100g  Appenzeller Pantli 160g  Appenzeller Nidelzeltli 100g  Appenzeller Konfi 250g  Appenzeller Birnbrot 250g  Appenzeller Landsgemeinde Chrempfli 70g","og_url":"https:\/\/www.schaukaeserei.ch\/de\/produkt\/geschenkschale-gross\/","og_site_name":"Appenzeller Schauk\u00e4serei","article_modified_time":"2025-08-12T13:22:43+00:00","og_image":[{"width":2560,"height":1707,"url":"https:\/\/www.schaukaeserei.ch\/wp-content\/uploads\/2023\/04\/geschenkschale_gross.jpg","type":"image\/jpeg"}],"twitter_card":"summary_large_image","twitter_misc":{"Gesch\u00e4tzte Lesezeit":"1\u00a0Minute"},"schema":{"@context":"https:\/\/schema.org","@graph":[{"@type":"WebPage","@id":"https:\/\/www.schaukaeserei.ch\/de\/produkt\/geschenkschale-gross\/","url":"https:\/\/www.schaukaeserei.ch\/de\/produkt\/geschenkschale-gross\/","name":"Geschenkschale gross &#8211; Appenzeller Schauk\u00e4serei","isPartOf":{"@id":"https:\/\/www.schaukaeserei.ch\/de\/#website"},"primaryImageOfPage":{"@id":"https:\/\/www.schaukaeserei.ch\/de\/produkt\/geschenkschale-gross\/#primaryimage"},"image":{"@id":"https:\/\/www.schaukaeserei.ch\/de\/produkt\/geschenkschale-gross\/#primaryimage"},"thumbnailUrl":"https:\/\/www.schaukaeserei.ch\/wp-content\/uploads\/2023\/04\/geschenkschale_gross.jpg","datePublished":"2023-04-26T13:00:16+00:00","dateModified":"2025-08-12T13:22:43+00:00","breadcrumb":{"@id":"https:\/\/www.schaukaeserei.ch\/de\/produkt\/geschenkschale-gross\/#breadcrumb"},"inLanguage":"de","potentialAction":[{"@type":"ReadAction","target":["https:\/\/www.schaukaeserei.ch\/de\/produkt\/geschenkschale-gross\/"]}]},{"@type":"ImageObject","inLanguage":"de","@id":"https:\/\/www.schaukaeserei.ch\/de\/produkt\/geschenkschale-gross\/#primaryimage","url":"https:\/\/www.schaukaeserei.ch\/wp-content\/uploads\/2023\/04\/geschenkschale_gross.jpg","contentUrl":"https:\/\/www.schaukaeserei.ch\/wp-content\/uploads\/2023\/04\/geschenkschale_gross.jpg","width":2560,"height":1707,"caption":"Geschenkschale gross"},{"@type":"BreadcrumbList","@id":"https:\/\/www.schaukaeserei.ch\/de\/produkt\/geschenkschale-gross\/#breadcrumb","itemListElement":[{"@type":"ListItem","position":1,"name":"Startseite","item":"https:\/\/www.schaukaeserei.ch\/de\/"},{"@type":"ListItem","position":2,"name":"Geschenkpackungen E-Shop","item":"https:\/\/www.schaukaeserei.ch\/de\/geschenkpackungen-e-shop\/"},{"@type":"ListItem","position":3,"name":"Geschenkschale gross"}]},{"@type":"WebSite","@id":"https:\/\/www.schaukaeserei.ch\/de\/#website","url":"https:\/\/www.schaukaeserei.ch\/de\/","name":"Appenzeller Schauk\u00e4serei","description":"Entdecken Sie den geheimnisvollen Appenzeller K\u00e4se","potentialAction":[{"@type":"SearchAction","target":{"@type":"EntryPoint","urlTemplate":"https:\/\/www.schaukaeserei.ch\/de\/?s={search_term_string}"},"query-input":{"@type":"PropertyValueSpecification","valueRequired":true,"valueName":"search_term_string"}}],"inLanguage":"de"}]}},"publishpress_future_workflow_manual_trigger":{"enabledWorkflows":[]},"_links":{"self":[{"href":"https:\/\/www.schaukaeserei.ch\/de\/wp-json\/wp\/v2\/product\/6327","targetHints":{"allow":["GET"]}}],"collection":[{"href":"https:\/\/www.schaukaeserei.ch\/de\/wp-json\/wp\/v2\/product"}],"about":[{"href":"https:\/\/www.schaukaeserei.ch\/de\/wp-json\/wp\/v2\/types\/product"}],"wp:featuredmedia":[{"embeddable":true,"href":"https:\/\/www.schaukaeserei.ch\/de\/wp-json\/wp\/v2\/media\/6328"}],"wp:attachment":[{"href":"https:\/\/www.schaukaeserei.ch\/de\/wp-json\/wp\/v2\/media?parent=6327"}],"wp:term":[{"taxonomy":"product_brand","embeddable":true,"href":"https:\/\/www.schaukaeserei.ch\/de\/wp-json\/wp\/v2\/product_brand?post=6327"},{"taxonomy":"product_cat","embeddable":true,"href":"https:\/\/www.schaukaeserei.ch\/de\/wp-json\/wp\/v2\/product_cat?post=6327"},{"taxonomy":"product_tag","embeddable":true,"href":"https:\/\/www.schaukaeserei.ch\/de\/wp-json\/wp\/v2\/product_tag?post=6327"}],"curies":[{"name":"wp","href":"https:\/\/api.w.org\/{rel}","templated":true}]}}