{"id":6347,"date":"2023-04-26T16:13:10","date_gmt":"2023-04-26T14:13:10","guid":{"rendered":"https:\/\/www.schaukaeserei.ch\/?post_type=product&#038;p=6347"},"modified":"2025-08-12T15:24:05","modified_gmt":"2025-08-12T13:24:05","slug":"geschenkschale-gross-leer","status":"publish","type":"product","link":"https:\/\/www.schaukaeserei.ch\/de\/produkt\/geschenkschale-gross-leer\/","title":{"rendered":"Geschenkschale gross"},"content":{"rendered":"<ul>\n<li>Versand von Montag bis Mittwoch (Post Priority 24\u201348 Std.), nur innerhalb der Schweiz<\/li>\n<li>Das Porto f\u00fcr den Versand ist nicht im Produktepreis inbegriffen<\/li>\n<li>Geschenke m\u00fcssen gek\u00fchlt (max. 5\u00b0C) gelagert werden, ungek\u00fchlt sind sie max. 48 Std. haltbar<\/li>\n<li>Datierung K\u00e4se max. 3 Wochen nach Abpackung<\/li>\n<li>Datierung Fondue fixfertig max. 6 Wochen nach Produktion und Abpackung<\/li>\n<li>Die maximale Produkteanzahl betr\u00e4gt 10 St\u00fcck pro Bestellung. F\u00fcr gr\u00f6ssere Mengen senden Sie uns bitte eine Anfrage an <a href=\"mailto:shop@schaukaeserei.ch\">shop@schaukaeserei.ch<\/a>.<\/li>\n<li>Vorbestellung bei gr\u00f6sseren Mengen (ab 20 Stk.) mindesten 10 Tage im Voraus<\/li>\n<li>Versandadministration bei Grossversand an Einzelempf\u00e4nger, Verrechnung nach Aufwand<\/li>\n<li>Erstellung von Grusskarten, Verrechnung nach Aufwand<\/li>\n<li>Von Ihnen gestaltete und uns zugestellte Grusskarten legen wir gerne kostenlos den Geschenkpackungen bei<\/li>\n<\/ul>\n","protected":false},"excerpt":{"rendered":"<ul>\n<li>Gr\u00f6sse: 313x210x100mm<\/li>\n<\/ul>\n","protected":false},"featured_media":6348,"template":"","meta":{"_links_to":"","_links_to_target":""},"product_brand":[],"product_cat":[87],"product_tag":[],"class_list":{"0":"post-6347","1":"product","2":"type-product","3":"status-publish","4":"has-post-thumbnail","6":"product_cat-geschenkpackungen-leer","8":"first","9":"instock","10":"shipping-taxable","11":"product-type-external"},"yoast_head":"<!-- This site is optimized with the Yoast SEO plugin v27.4 - https:\/\/yoast.com\/product\/yoast-seo-wordpress\/ -->\n<title>Geschenkschale gross &#8211; Appenzeller Schauk\u00e4serei<\/title>\n<meta name=\"robots\" content=\"index, follow, max-snippet:-1, max-image-preview:large, max-video-preview:-1\" \/>\n<link rel=\"canonical\" href=\"https:\/\/www.schaukaeserei.ch\/de\/produkt\/geschenkschale-gross-leer\/\" \/>\n<meta property=\"og:locale\" content=\"de_DE\" \/>\n<meta property=\"og:type\" content=\"article\" \/>\n<meta property=\"og:title\" content=\"Geschenkschale gross &#8211; Appenzeller Schauk\u00e4serei\" \/>\n<meta property=\"og:description\" content=\"Gr\u00f6sse: 313x210x100mm\" \/>\n<meta property=\"og:url\" content=\"https:\/\/www.schaukaeserei.ch\/de\/produkt\/geschenkschale-gross-leer\/\" \/>\n<meta property=\"og:site_name\" content=\"Appenzeller Schauk\u00e4serei\" \/>\n<meta property=\"article:modified_time\" content=\"2025-08-12T13:24:05+00:00\" \/>\n<meta property=\"og:image\" content=\"https:\/\/www.schaukaeserei.ch\/wp-content\/uploads\/2023\/04\/geschenkschale_gross_leer.jpg\" \/>\n\t<meta property=\"og:image:width\" content=\"2560\" \/>\n\t<meta property=\"og:image:height\" content=\"1707\" \/>\n\t<meta property=\"og:image:type\" content=\"image\/jpeg\" \/>\n<meta name=\"twitter:card\" content=\"summary_large_image\" \/>\n<meta name=\"twitter:label1\" content=\"Gesch\u00e4tzte Lesezeit\" \/>\n\t<meta name=\"twitter:data1\" content=\"1\u00a0Minute\" \/>\n<script type=\"application\/ld+json\" class=\"yoast-schema-graph\">{\"@context\":\"https:\\\/\\\/schema.org\",\"@graph\":[{\"@type\":\"WebPage\",\"@id\":\"https:\\\/\\\/www.schaukaeserei.ch\\\/de\\\/produkt\\\/geschenkschale-gross-leer\\\/\",\"url\":\"https:\\\/\\\/www.schaukaeserei.ch\\\/de\\\/produkt\\\/geschenkschale-gross-leer\\\/\",\"name\":\"Geschenkschale gross &#8211; Appenzeller Schauk\u00e4serei\",\"isPartOf\":{\"@id\":\"https:\\\/\\\/www.schaukaeserei.ch\\\/de\\\/#website\"},\"primaryImageOfPage\":{\"@id\":\"https:\\\/\\\/www.schaukaeserei.ch\\\/de\\\/produkt\\\/geschenkschale-gross-leer\\\/#primaryimage\"},\"image\":{\"@id\":\"https:\\\/\\\/www.schaukaeserei.ch\\\/de\\\/produkt\\\/geschenkschale-gross-leer\\\/#primaryimage\"},\"thumbnailUrl\":\"https:\\\/\\\/www.schaukaeserei.ch\\\/wp-content\\\/uploads\\\/2023\\\/04\\\/geschenkschale_gross_leer.jpg\",\"datePublished\":\"2023-04-26T14:13:10+00:00\",\"dateModified\":\"2025-08-12T13:24:05+00:00\",\"breadcrumb\":{\"@id\":\"https:\\\/\\\/www.schaukaeserei.ch\\\/de\\\/produkt\\\/geschenkschale-gross-leer\\\/#breadcrumb\"},\"inLanguage\":\"de\",\"potentialAction\":[{\"@type\":\"ReadAction\",\"target\":[\"https:\\\/\\\/www.schaukaeserei.ch\\\/de\\\/produkt\\\/geschenkschale-gross-leer\\\/\"]}]},{\"@type\":\"ImageObject\",\"inLanguage\":\"de\",\"@id\":\"https:\\\/\\\/www.schaukaeserei.ch\\\/de\\\/produkt\\\/geschenkschale-gross-leer\\\/#primaryimage\",\"url\":\"https:\\\/\\\/www.schaukaeserei.ch\\\/wp-content\\\/uploads\\\/2023\\\/04\\\/geschenkschale_gross_leer.jpg\",\"contentUrl\":\"https:\\\/\\\/www.schaukaeserei.ch\\\/wp-content\\\/uploads\\\/2023\\\/04\\\/geschenkschale_gross_leer.jpg\",\"width\":2560,\"height\":1707,\"caption\":\"Geschenkschale gross leer\"},{\"@type\":\"BreadcrumbList\",\"@id\":\"https:\\\/\\\/www.schaukaeserei.ch\\\/de\\\/produkt\\\/geschenkschale-gross-leer\\\/#breadcrumb\",\"itemListElement\":[{\"@type\":\"ListItem\",\"position\":1,\"name\":\"Startseite\",\"item\":\"https:\\\/\\\/www.schaukaeserei.ch\\\/de\\\/\"},{\"@type\":\"ListItem\",\"position\":2,\"name\":\"Geschenkpackungen E-Shop\",\"item\":\"https:\\\/\\\/www.schaukaeserei.ch\\\/de\\\/geschenkpackungen-e-shop\\\/\"},{\"@type\":\"ListItem\",\"position\":3,\"name\":\"Geschenkschale gross\"}]},{\"@type\":\"WebSite\",\"@id\":\"https:\\\/\\\/www.schaukaeserei.ch\\\/de\\\/#website\",\"url\":\"https:\\\/\\\/www.schaukaeserei.ch\\\/de\\\/\",\"name\":\"Appenzeller Schauk\u00e4serei\",\"description\":\"Entdecken Sie den geheimnisvollen Appenzeller K\u00e4se\",\"potentialAction\":[{\"@type\":\"SearchAction\",\"target\":{\"@type\":\"EntryPoint\",\"urlTemplate\":\"https:\\\/\\\/www.schaukaeserei.ch\\\/de\\\/?s={search_term_string}\"},\"query-input\":{\"@type\":\"PropertyValueSpecification\",\"valueRequired\":true,\"valueName\":\"search_term_string\"}}],\"inLanguage\":\"de\"}]}<\/script>\n<!-- \/ Yoast SEO plugin. -->","yoast_head_json":{"title":"Geschenkschale gross &#8211; Appenzeller Schauk\u00e4serei","robots":{"index":"index","follow":"follow","max-snippet":"max-snippet:-1","max-image-preview":"max-image-preview:large","max-video-preview":"max-video-preview:-1"},"canonical":"https:\/\/www.schaukaeserei.ch\/de\/produkt\/geschenkschale-gross-leer\/","og_locale":"de_DE","og_type":"article","og_title":"Geschenkschale gross &#8211; Appenzeller Schauk\u00e4serei","og_description":"Gr\u00f6sse: 313x210x100mm","og_url":"https:\/\/www.schaukaeserei.ch\/de\/produkt\/geschenkschale-gross-leer\/","og_site_name":"Appenzeller Schauk\u00e4serei","article_modified_time":"2025-08-12T13:24:05+00:00","og_image":[{"width":2560,"height":1707,"url":"https:\/\/www.schaukaeserei.ch\/wp-content\/uploads\/2023\/04\/geschenkschale_gross_leer.jpg","type":"image\/jpeg"}],"twitter_card":"summary_large_image","twitter_misc":{"Gesch\u00e4tzte Lesezeit":"1\u00a0Minute"},"schema":{"@context":"https:\/\/schema.org","@graph":[{"@type":"WebPage","@id":"https:\/\/www.schaukaeserei.ch\/de\/produkt\/geschenkschale-gross-leer\/","url":"https:\/\/www.schaukaeserei.ch\/de\/produkt\/geschenkschale-gross-leer\/","name":"Geschenkschale gross &#8211; Appenzeller Schauk\u00e4serei","isPartOf":{"@id":"https:\/\/www.schaukaeserei.ch\/de\/#website"},"primaryImageOfPage":{"@id":"https:\/\/www.schaukaeserei.ch\/de\/produkt\/geschenkschale-gross-leer\/#primaryimage"},"image":{"@id":"https:\/\/www.schaukaeserei.ch\/de\/produkt\/geschenkschale-gross-leer\/#primaryimage"},"thumbnailUrl":"https:\/\/www.schaukaeserei.ch\/wp-content\/uploads\/2023\/04\/geschenkschale_gross_leer.jpg","datePublished":"2023-04-26T14:13:10+00:00","dateModified":"2025-08-12T13:24:05+00:00","breadcrumb":{"@id":"https:\/\/www.schaukaeserei.ch\/de\/produkt\/geschenkschale-gross-leer\/#breadcrumb"},"inLanguage":"de","potentialAction":[{"@type":"ReadAction","target":["https:\/\/www.schaukaeserei.ch\/de\/produkt\/geschenkschale-gross-leer\/"]}]},{"@type":"ImageObject","inLanguage":"de","@id":"https:\/\/www.schaukaeserei.ch\/de\/produkt\/geschenkschale-gross-leer\/#primaryimage","url":"https:\/\/www.schaukaeserei.ch\/wp-content\/uploads\/2023\/04\/geschenkschale_gross_leer.jpg","contentUrl":"https:\/\/www.schaukaeserei.ch\/wp-content\/uploads\/2023\/04\/geschenkschale_gross_leer.jpg","width":2560,"height":1707,"caption":"Geschenkschale gross leer"},{"@type":"BreadcrumbList","@id":"https:\/\/www.schaukaeserei.ch\/de\/produkt\/geschenkschale-gross-leer\/#breadcrumb","itemListElement":[{"@type":"ListItem","position":1,"name":"Startseite","item":"https:\/\/www.schaukaeserei.ch\/de\/"},{"@type":"ListItem","position":2,"name":"Geschenkpackungen E-Shop","item":"https:\/\/www.schaukaeserei.ch\/de\/geschenkpackungen-e-shop\/"},{"@type":"ListItem","position":3,"name":"Geschenkschale gross"}]},{"@type":"WebSite","@id":"https:\/\/www.schaukaeserei.ch\/de\/#website","url":"https:\/\/www.schaukaeserei.ch\/de\/","name":"Appenzeller Schauk\u00e4serei","description":"Entdecken Sie den geheimnisvollen Appenzeller K\u00e4se","potentialAction":[{"@type":"SearchAction","target":{"@type":"EntryPoint","urlTemplate":"https:\/\/www.schaukaeserei.ch\/de\/?s={search_term_string}"},"query-input":{"@type":"PropertyValueSpecification","valueRequired":true,"valueName":"search_term_string"}}],"inLanguage":"de"}]}},"publishpress_future_workflow_manual_trigger":{"enabledWorkflows":[]},"_links":{"self":[{"href":"https:\/\/www.schaukaeserei.ch\/de\/wp-json\/wp\/v2\/product\/6347","targetHints":{"allow":["GET"]}}],"collection":[{"href":"https:\/\/www.schaukaeserei.ch\/de\/wp-json\/wp\/v2\/product"}],"about":[{"href":"https:\/\/www.schaukaeserei.ch\/de\/wp-json\/wp\/v2\/types\/product"}],"wp:featuredmedia":[{"embeddable":true,"href":"https:\/\/www.schaukaeserei.ch\/de\/wp-json\/wp\/v2\/media\/6348"}],"wp:attachment":[{"href":"https:\/\/www.schaukaeserei.ch\/de\/wp-json\/wp\/v2\/media?parent=6347"}],"wp:term":[{"taxonomy":"product_brand","embeddable":true,"href":"https:\/\/www.schaukaeserei.ch\/de\/wp-json\/wp\/v2\/product_brand?post=6347"},{"taxonomy":"product_cat","embeddable":true,"href":"https:\/\/www.schaukaeserei.ch\/de\/wp-json\/wp\/v2\/product_cat?post=6347"},{"taxonomy":"product_tag","embeddable":true,"href":"https:\/\/www.schaukaeserei.ch\/de\/wp-json\/wp\/v2\/product_tag?post=6347"}],"curies":[{"name":"wp","href":"https:\/\/api.w.org\/{rel}","templated":true}]}}