{"id":8883,"date":"2025-02-04T10:08:02","date_gmt":"2025-02-04T09:08:02","guid":{"rendered":"https:\/\/www.schaukaeserei.ch\/?post_type=product&#038;p=8883"},"modified":"2025-10-02T17:21:00","modified_gmt":"2025-10-02T15:21:00","slug":"chili-fondue","status":"publish","type":"product","link":"https:\/\/www.schaukaeserei.ch\/de\/produkt\/chili-fondue\/","title":{"rendered":"Chili-Fondue"},"content":{"rendered":"<h4>Bitte beachten Sie folgende Informationen<\/h4>\n<ul>\n<li>Versand von Montag bis Mittwoch (Post Priority 24\u201348 Std.), nur innerhalb der Schweiz<\/li>\n<li>Das Porto f\u00fcr den Versand ist nicht im Produktepreis inbegriffen<\/li>\n<li>Geschenke m\u00fcssen gek\u00fchlt (max. 5\u00b0C) gelagert werden, ungek\u00fchlt sind sie max. 48 Std. haltbar<\/li>\n<li>Datierung K\u00e4se max. 3 Wochen nach Abpackung<\/li>\n<li>Die maximale Produkteanzahl betr\u00e4gt 10 St\u00fcck pro Bestellung. F\u00fcr gr\u00f6ssere Mengen senden Sie uns bitte eine Anfrage an <a href=\"mailto:shop@schaukaeserei.ch\">shop@schaukaeserei.ch<\/a>.<\/li>\n<li>Vorbestellung bei gr\u00f6sseren Mengen (ab 20 Stk.) mindesten 10 Tage im Voraus<\/li>\n<li>Versandadministration bei Grossversand an Einzelempf\u00e4nger, Verrechnung nach Aufwand<\/li>\n<li>Erstellung von Grusskarten, Verrechnung nach Aufwand<\/li>\n<li>Von Ihnen gestaltete und uns zugestellte Grusskarten legen wir gerne kostenlos den Geschenkpackungen bei<\/li>\n<\/ul>\n","protected":false},"excerpt":{"rendered":"<ul>\n<li>Chili-Fondue 600g (2 Personen)<\/li>\n<\/ul>\n","protected":false},"featured_media":10885,"template":"","meta":{"_links_to":"","_links_to_target":""},"product_brand":[],"product_cat":[74],"product_tag":[],"class_list":{"0":"post-8883","1":"product","2":"type-product","3":"status-publish","4":"has-post-thumbnail","6":"product_cat-geschenkpackungen","7":"product_shipping_class-bis-2kg","9":"first","10":"instock","11":"shipping-taxable","12":"purchasable","13":"product-type-simple"},"yoast_head":"<!-- This site is optimized with the Yoast SEO plugin v27.4 - https:\/\/yoast.com\/product\/yoast-seo-wordpress\/ -->\n<title>Chili-Fondue &#8211; Appenzeller Schauk\u00e4serei<\/title>\n<meta name=\"robots\" content=\"index, follow, max-snippet:-1, max-image-preview:large, max-video-preview:-1\" \/>\n<link rel=\"canonical\" href=\"https:\/\/www.schaukaeserei.ch\/de\/produkt\/chili-fondue\/\" \/>\n<meta property=\"og:locale\" content=\"de_DE\" \/>\n<meta property=\"og:type\" content=\"article\" \/>\n<meta property=\"og:title\" content=\"Chili-Fondue &#8211; Appenzeller Schauk\u00e4serei\" \/>\n<meta property=\"og:description\" content=\"Chili-Fondue 600g (2 Personen)\" \/>\n<meta property=\"og:url\" content=\"https:\/\/www.schaukaeserei.ch\/de\/produkt\/chili-fondue\/\" \/>\n<meta property=\"og:site_name\" content=\"Appenzeller Schauk\u00e4serei\" \/>\n<meta property=\"article:modified_time\" content=\"2025-10-02T15:21:00+00:00\" \/>\n<meta property=\"og:image\" content=\"https:\/\/www.schaukaeserei.ch\/wp-content\/uploads\/2025\/02\/E-Shop-Bilder-7-1024x682.png\" \/>\n\t<meta property=\"og:image:width\" content=\"1024\" \/>\n\t<meta property=\"og:image:height\" content=\"682\" \/>\n\t<meta property=\"og:image:type\" content=\"image\/png\" \/>\n<meta name=\"twitter:card\" content=\"summary_large_image\" \/>\n<meta name=\"twitter:label1\" content=\"Gesch\u00e4tzte Lesezeit\" \/>\n\t<meta name=\"twitter:data1\" content=\"1\u00a0Minute\" \/>\n<script type=\"application\/ld+json\" class=\"yoast-schema-graph\">{\"@context\":\"https:\\\/\\\/schema.org\",\"@graph\":[{\"@type\":\"WebPage\",\"@id\":\"https:\\\/\\\/www.schaukaeserei.ch\\\/de\\\/produkt\\\/chili-fondue\\\/\",\"url\":\"https:\\\/\\\/www.schaukaeserei.ch\\\/de\\\/produkt\\\/chili-fondue\\\/\",\"name\":\"Chili-Fondue &#8211; Appenzeller Schauk\u00e4serei\",\"isPartOf\":{\"@id\":\"https:\\\/\\\/www.schaukaeserei.ch\\\/de\\\/#website\"},\"primaryImageOfPage\":{\"@id\":\"https:\\\/\\\/www.schaukaeserei.ch\\\/de\\\/produkt\\\/chili-fondue\\\/#primaryimage\"},\"image\":{\"@id\":\"https:\\\/\\\/www.schaukaeserei.ch\\\/de\\\/produkt\\\/chili-fondue\\\/#primaryimage\"},\"thumbnailUrl\":\"https:\\\/\\\/www.schaukaeserei.ch\\\/wp-content\\\/uploads\\\/2025\\\/02\\\/E-Shop-Bilder-7.png\",\"datePublished\":\"2025-02-04T09:08:02+00:00\",\"dateModified\":\"2025-10-02T15:21:00+00:00\",\"breadcrumb\":{\"@id\":\"https:\\\/\\\/www.schaukaeserei.ch\\\/de\\\/produkt\\\/chili-fondue\\\/#breadcrumb\"},\"inLanguage\":\"de\",\"potentialAction\":[{\"@type\":\"ReadAction\",\"target\":[\"https:\\\/\\\/www.schaukaeserei.ch\\\/de\\\/produkt\\\/chili-fondue\\\/\"]}]},{\"@type\":\"ImageObject\",\"inLanguage\":\"de\",\"@id\":\"https:\\\/\\\/www.schaukaeserei.ch\\\/de\\\/produkt\\\/chili-fondue\\\/#primaryimage\",\"url\":\"https:\\\/\\\/www.schaukaeserei.ch\\\/wp-content\\\/uploads\\\/2025\\\/02\\\/E-Shop-Bilder-7.png\",\"contentUrl\":\"https:\\\/\\\/www.schaukaeserei.ch\\\/wp-content\\\/uploads\\\/2025\\\/02\\\/E-Shop-Bilder-7.png\",\"width\":2560,\"height\":1706},{\"@type\":\"BreadcrumbList\",\"@id\":\"https:\\\/\\\/www.schaukaeserei.ch\\\/de\\\/produkt\\\/chili-fondue\\\/#breadcrumb\",\"itemListElement\":[{\"@type\":\"ListItem\",\"position\":1,\"name\":\"Startseite\",\"item\":\"https:\\\/\\\/www.schaukaeserei.ch\\\/de\\\/\"},{\"@type\":\"ListItem\",\"position\":2,\"name\":\"Geschenkpackungen E-Shop\",\"item\":\"https:\\\/\\\/www.schaukaeserei.ch\\\/de\\\/geschenkpackungen-e-shop\\\/\"},{\"@type\":\"ListItem\",\"position\":3,\"name\":\"Chili-Fondue\"}]},{\"@type\":\"WebSite\",\"@id\":\"https:\\\/\\\/www.schaukaeserei.ch\\\/de\\\/#website\",\"url\":\"https:\\\/\\\/www.schaukaeserei.ch\\\/de\\\/\",\"name\":\"Appenzeller Schauk\u00e4serei\",\"description\":\"Entdecken Sie den geheimnisvollen Appenzeller K\u00e4se\",\"potentialAction\":[{\"@type\":\"SearchAction\",\"target\":{\"@type\":\"EntryPoint\",\"urlTemplate\":\"https:\\\/\\\/www.schaukaeserei.ch\\\/de\\\/?s={search_term_string}\"},\"query-input\":{\"@type\":\"PropertyValueSpecification\",\"valueRequired\":true,\"valueName\":\"search_term_string\"}}],\"inLanguage\":\"de\"}]}<\/script>\n<!-- \/ Yoast SEO plugin. -->","yoast_head_json":{"title":"Chili-Fondue &#8211; Appenzeller Schauk\u00e4serei","robots":{"index":"index","follow":"follow","max-snippet":"max-snippet:-1","max-image-preview":"max-image-preview:large","max-video-preview":"max-video-preview:-1"},"canonical":"https:\/\/www.schaukaeserei.ch\/de\/produkt\/chili-fondue\/","og_locale":"de_DE","og_type":"article","og_title":"Chili-Fondue &#8211; Appenzeller Schauk\u00e4serei","og_description":"Chili-Fondue 600g (2 Personen)","og_url":"https:\/\/www.schaukaeserei.ch\/de\/produkt\/chili-fondue\/","og_site_name":"Appenzeller Schauk\u00e4serei","article_modified_time":"2025-10-02T15:21:00+00:00","og_image":[{"width":1024,"height":682,"url":"https:\/\/www.schaukaeserei.ch\/wp-content\/uploads\/2025\/02\/E-Shop-Bilder-7-1024x682.png","type":"image\/png"}],"twitter_card":"summary_large_image","twitter_misc":{"Gesch\u00e4tzte Lesezeit":"1\u00a0Minute"},"schema":{"@context":"https:\/\/schema.org","@graph":[{"@type":"WebPage","@id":"https:\/\/www.schaukaeserei.ch\/de\/produkt\/chili-fondue\/","url":"https:\/\/www.schaukaeserei.ch\/de\/produkt\/chili-fondue\/","name":"Chili-Fondue &#8211; Appenzeller Schauk\u00e4serei","isPartOf":{"@id":"https:\/\/www.schaukaeserei.ch\/de\/#website"},"primaryImageOfPage":{"@id":"https:\/\/www.schaukaeserei.ch\/de\/produkt\/chili-fondue\/#primaryimage"},"image":{"@id":"https:\/\/www.schaukaeserei.ch\/de\/produkt\/chili-fondue\/#primaryimage"},"thumbnailUrl":"https:\/\/www.schaukaeserei.ch\/wp-content\/uploads\/2025\/02\/E-Shop-Bilder-7.png","datePublished":"2025-02-04T09:08:02+00:00","dateModified":"2025-10-02T15:21:00+00:00","breadcrumb":{"@id":"https:\/\/www.schaukaeserei.ch\/de\/produkt\/chili-fondue\/#breadcrumb"},"inLanguage":"de","potentialAction":[{"@type":"ReadAction","target":["https:\/\/www.schaukaeserei.ch\/de\/produkt\/chili-fondue\/"]}]},{"@type":"ImageObject","inLanguage":"de","@id":"https:\/\/www.schaukaeserei.ch\/de\/produkt\/chili-fondue\/#primaryimage","url":"https:\/\/www.schaukaeserei.ch\/wp-content\/uploads\/2025\/02\/E-Shop-Bilder-7.png","contentUrl":"https:\/\/www.schaukaeserei.ch\/wp-content\/uploads\/2025\/02\/E-Shop-Bilder-7.png","width":2560,"height":1706},{"@type":"BreadcrumbList","@id":"https:\/\/www.schaukaeserei.ch\/de\/produkt\/chili-fondue\/#breadcrumb","itemListElement":[{"@type":"ListItem","position":1,"name":"Startseite","item":"https:\/\/www.schaukaeserei.ch\/de\/"},{"@type":"ListItem","position":2,"name":"Geschenkpackungen E-Shop","item":"https:\/\/www.schaukaeserei.ch\/de\/geschenkpackungen-e-shop\/"},{"@type":"ListItem","position":3,"name":"Chili-Fondue"}]},{"@type":"WebSite","@id":"https:\/\/www.schaukaeserei.ch\/de\/#website","url":"https:\/\/www.schaukaeserei.ch\/de\/","name":"Appenzeller Schauk\u00e4serei","description":"Entdecken Sie den geheimnisvollen Appenzeller K\u00e4se","potentialAction":[{"@type":"SearchAction","target":{"@type":"EntryPoint","urlTemplate":"https:\/\/www.schaukaeserei.ch\/de\/?s={search_term_string}"},"query-input":{"@type":"PropertyValueSpecification","valueRequired":true,"valueName":"search_term_string"}}],"inLanguage":"de"}]}},"publishpress_future_workflow_manual_trigger":{"enabledWorkflows":[]},"_links":{"self":[{"href":"https:\/\/www.schaukaeserei.ch\/de\/wp-json\/wp\/v2\/product\/8883","targetHints":{"allow":["GET"]}}],"collection":[{"href":"https:\/\/www.schaukaeserei.ch\/de\/wp-json\/wp\/v2\/product"}],"about":[{"href":"https:\/\/www.schaukaeserei.ch\/de\/wp-json\/wp\/v2\/types\/product"}],"wp:featuredmedia":[{"embeddable":true,"href":"https:\/\/www.schaukaeserei.ch\/de\/wp-json\/wp\/v2\/media\/10885"}],"wp:attachment":[{"href":"https:\/\/www.schaukaeserei.ch\/de\/wp-json\/wp\/v2\/media?parent=8883"}],"wp:term":[{"taxonomy":"product_brand","embeddable":true,"href":"https:\/\/www.schaukaeserei.ch\/de\/wp-json\/wp\/v2\/product_brand?post=8883"},{"taxonomy":"product_cat","embeddable":true,"href":"https:\/\/www.schaukaeserei.ch\/de\/wp-json\/wp\/v2\/product_cat?post=8883"},{"taxonomy":"product_tag","embeddable":true,"href":"https:\/\/www.schaukaeserei.ch\/de\/wp-json\/wp\/v2\/product_tag?post=8883"}],"curies":[{"name":"wp","href":"https:\/\/api.w.org\/{rel}","templated":true}]}}