{"id":3376,"date":"2019-09-05T07:54:16","date_gmt":"2019-09-05T07:54:16","guid":{"rendered":"https:\/\/www.schaukaeserei.ch\/impressum\/"},"modified":"2021-07-27T14:27:29","modified_gmt":"2021-07-27T12:27:29","slug":"mentions-legales","status":"publish","type":"page","link":"https:\/\/www.schaukaeserei.ch\/fr\/mentions-legales\/","title":{"rendered":"Mentions l\u00e9gales"},"content":{"rendered":"<div class=\"wpb-content-wrapper\"><p>[vc_row row_height_percent=\u00a0\u00bb0&Prime; override_padding=\u00a0\u00bbyes\u00a0\u00bb h_padding=\u00a0\u00bb2&Prime; top_padding=\u00a0\u00bb3&Prime; bottom_padding=\u00a0\u00bb2&Prime; overlay_alpha=\u00a0\u00bb50&Prime; gutter_size=\u00a0\u00bb3&Prime; column_width_percent=\u00a0\u00bb100&Prime; shift_y=\u00a0\u00bb0&Prime; z_index=\u00a0\u00bb0&Prime;][vc_column width=\u00a0\u00bb1\/2&Prime;][vc_column_text]<\/p>\n<h3>Responsable<br \/>\ndu contenu<br \/>\ndu site internet<\/h3>\n<p><strong>Appenzeller Schauk\u00e4serei AG<\/strong><br \/>\nDorf 711<br \/>\nCH &#8211; 9063 Stein<br \/>\nTel. +41 (0)71 368 50 70<br \/>\nFax +41 (0)71 368 50 75<br \/>\n<a href=\"mailto:info@schaukaeserei.ch\">info@schaukaeserei.ch<\/a>[\/vc_column_text][vc_column_text]<strong>Coordonn\u00e9es bancaires: <\/strong><br \/>\nAppenzeller Kantonalbank, CH-9050 Appenzell<br \/>\nIBAN: CH 97 0076 3601 0330 8521 8<br \/>\nBLZ: 763<br \/>\nSwift-Code: AIKACH22[\/vc_column_text][\/vc_column][vc_column width=\u00a0\u00bb1\/2&Prime;][vc_column_text]<\/p>\n<h3>Conception, design<br \/>\net r\u00e9alisation technique<br \/>\ndu site internet<\/h3>\n<p><strong>DACHCOM.CH AG<\/strong><br \/>\nCommunication LSA<br \/>\nLagerplatz 21<br \/>\nCH-8400 Winterthur<br \/>\nTel: +41 (0)52 245 06 60<br \/>\n<a href=\"mailto:info@dachcom.ch\">info@dachcom.ch<\/a>[\/vc_column_text][\/vc_column][\/vc_row][vc_row row_height_percent=\u00a0\u00bb0&Prime; override_padding=\u00a0\u00bbyes\u00a0\u00bb h_padding=\u00a0\u00bb2&Prime; top_padding=\u00a0\u00bb2&Prime; bottom_padding=\u00a0\u00bb3&Prime; overlay_alpha=\u00a0\u00bb50&Prime; gutter_size=\u00a0\u00bb3&Prime; column_width_percent=\u00a0\u00bb100&Prime; shift_y=\u00a0\u00bb0&Prime; z_index=\u00a0\u00bb0&Prime;][vc_column width=\u00a0\u00bb1\/1&Prime;][vc_column_text]<\/p>\n<h3>Mentions l\u00e9gales<\/h3>\n<p><strong>Relations commerciales avec des tiers<br \/>\n<\/strong>Notre site internet et notre newsletter contiennent des liens vers d\u2019autres sites internet. Nous n\u2019avons aucune influence sur la mani\u00e8re dont les administrateurs de ces sites internet li\u00e9s traitent les informations communiqu\u00e9es sur ces pages. Si vous avez des questions, veuillez contacter directement ces tiers. Nous ne sommes pas responsables du respect des r\u00e8gles de protection des donn\u00e9es ou du contenu de ces sites.<\/p>\n<p><strong>Aucune offre ferme et d\u00e9finitive<br \/>\n<\/strong>En principe, aucun \u00e9l\u00e9ment du site de l\u2019Appenzeller Schauk\u00e4serei AG n\u2019est assimilable \u00e0 une offre ferme et d\u00e9finitive faite \u00e0 une visiteuse ou un visiteur du site ou \u00e0 une lectrice ou \u00e0 un lecteur de notre newsletter. Les prix ou les offres peuvent \u00e0 tout moment contenir des erreurs ou \u00eatre incomplets. Nous sommes toujours pr\u00eats \u00e0 vous soumettre une offre ferme et d\u00e9finitive si vous nous contactez sous info(at)schaukaeserei.ch ou appelez le +\u00a041\u00a0(0)71\u00a0368\u00a050\u00a070.<\/p>\n<p><strong>Responsabilit\u00e9<br \/>\n<\/strong>L\u2019Appenzeller Schauk\u00e4serei AG rejette toute responsabilit\u00e9 pour des informations consultables sur ou par le biais du site internet.<br \/>\nL\u2019Appenzeller Schauk\u00e4serei AG n\u2019exerce pas le moindre contr\u00f4le sur les informations stock\u00e9es sur des serveurs externes, des serveurs accessibles au grand public, Usenet, serveurs de news, forums de discussion ou de chat etc.<br \/>\nLes informations du site internet de l\u2019Appenzeller Schauk\u00e4serei AG peuvent \u00eatre modifi\u00e9es \u00e0 tout moment. L\u2019Appenzeller Schauk\u00e4serei AG ne peut garantir que ces informations soient exhaustives ou \u00e0 jour. Leur utilisation se fait aux risques des visiteuses et visiteurs du site.<\/p>\n<p><strong>Droit de propri\u00e9t\u00e9 intellectuelle<br \/>\n<\/strong>Toutes les informations et illustrations consultables sur le site internet sont prot\u00e9g\u00e9es par des droits de l\u2019auteur et leur utilisation \u00e0 des fins commerciales est uniquement autoris\u00e9e avec le consentement du titulaire des droits (l\u2019Appenzeller Schauk\u00e4serei AG).<\/p>\n<p><strong>Google Analytics<br \/>\n<\/strong>Ce site internet utilise Google Analytics, un service d\u2019analyse de site internet propos\u00e9 par Google Inc. Google Analytics utilise des fichiers textes appel\u00e9s des \u00ab\u00a0cookies\u00a0\u00bb, stock\u00e9s sur votre ordinateur et qui nous permet d\u2019analyser la mani\u00e8re dont vous utilisez le site internet. Les informations g\u00e9n\u00e9r\u00e9es par le cookie sur la mani\u00e8re dont vous utilisez ce site internet (y compris votre adresse IP) sont transf\u00e9r\u00e9es \u00e0 un serveur de Google aux USA o\u00f9 elles sont stock\u00e9es. Google utilisera ces informations pour exploiter votre utilisation du site internet, pour \u00e9laborer des rapports \u00e0 l\u2019attention des administrateurs de sites sur les activit\u00e9s sur le site internet et pour fournir d\u2019autres prestations de services li\u00e9es \u00e0 l\u2019utilisation du site internet ou d\u2019internet en g\u00e9n\u00e9ral. De m\u00eame, Google va \u00e9ventuellement transf\u00e9rer ces informations \u00e0 des tiers, dans la mesure o\u00f9 la loi l\u2019impose ou dans la mesure o\u00f9 des tiers traitent ces donn\u00e9es \u00e0 la demande de Google. Google ne mettra en aucun cas votre adresse IP en relation avec d\u2019autres donn\u00e9es stock\u00e9es par Google. Vous pouvez emp\u00eacher l\u2019installation des cookies en param\u00e9trant votre navigateur en cons\u00e9quence\u00a0; nous vous rendons cependant attentif au fait que vous ne pourrez \u00e9ventuellement pas utiliser la totalit\u00e9 des fonctionnalit\u00e9s du pr\u00e9sent site internet. En utilisant ce site internet, vous consentez au traitement de vos donn\u00e9es personnelles collect\u00e9es par Google, conform\u00e9ment \u00e0 la mani\u00e8re pr\u00e9c\u00e9demment d\u00e9crite et pour remplir les objectifs pr\u00e9c\u00e9demment expos\u00e9s.<\/p>\n<p>Vous obtiendrez de plus amples informations aupr\u00e8s de l\u2019administrateur du site internet et du courrier \u00e9lectronique sous info(at)schaukaeserei.ch ou par t\u00e9l\u00e9phone au +\u00a041\u00a0(0)71\u00a0368\u00a050\u00a070<\/p>\n<p>Copyright \u00a9 2019 Appenzeller Schauk\u00e4serei AG \u2013 Tous droits r\u00e9serv\u00e9s[\/vc_column_text][\/vc_column][\/vc_row]<\/p>\n<\/div>","protected":false},"excerpt":{"rendered":"<p>[vc_row row_height_percent=\u00a0\u00bb0&Prime; override_padding=\u00a0\u00bbyes\u00a0\u00bb h_padding=\u00a0\u00bb2&Prime; top_padding=\u00a0\u00bb3&Prime; bottom_padding=\u00a0\u00bb2&Prime; overlay_alpha=\u00a0\u00bb50&Prime; gutter_size=\u00a0\u00bb3&Prime; column_width_percent=\u00a0\u00bb100&Prime; shift_y=\u00a0\u00bb0&Prime; z_index=\u00a0\u00bb0&Prime;][vc_column width=\u00a0\u00bb1\/2&Prime;][vc_column_text] Responsable du contenu du site internet Appenzeller Schauk\u00e4serei [&hellip;]<\/p>\n","protected":false},"author":1,"featured_media":0,"parent":0,"menu_order":105,"comment_status":"closed","ping_status":"closed","template":"","meta":{"footnotes":"","_links_to":"","_links_to_target":""},"class_list":["post-3376","page","type-page","status-publish","hentry"],"yoast_head":"<!-- This site is optimized with the Yoast SEO plugin v27.3 - https:\/\/yoast.com\/product\/yoast-seo-wordpress\/ -->\n<title>Mentions l\u00e9gales &#8211; Appenzeller Schauk\u00e4serei<\/title>\n<meta name=\"robots\" content=\"index, follow, max-snippet:-1, max-image-preview:large, max-video-preview:-1\" \/>\n<link rel=\"canonical\" href=\"https:\/\/www.schaukaeserei.ch\/fr\/mentions-legales\/\" \/>\n<meta property=\"og:locale\" content=\"fr_FR\" \/>\n<meta property=\"og:type\" content=\"article\" \/>\n<meta property=\"og:title\" content=\"Mentions l\u00e9gales &#8211; Appenzeller Schauk\u00e4serei\" \/>\n<meta property=\"og:description\" content=\"[vc_row row_height_percent=\u00a0\u00bb0&Prime; override_padding=\u00a0\u00bbyes\u00a0\u00bb h_padding=\u00a0\u00bb2&Prime; top_padding=\u00a0\u00bb3&Prime; bottom_padding=\u00a0\u00bb2&Prime; overlay_alpha=\u00a0\u00bb50&Prime; gutter_size=\u00a0\u00bb3&Prime; column_width_percent=\u00a0\u00bb100&Prime; shift_y=\u00a0\u00bb0&Prime; z_index=\u00a0\u00bb0&Prime;][vc_column width=\u00a0\u00bb1\/2&Prime;][vc_column_text] Responsable du contenu du site internet Appenzeller Schauk\u00e4serei [&hellip;]\" \/>\n<meta property=\"og:url\" content=\"https:\/\/www.schaukaeserei.ch\/fr\/mentions-legales\/\" \/>\n<meta property=\"og:site_name\" content=\"Appenzeller Schauk\u00e4serei\" \/>\n<meta property=\"article:modified_time\" content=\"2021-07-27T12:27:29+00:00\" \/>\n<meta property=\"og:image\" content=\"https:\/\/www.schaukaeserei.ch\/wp-content\/uploads\/2021\/04\/logo_appenzeller_schaukaeserei@2x.png\" \/>\n\t<meta property=\"og:image:width\" content=\"610\" \/>\n\t<meta property=\"og:image:height\" content=\"202\" \/>\n\t<meta property=\"og:image:type\" content=\"image\/png\" \/>\n<meta name=\"twitter:card\" content=\"summary_large_image\" \/>\n<meta name=\"twitter:label1\" content=\"Dur\u00e9e de lecture estim\u00e9e\" \/>\n\t<meta name=\"twitter:data1\" content=\"3 minutes\" \/>\n<script type=\"application\/ld+json\" class=\"yoast-schema-graph\">{\"@context\":\"https:\\\/\\\/schema.org\",\"@graph\":[{\"@type\":\"WebPage\",\"@id\":\"https:\\\/\\\/www.schaukaeserei.ch\\\/fr\\\/mentions-legales\\\/\",\"url\":\"https:\\\/\\\/www.schaukaeserei.ch\\\/fr\\\/mentions-legales\\\/\",\"name\":\"Mentions l\u00e9gales &#8211; Appenzeller Schauk\u00e4serei\",\"isPartOf\":{\"@id\":\"https:\\\/\\\/www.schaukaeserei.ch\\\/fr\\\/#website\"},\"datePublished\":\"2019-09-05T07:54:16+00:00\",\"dateModified\":\"2021-07-27T12:27:29+00:00\",\"breadcrumb\":{\"@id\":\"https:\\\/\\\/www.schaukaeserei.ch\\\/fr\\\/mentions-legales\\\/#breadcrumb\"},\"inLanguage\":\"fr-FR\",\"potentialAction\":[{\"@type\":\"ReadAction\",\"target\":[\"https:\\\/\\\/www.schaukaeserei.ch\\\/fr\\\/mentions-legales\\\/\"]}]},{\"@type\":\"BreadcrumbList\",\"@id\":\"https:\\\/\\\/www.schaukaeserei.ch\\\/fr\\\/mentions-legales\\\/#breadcrumb\",\"itemListElement\":[{\"@type\":\"ListItem\",\"position\":1,\"name\":\"Startseite\",\"item\":\"https:\\\/\\\/www.schaukaeserei.ch\\\/fr\\\/\"},{\"@type\":\"ListItem\",\"position\":2,\"name\":\"Mentions l\u00e9gales\"}]},{\"@type\":\"WebSite\",\"@id\":\"https:\\\/\\\/www.schaukaeserei.ch\\\/fr\\\/#website\",\"url\":\"https:\\\/\\\/www.schaukaeserei.ch\\\/fr\\\/\",\"name\":\"Appenzeller Schauk\u00e4serei\",\"description\":\"Entdecken Sie den geheimnisvollen Appenzeller K\u00e4se\",\"potentialAction\":[{\"@type\":\"SearchAction\",\"target\":{\"@type\":\"EntryPoint\",\"urlTemplate\":\"https:\\\/\\\/www.schaukaeserei.ch\\\/fr\\\/?s={search_term_string}\"},\"query-input\":{\"@type\":\"PropertyValueSpecification\",\"valueRequired\":true,\"valueName\":\"search_term_string\"}}],\"inLanguage\":\"fr-FR\"}]}<\/script>\n<!-- \/ Yoast SEO plugin. -->","yoast_head_json":{"title":"Mentions l\u00e9gales &#8211; Appenzeller Schauk\u00e4serei","robots":{"index":"index","follow":"follow","max-snippet":"max-snippet:-1","max-image-preview":"max-image-preview:large","max-video-preview":"max-video-preview:-1"},"canonical":"https:\/\/www.schaukaeserei.ch\/fr\/mentions-legales\/","og_locale":"fr_FR","og_type":"article","og_title":"Mentions l\u00e9gales &#8211; Appenzeller Schauk\u00e4serei","og_description":"[vc_row row_height_percent=\u00a0\u00bb0&Prime; override_padding=\u00a0\u00bbyes\u00a0\u00bb h_padding=\u00a0\u00bb2&Prime; top_padding=\u00a0\u00bb3&Prime; bottom_padding=\u00a0\u00bb2&Prime; overlay_alpha=\u00a0\u00bb50&Prime; gutter_size=\u00a0\u00bb3&Prime; column_width_percent=\u00a0\u00bb100&Prime; shift_y=\u00a0\u00bb0&Prime; z_index=\u00a0\u00bb0&Prime;][vc_column width=\u00a0\u00bb1\/2&Prime;][vc_column_text] Responsable du contenu du site internet Appenzeller Schauk\u00e4serei [&hellip;]","og_url":"https:\/\/www.schaukaeserei.ch\/fr\/mentions-legales\/","og_site_name":"Appenzeller Schauk\u00e4serei","article_modified_time":"2021-07-27T12:27:29+00:00","og_image":[{"width":610,"height":202,"url":"https:\/\/www.schaukaeserei.ch\/wp-content\/uploads\/2021\/04\/logo_appenzeller_schaukaeserei@2x.png","type":"image\/png"}],"twitter_card":"summary_large_image","twitter_misc":{"Dur\u00e9e de lecture estim\u00e9e":"3 minutes"},"schema":{"@context":"https:\/\/schema.org","@graph":[{"@type":"WebPage","@id":"https:\/\/www.schaukaeserei.ch\/fr\/mentions-legales\/","url":"https:\/\/www.schaukaeserei.ch\/fr\/mentions-legales\/","name":"Mentions l\u00e9gales &#8211; Appenzeller Schauk\u00e4serei","isPartOf":{"@id":"https:\/\/www.schaukaeserei.ch\/fr\/#website"},"datePublished":"2019-09-05T07:54:16+00:00","dateModified":"2021-07-27T12:27:29+00:00","breadcrumb":{"@id":"https:\/\/www.schaukaeserei.ch\/fr\/mentions-legales\/#breadcrumb"},"inLanguage":"fr-FR","potentialAction":[{"@type":"ReadAction","target":["https:\/\/www.schaukaeserei.ch\/fr\/mentions-legales\/"]}]},{"@type":"BreadcrumbList","@id":"https:\/\/www.schaukaeserei.ch\/fr\/mentions-legales\/#breadcrumb","itemListElement":[{"@type":"ListItem","position":1,"name":"Startseite","item":"https:\/\/www.schaukaeserei.ch\/fr\/"},{"@type":"ListItem","position":2,"name":"Mentions l\u00e9gales"}]},{"@type":"WebSite","@id":"https:\/\/www.schaukaeserei.ch\/fr\/#website","url":"https:\/\/www.schaukaeserei.ch\/fr\/","name":"Appenzeller Schauk\u00e4serei","description":"Entdecken Sie den geheimnisvollen Appenzeller K\u00e4se","potentialAction":[{"@type":"SearchAction","target":{"@type":"EntryPoint","urlTemplate":"https:\/\/www.schaukaeserei.ch\/fr\/?s={search_term_string}"},"query-input":{"@type":"PropertyValueSpecification","valueRequired":true,"valueName":"search_term_string"}}],"inLanguage":"fr-FR"}]}},"publishpress_future_workflow_manual_trigger":{"enabledWorkflows":[]},"_links":{"self":[{"href":"https:\/\/www.schaukaeserei.ch\/fr\/wp-json\/wp\/v2\/pages\/3376","targetHints":{"allow":["GET"]}}],"collection":[{"href":"https:\/\/www.schaukaeserei.ch\/fr\/wp-json\/wp\/v2\/pages"}],"about":[{"href":"https:\/\/www.schaukaeserei.ch\/fr\/wp-json\/wp\/v2\/types\/page"}],"author":[{"embeddable":true,"href":"https:\/\/www.schaukaeserei.ch\/fr\/wp-json\/wp\/v2\/users\/1"}],"replies":[{"embeddable":true,"href":"https:\/\/www.schaukaeserei.ch\/fr\/wp-json\/wp\/v2\/comments?post=3376"}],"version-history":[{"count":3,"href":"https:\/\/www.schaukaeserei.ch\/fr\/wp-json\/wp\/v2\/pages\/3376\/revisions"}],"predecessor-version":[{"id":3636,"href":"https:\/\/www.schaukaeserei.ch\/fr\/wp-json\/wp\/v2\/pages\/3376\/revisions\/3636"}],"wp:attachment":[{"href":"https:\/\/www.schaukaeserei.ch\/fr\/wp-json\/wp\/v2\/media?parent=3376"}],"curies":[{"name":"wp","href":"https:\/\/api.w.org\/{rel}","templated":true}]}}